{"id":728283,"date":"2025-08-27T20:36:42","date_gmt":"2025-08-27T17:36:42","guid":{"rendered":"https:\/\/roveyayinevi.com.tr\/index.php\/urun\/deyimler-ve-atasozleri-oykuleri-5-kitap\/"},"modified":"2026-04-08T02:45:03","modified_gmt":"2026-04-07T23:45:03","slug":"deyimler-ve-atasozleri-oykuleri-5-kitap","status":"publish","type":"product","link":"https:\/\/roveyayinevi.com.tr\/index.php\/urun\/deyimler-ve-atasozleri-oykuleri-5-kitap\/","title":{"rendered":"Deyimler Ve Atas\u00f6zleri \u00d6yk\u00fcleri (5 Kitap)"},"content":{"rendered":"<p>DEY\u0130MLER ve ATAS\u00d6ZLER\u0130 dilimizin en b\u00fcy\u00fck hazineleridir. Uzun deneme ve g\u00f6zlemlere dayan\u0131larak s\u00f6ylenmi\u015f ve halka mal olmu\u015f bu s\u00f6z gruplar\u0131 yaz\u0131lar\u0131m\u0131za ve anlat\u0131mlar\u0131m\u0131za m\u00fcthi\u015f bir renklilik ve canl\u0131l\u0131k katar. Bazen saatlerce anlatmaya \u00e7al\u0131\u015ft\u0131\u011f\u0131m\u0131z duygu ve d\u00fc\u015f\u00fcncelerimizi bir deyim veya atas\u00f6z\u00fc bir anda ifade eder. YILLARCA dilimizde dola\u015fan atas\u00f6zlerin ve deyimlerin kayna\u011f\u0131n\u0131 b\u00fcy\u00fck bir merakla ara\u015ft\u0131rarak ilgin\u00e7 \u00f6yk\u00fclerini derledik. Bu serideki \u00f6yk\u00fcleri sizler de keyifle okuyacaks\u0131n\u0131z.<\/p>\n","protected":false},"excerpt":{"rendered":"<p>DEY\u0130MLER ve ATAS\u00d6ZLER\u0130 dilimizin en b\u00fcy\u00fck hazineleridir. Uzun deneme ve g\u00f6zlemlere dayan\u0131larak s\u00f6ylenmi\u015f ve halka mal olmu\u015f bu s\u00f6z gruplar\u0131 yaz\u0131lar\u0131m\u0131za ve anlat\u0131mlar\u0131m\u0131za m\u00fcthi\u015f bir renklilik<span class=\"excerpt-hellip\"> [\u2026]<\/span><\/p>\n","protected":false},"featured_media":0,"template":"","meta":{"_monsterinsights_skip_tracking":false,"_monsterinsights_sitenote_active":false,"_monsterinsights_sitenote_note":"","_monsterinsights_sitenote_category":0},"product_brand":[],"product_cat":[12291,12711],"product_tag":[],"class_list":{"0":"post-728283","1":"product","2":"type-product","3":"status-publish","5":"product_cat-edebiyat","6":"product_cat-roman-oyku","7":"pa_cilt-set","8":"pa_tur-kitap","9":"pa_yayinevi-ugurbocegi-yayinlari","10":"pa_yazar-ugurbocegi-yayinlari-kolektif","12":"first","13":"instock","14":"sale","15":"shipping-taxable","16":"purchasable","17":"product-type-simple"},"_links":{"self":[{"href":"https:\/\/roveyayinevi.com.tr\/index.php\/wp-json\/wp\/v2\/product\/728283","targetHints":{"allow":["GET"]}}],"collection":[{"href":"https:\/\/roveyayinevi.com.tr\/index.php\/wp-json\/wp\/v2\/product"}],"about":[{"href":"https:\/\/roveyayinevi.com.tr\/index.php\/wp-json\/wp\/v2\/types\/product"}],"wp:attachment":[{"href":"https:\/\/roveyayinevi.com.tr\/index.php\/wp-json\/wp\/v2\/media?parent=728283"}],"wp:term":[{"taxonomy":"product_brand","embeddable":true,"href":"https:\/\/roveyayinevi.com.tr\/index.php\/wp-json\/wp\/v2\/product_brand?post=728283"},{"taxonomy":"product_cat","embeddable":true,"href":"https:\/\/roveyayinevi.com.tr\/index.php\/wp-json\/wp\/v2\/product_cat?post=728283"},{"taxonomy":"product_tag","embeddable":true,"href":"https:\/\/roveyayinevi.com.tr\/index.php\/wp-json\/wp\/v2\/product_tag?post=728283"}],"curies":[{"name":"wp","href":"https:\/\/api.w.org\/{rel}","templated":true}]}}