{"id":728277,"date":"2025-08-27T20:36:36","date_gmt":"2025-08-27T17:36:36","guid":{"rendered":"https:\/\/roveyayinevi.com.tr\/index.php\/urun\/kimsesizler-adasi\/"},"modified":"2026-04-16T02:35:57","modified_gmt":"2026-04-15T23:35:57","slug":"kimsesizler-adasi","status":"publish","type":"product","link":"https:\/\/roveyayinevi.com.tr\/index.php\/urun\/kimsesizler-adasi\/","title":{"rendered":"Kimsesizler Adas\u0131"},"content":{"rendered":"<p>\u201cSize bug\u00fcnk\u00fc New York Times\u2019\u0131n 3. sayfas\u0131ndan bir haber okuyaca\u011f\u0131m. Dinleyin! Ve onlar\u0131 yani d\u00fcnyan\u0131n geri kalan\u0131n\u0131 ne hale getirdi\u011fimizi g\u00f6r\u00fcn. Hem de tek kur\u015fun atmadan! Onlara kar\u015f\u0131 tek bir kuru\u015f para harcamadan, hi\u00e7bir hamle yapamadan. Sadece ger\u00e7ekten insan olman\u0131n gerektirdi\u011fi meziyetleri \u00fcstlenerek ve bundan asla \u00f6d\u00fcn vermeden. Haberde yaz\u0131lanlar\u0131 aynen okuyorum: New York\u2019tan yola \u00e7\u0131kan 30 kadar Amerikan vatanda\u015f\u0131n\u0131 ta\u015f\u0131yan bot, RefugeePolis\u2019e varamadan alabora oldu. Amerikal\u0131lar\u0131n RefugeePolis\u2019e gitmek istemelerini engelleyecek bir sistem kurulamad\u0131k\u00e7a ve s\u0131cak sava\u015f bitmedik\u00e7e daha \u00f6lecek \u00e7ok vatanda\u015f\u0131m\u0131z var. \u015eimdi soru \u015fu: b\u00f6ylesi bir haber neden 3. sayfada yer al\u0131r ki? Bunun man\u015fet olmas\u0131 gerekmiyor muydu? Tabii ki \u00f6yleydi. Ama bu \u00f6len 30 ki\u015fi, \u00f6len ilk 30 ki\u015fi olsayd\u0131 \u00f6yle olacakt\u0131.\u201d   Refugeepolis milyonlarca kimsesize kucak a\u00e7\u0131yor.   Onlar dikenli tel \u00f6rg\u00fcler ard\u0131nda bekletilen, ucuz can yelekleriyle botlara bindirilen, bir \u00fclkeden ba\u015fka bir \u00fclkeye itilen kimsesizler olarak kalmayacak. Kimsesizler i\u00e7in Mr. Nobody\u2019nin dahice bir plan\u0131 var. Tabii \u00f6ncelikle Birle\u015fmi\u015f Milletler\u2019deki 197 \u00fclkenin onay\u0131 gerekiyor. Mr. Nobody\u2019nin ser\u00fcveni de b\u00f6yle ba\u015fl\u0131yor\u2026   \u0130brahim Bak\u0131rhan\u2019\u0131n kaleminden heyecan verici aksiyon sahneleri ve merak duygusunu kam\u00e7\u0131layan yan olay \u00f6rg\u00fcleri ile soluksuz bir roman okuyacaks\u0131n\u0131z. <\/p>\n","protected":false},"excerpt":{"rendered":"<p>\u201cSize bug\u00fcnk\u00fc New York Times\u2019\u0131n 3. sayfas\u0131ndan bir haber okuyaca\u011f\u0131m. Dinleyin! Ve onlar\u0131 yani d\u00fcnyan\u0131n geri kalan\u0131n\u0131 ne hale getirdi\u011fimizi g\u00f6r\u00fcn. Hem de tek kur\u015fun atmadan!<span class=\"excerpt-hellip\"> [\u2026]<\/span><\/p>\n","protected":false},"featured_media":0,"template":"","meta":{"_monsterinsights_skip_tracking":false,"_monsterinsights_sitenote_active":false,"_monsterinsights_sitenote_note":"","_monsterinsights_sitenote_category":0},"product_brand":[],"product_cat":[12291,12711],"product_tag":[],"class_list":{"0":"post-728277","1":"product","2":"type-product","3":"status-publish","5":"product_cat-edebiyat","6":"product_cat-roman-oyku","7":"pa_cilt-ciltsiz","8":"pa_tur-kitap","9":"pa_yayinevi-inkilap-kitabevi","10":"pa_yazar-ibrahim-bakirhan","12":"first","13":"instock","14":"sale","15":"shipping-taxable","16":"purchasable","17":"product-type-simple"},"_links":{"self":[{"href":"https:\/\/roveyayinevi.com.tr\/index.php\/wp-json\/wp\/v2\/product\/728277","targetHints":{"allow":["GET"]}}],"collection":[{"href":"https:\/\/roveyayinevi.com.tr\/index.php\/wp-json\/wp\/v2\/product"}],"about":[{"href":"https:\/\/roveyayinevi.com.tr\/index.php\/wp-json\/wp\/v2\/types\/product"}],"wp:attachment":[{"href":"https:\/\/roveyayinevi.com.tr\/index.php\/wp-json\/wp\/v2\/media?parent=728277"}],"wp:term":[{"taxonomy":"product_brand","embeddable":true,"href":"https:\/\/roveyayinevi.com.tr\/index.php\/wp-json\/wp\/v2\/product_brand?post=728277"},{"taxonomy":"product_cat","embeddable":true,"href":"https:\/\/roveyayinevi.com.tr\/index.php\/wp-json\/wp\/v2\/product_cat?post=728277"},{"taxonomy":"product_tag","embeddable":true,"href":"https:\/\/roveyayinevi.com.tr\/index.php\/wp-json\/wp\/v2\/product_tag?post=728277"}],"curies":[{"name":"wp","href":"https:\/\/api.w.org\/{rel}","templated":true}]}}