{"id":728276,"date":"2025-08-27T20:36:35","date_gmt":"2025-08-27T17:36:35","guid":{"rendered":"https:\/\/roveyayinevi.com.tr\/index.php\/urun\/ataturk-dusunce-dernegi\/"},"modified":"2026-02-03T02:51:56","modified_gmt":"2026-02-02T23:51:56","slug":"ataturk-dusunce-dernegi","status":"publish","type":"product","link":"https:\/\/roveyayinevi.com.tr\/index.php\/urun\/ataturk-dusunce-dernegi\/","title":{"rendered":"Atat\u00fcrk D\u00fc\u015f\u00fcnce Derne\u011fi"},"content":{"rendered":"<p>Eser, etnografya ve sosyoloji disiplinlerine a\u015fina olmayan okuyucular i\u00e7in k\u0131sa ansiklopedik bilgiler ile ba\u015flamaktad\u0131r. I. B\u00f6l\u00fcm\u2019de, etnografik ve sosyolojik ara\u015ft\u0131rman\u0131n terimsel tan\u0131mlar\u0131 verilmi\u015f, bir sivil toplum kurulu\u015funun yap\u0131sal ve k\u00fclt\u00fcrel haritas\u0131n\u0131n bu tan\u0131mlar arac\u0131l\u0131\u011f\u0131 ile nas\u0131l \u00e7izilebilece\u011fi tart\u0131\u015f\u0131lm\u0131\u015ft\u0131r. II. B\u00f6l\u00fcm, demokratik toplumlar\u0131n vazge\u00e7ilmez unsuru olan sivil toplum kurulu\u015flar\u0131n\u0131n sosyolojik i\u015flevlerine de\u011finerek, Almanya\u2019da aktif olarak faaliyet g\u00f6steren baz\u0131 T\u00fcrk derneklerini tan\u0131tmaktad\u0131r. Bunun yan\u0131nda, Dernek Sosyolojisi alan\u0131 i\u00e7inde de\u011ferlendirilebilecek, Alman ve T\u00fcrk akademisyenler taraf\u0131ndan daha \u00f6nce yap\u0131lan \u00e7al\u0131\u015fmalar bu b\u00f6l\u00fcmde zikredilmi\u015ftir. Almanya\u2019da 3000\u2019e yak\u0131n T\u00fcrk derne\u011fi oldu\u011fu tahmin edilmektedir. Bu b\u00f6l\u00fcmde; mensup \u00fcye say\u0131s\u0131, Alman ve T\u00fcrk kamuoyundaki etki g\u00fcc\u00fc, kurumsalla\u015fm\u0131\u015fl\u0131k gibi etkenler g\u00f6z \u00f6n\u00fcnde bulundurularak se\u00e7ilen 11 T\u00fcrk derne\u011fi hakk\u0131nda k\u0131sa ve \u00f6z bilgilere gidilmi\u015ftir. III. B\u00f6l\u00fcm\u2019de, T\u00fcrkiye\u2019deki te\u015fkilat\u00e7\u0131l\u0131k\/dernek\u00e7ilik kavram\u0131 irdelenmi\u015f olup, siyasi ve toplumsal bir reaksiyonun neticesi olarak kuruldu\u011fu telakki edilen T\u00fcrkiye Atat\u00fcrk\u00e7\u00fc D\u00fc\u015f\u00fcnce Dernekleri tan\u0131t\u0131lm\u0131\u015f, daha sonra Almanya\u2019da bu derneklerin te\u015fekk\u00fcl\u00fc ara\u015ft\u0131r\u0131larak, ADD\u2019lerin \u00e7at\u0131 kurumu olarak g\u00f6r\u00fclebilecek 2 birlik\/platform hakk\u0131nda bilgi verilmi\u015ftir. Eserin, g\u00f6zlem, m\u00fclakat ve analiz k\u0131s\u0131mlar\u0131n\u0131 i\u00e7eren ana b\u00f6l\u00fcm\u00fc IV. B\u00f6l\u00fcm olup, bu b\u00f6l\u00fcmde dernek t\u00fcz\u00fc\u011f\u00fcnde yer alan hukuksal tan\u0131mlamalar\u0131n ard\u0131ndan, g\u00f6zlemin yap\u0131ld\u0131\u011f\u0131 tarihlerin g\u00fcncel dernek ba\u015fkan\u0131 ve sekreterinin muhtelif sosyolojik kuramlar \u0131\u015f\u0131\u011f\u0131nda sosyo-karakteristik profili \u00e7\u0131kar\u0131lmaya \u00e7al\u0131\u015f\u0131lm\u0131\u015f ve derinlemesine m\u00fclakat ger\u00e7ekle\u015ftirilen \u00fcyelerden elde edilen veriler \u0131\u015f\u0131\u011f\u0131nda, derne\u011fin fertler taraf\u0131ndan alg\u0131lan\u0131\u015f bi\u00e7imlerinin ayd\u0131nlat\u0131lmas\u0131na gayret edilmi\u015ftir. IV. B\u00f6l\u00fcm, ek olarak derne\u011fin sosyal ve k\u00fclt\u00fcrel organizasyonlar ba\u015fl\u0131\u011f\u0131 alt\u0131nda toplanabilecek olan etkinliklerinin baz\u0131lar\u0131n\u0131 da tan\u0131tm\u0131\u015ft\u0131r. Etkinliklerin zahiri fonksiyonunun yan\u0131nda, \u00f6rt\u00fck olarak ne gibi sosyolojik ve sosyo-psikolojik hassasiyet ve ihtiya\u00e7lara cevap verdi\u011fi incelenmi\u015ftir. Eserin sonu\u00e7 b\u00f6l\u00fcm\u00fcnde, ger\u00e7ekle\u015ftirilen g\u00f6zlem ve analizin k\u0131sa bir \u00f6zeti verilerek, \u00fcyelerden ve konu ile ilgili akademisyenlerden al\u0131nan ele\u015ftirel geri d\u00f6n\u00fc\u015fler \u0131\u015f\u0131\u011f\u0131nda, Almanya\u2019da faaliyet g\u00f6steren ADD\u2019ler i\u00e7in baz\u0131 tavsiyeler dikkate sunulmu\u015ftur. <\/p>\n","protected":false},"excerpt":{"rendered":"<p>Eser, etnografya ve sosyoloji disiplinlerine a\u015fina olmayan okuyucular i\u00e7in k\u0131sa ansiklopedik bilgiler ile ba\u015flamaktad\u0131r. I. B\u00f6l\u00fcm\u2019de, etnografik ve sosyolojik ara\u015ft\u0131rman\u0131n terimsel tan\u0131mlar\u0131 verilmi\u015f, bir sivil toplum<span class=\"excerpt-hellip\"> [\u2026]<\/span><\/p>\n","protected":false},"featured_media":0,"template":"","meta":{"_monsterinsights_skip_tracking":false,"_monsterinsights_sitenote_active":false,"_monsterinsights_sitenote_note":"","_monsterinsights_sitenote_category":0},"product_brand":[],"product_cat":[12835,12324],"product_tag":[],"class_list":{"0":"post-728276","1":"product","2":"type-product","3":"status-publish","5":"product_cat-genel-sosyoloji","6":"product_cat-sosyoloji","7":"pa_cilt-ciltsiz","8":"pa_tur-kitap","9":"pa_yayinevi-net-kitaplik-yayincilik","10":"pa_yazar-ugur-berk-kalelioglu","12":"first","13":"instock","14":"sale","15":"shipping-taxable","16":"purchasable","17":"product-type-simple"},"_links":{"self":[{"href":"https:\/\/roveyayinevi.com.tr\/index.php\/wp-json\/wp\/v2\/product\/728276","targetHints":{"allow":["GET"]}}],"collection":[{"href":"https:\/\/roveyayinevi.com.tr\/index.php\/wp-json\/wp\/v2\/product"}],"about":[{"href":"https:\/\/roveyayinevi.com.tr\/index.php\/wp-json\/wp\/v2\/types\/product"}],"wp:attachment":[{"href":"https:\/\/roveyayinevi.com.tr\/index.php\/wp-json\/wp\/v2\/media?parent=728276"}],"wp:term":[{"taxonomy":"product_brand","embeddable":true,"href":"https:\/\/roveyayinevi.com.tr\/index.php\/wp-json\/wp\/v2\/product_brand?post=728276"},{"taxonomy":"product_cat","embeddable":true,"href":"https:\/\/roveyayinevi.com.tr\/index.php\/wp-json\/wp\/v2\/product_cat?post=728276"},{"taxonomy":"product_tag","embeddable":true,"href":"https:\/\/roveyayinevi.com.tr\/index.php\/wp-json\/wp\/v2\/product_tag?post=728276"}],"curies":[{"name":"wp","href":"https:\/\/api.w.org\/{rel}","templated":true}]}}