{"id":728270,"date":"2025-08-27T20:36:29","date_gmt":"2025-08-27T17:36:29","guid":{"rendered":"https:\/\/roveyayinevi.com.tr\/index.php\/urun\/goklerden-gelen-umut\/"},"modified":"2026-04-16T02:35:57","modified_gmt":"2026-04-15T23:35:57","slug":"goklerden-gelen-umut","status":"publish","type":"product","link":"https:\/\/roveyayinevi.com.tr\/index.php\/urun\/goklerden-gelen-umut\/","title":{"rendered":"G\u00f6klerden Gelen Umut"},"content":{"rendered":"<p>I\u015f\u0131k karanl\u0131kta,Karanl\u0131k \u0131\u015f\u0131kta do\u011fdu.Ve \u0131\u015f\u0131k bizleri zaman\u0131n dalgalar\u0131yla evrene ta\u015f\u0131d\u0131.Kim, ne ve nerede olursan ol, \u0131\u015f\u0131k her dem seninledir.T\u00fcm limanlardan sonra ula\u015faca\u011f\u0131n en son menzil, as\u0131l evindir.Lale\u2019nin omuzlar\u0131na binen a\u011f\u0131r sorumluluk sadece kendi ge\u00e7mi\u015fini ve gelece\u011fini ayd\u0131nlatmas\u0131 ad\u0131na ta\u015f\u0131mas\u0131 gereken bir y\u00fck de\u011fildi. Onun umut ve umutsuzluk aras\u0131nda yapaca\u011f\u0131 tercih, milyarlarca insan\u0131n ya\u015fam\u0131n\u0131 da etkileyecekti. Tam 526.431 y\u0131l \u00f6nce al\u0131nan yanl\u0131\u015f bir karar, 29 ya\u015f\u0131ndaki bu gen\u00e7 kad\u0131n\u0131n al\u0131n \u00e7izgilerinde insano\u011flunun kutlu yolculu\u011funu belirleyecekti.D\u00f6ng\u00fc \/ Bir \u0130nsanl\u0131k \u00dc\u00e7lemesi&#8217;nin ilk kitab\u0131 olan bu romandaki t\u00fcm olaylar ya\u015fand\u0131, ya\u015fan\u0131yor ve ya\u015fanacak; az \u00f6nce veya az sonra.<\/p>\n","protected":false},"excerpt":{"rendered":"<p>I\u015f\u0131k karanl\u0131kta,Karanl\u0131k \u0131\u015f\u0131kta do\u011fdu.Ve \u0131\u015f\u0131k bizleri zaman\u0131n dalgalar\u0131yla evrene ta\u015f\u0131d\u0131.Kim, ne ve nerede olursan ol, \u0131\u015f\u0131k her dem seninledir.T\u00fcm limanlardan sonra ula\u015faca\u011f\u0131n en son menzil, as\u0131l<span class=\"excerpt-hellip\"> [\u2026]<\/span><\/p>\n","protected":false},"featured_media":0,"template":"","meta":{"_monsterinsights_skip_tracking":false,"_monsterinsights_sitenote_active":false,"_monsterinsights_sitenote_note":"","_monsterinsights_sitenote_category":0},"product_brand":[],"product_cat":[12291,12711],"product_tag":[],"class_list":{"0":"post-728270","1":"product","2":"type-product","3":"status-publish","5":"product_cat-edebiyat","6":"product_cat-roman-oyku","7":"pa_cilt-ciltsiz","8":"pa_tur-kitap","9":"pa_yayinevi-bilgi-yayinevi","10":"pa_yazar-kemal-sinan-ozmen","12":"first","13":"instock","14":"sale","15":"shipping-taxable","16":"purchasable","17":"product-type-simple"},"_links":{"self":[{"href":"https:\/\/roveyayinevi.com.tr\/index.php\/wp-json\/wp\/v2\/product\/728270","targetHints":{"allow":["GET"]}}],"collection":[{"href":"https:\/\/roveyayinevi.com.tr\/index.php\/wp-json\/wp\/v2\/product"}],"about":[{"href":"https:\/\/roveyayinevi.com.tr\/index.php\/wp-json\/wp\/v2\/types\/product"}],"wp:attachment":[{"href":"https:\/\/roveyayinevi.com.tr\/index.php\/wp-json\/wp\/v2\/media?parent=728270"}],"wp:term":[{"taxonomy":"product_brand","embeddable":true,"href":"https:\/\/roveyayinevi.com.tr\/index.php\/wp-json\/wp\/v2\/product_brand?post=728270"},{"taxonomy":"product_cat","embeddable":true,"href":"https:\/\/roveyayinevi.com.tr\/index.php\/wp-json\/wp\/v2\/product_cat?post=728270"},{"taxonomy":"product_tag","embeddable":true,"href":"https:\/\/roveyayinevi.com.tr\/index.php\/wp-json\/wp\/v2\/product_tag?post=728270"}],"curies":[{"name":"wp","href":"https:\/\/api.w.org\/{rel}","templated":true}]}}