{"id":728268,"date":"2025-08-27T20:36:28","date_gmt":"2025-08-27T17:36:28","guid":{"rendered":"https:\/\/roveyayinevi.com.tr\/index.php\/urun\/apolet-kravat-ve-daragaci\/"},"modified":"2026-04-16T02:35:57","modified_gmt":"2026-04-15T23:35:57","slug":"apolet-kravat-ve-daragaci","status":"publish","type":"product","link":"https:\/\/roveyayinevi.com.tr\/index.php\/urun\/apolet-kravat-ve-daragaci\/","title":{"rendered":"Apolet Kravat ve Dara\u011fac\u0131"},"content":{"rendered":"<p>ABD y\u00f6netimi Ha\u015fha\u015f krizinde Sultan Ahmet Camisi\u2019ni neden bombalamaya karar verdi? Kim vazge\u00e7irdi? 27 Ekim\u2019e kadar K\u0131br\u0131s\u2019a \u00e7\u0131kmazsan darbe yapar\u0131z! Demirel\u2019e bu tehdit kimden geldi? Silah ambargosu krizinde MGK\u2019n\u0131n s\u0131r toplant\u0131s\u0131 nas\u0131l s\u0131zd\u0131?  Askeri \u00fcslerin yasaklanma karar\u0131 ger\u00e7ekte kime aitti? Kissinger Ecevit\u2019i Beyaz Saray\u2019a gizlice neden davet etti? M\u0130T M\u00fcste\u015far\u0131\u2019n\u0131n yapt\u0131\u011f\u0131 sunum Nah\u00e7\u0131van\u2019\u0131n kaderini nas\u0131l de\u011fi\u015ftirdi? Bug\u00fcn Mesih oldu\u011funu iddia eden Hasan Mezarc\u0131 Nah\u00e7\u0131van krizinde ne yapt\u0131? Kardak krizinde ataca\u011f\u0131n\u0131z f\u00fcze en fazla bal\u0131klar\u0131 vurabilirdi! ABD elektronik sava\u015f sistemlerini nas\u0131l kilitledi? Kardak\u2019a \u00e7\u0131kma fikri kimindi? \u0130nal Batu sava\u015f\u0131n e\u015fi\u011finden \u00fclkeyi nas\u0131l d\u00f6nd\u00fcrd\u00fc? Yunanistan\u2019\u0131n gizli plan\u0131n\u0131 kim de\u015fifre etti? Askeriye, Hariciye ve MGK \u00fc\u00e7geninde Demirel\u2019in liderli\u011fi, T\u00fcrk d\u0131\u015f politikas\u0131n\u0131n perde arkas\u0131, krizler, liderler ve kurumlar. Hi\u00e7bir yerde yaz\u0131lmam\u0131\u015f bilgiler ve s\u0131r belgeler bu kitapta. <\/p>\n","protected":false},"excerpt":{"rendered":"<p>ABD y\u00f6netimi Ha\u015fha\u015f krizinde Sultan Ahmet Camisi\u2019ni neden bombalamaya karar verdi? Kim vazge\u00e7irdi? 27 Ekim\u2019e kadar K\u0131br\u0131s\u2019a \u00e7\u0131kmazsan darbe yapar\u0131z! Demirel\u2019e bu tehdit kimden geldi? Silah<span class=\"excerpt-hellip\"> [\u2026]<\/span><\/p>\n","protected":false},"featured_media":0,"template":"","meta":{"_monsterinsights_skip_tracking":false,"_monsterinsights_sitenote_active":false,"_monsterinsights_sitenote_note":"","_monsterinsights_sitenote_category":0},"product_brand":[],"product_cat":[12337,14543],"product_tag":[],"class_list":{"0":"post-728268","1":"product","2":"type-product","3":"status-publish","5":"product_cat-politika-siyaset","6":"product_cat-turkiye-siyaseti-ve-politikasi","7":"pa_cilt-ciltsiz","8":"pa_tur-kitap","9":"pa_yayinevi-inkilap-kitabevi","10":"pa_yazar-burak-kurkcu","12":"first","13":"instock","14":"sale","15":"shipping-taxable","16":"purchasable","17":"product-type-simple"},"_links":{"self":[{"href":"https:\/\/roveyayinevi.com.tr\/index.php\/wp-json\/wp\/v2\/product\/728268","targetHints":{"allow":["GET"]}}],"collection":[{"href":"https:\/\/roveyayinevi.com.tr\/index.php\/wp-json\/wp\/v2\/product"}],"about":[{"href":"https:\/\/roveyayinevi.com.tr\/index.php\/wp-json\/wp\/v2\/types\/product"}],"wp:attachment":[{"href":"https:\/\/roveyayinevi.com.tr\/index.php\/wp-json\/wp\/v2\/media?parent=728268"}],"wp:term":[{"taxonomy":"product_brand","embeddable":true,"href":"https:\/\/roveyayinevi.com.tr\/index.php\/wp-json\/wp\/v2\/product_brand?post=728268"},{"taxonomy":"product_cat","embeddable":true,"href":"https:\/\/roveyayinevi.com.tr\/index.php\/wp-json\/wp\/v2\/product_cat?post=728268"},{"taxonomy":"product_tag","embeddable":true,"href":"https:\/\/roveyayinevi.com.tr\/index.php\/wp-json\/wp\/v2\/product_tag?post=728268"}],"curies":[{"name":"wp","href":"https:\/\/api.w.org\/{rel}","templated":true}]}}