{"id":728265,"date":"2025-08-27T20:36:25","date_gmt":"2025-08-27T17:36:25","guid":{"rendered":"https:\/\/roveyayinevi.com.tr\/index.php\/urun\/denizin-cagirisi-2\/"},"modified":"2026-04-16T02:35:57","modified_gmt":"2026-04-15T23:35:57","slug":"denizin-cagirisi-2","status":"publish","type":"product","link":"https:\/\/roveyayinevi.com.tr\/index.php\/urun\/denizin-cagirisi-2\/","title":{"rendered":"Denizin \u00c7a\u011f\u0131r\u0131\u015f\u0131"},"content":{"rendered":"<p>Denizin \u00c7a\u011f\u0131r\u0131\u015f\u0131, T\u00fcrk edebiyat\u0131nda, psikolojik yabanc\u0131la\u015fman\u0131n konu edildi\u011fi ilk roman olmas\u0131 a\u00e7\u0131s\u0131ndan \u00f6nemli bir yap\u0131t. Yaz\u0131ld\u0131\u011f\u0131 d\u00f6nemde yeterince anla\u015f\u0131lamayan Denizin \u00c7a\u011f\u0131r\u0131\u015f\u0131\u2019nda, bir kasaba \u00f6\u011fretmeninin ruhsal sorunlar\u0131n\u0131, \u00e7eli\u015fkilerini, onun i\u00e7 d\u00fcnyas\u0131n\u0131n derinliklerine inerek, b\u00fcy\u00fck bir incelikle anlat\u0131yor Kemal Bilba\u015far.<\/p>\n","protected":false},"excerpt":{"rendered":"<p>Denizin \u00c7a\u011f\u0131r\u0131\u015f\u0131, T\u00fcrk edebiyat\u0131nda, psikolojik yabanc\u0131la\u015fman\u0131n konu edildi\u011fi ilk roman olmas\u0131 a\u00e7\u0131s\u0131ndan \u00f6nemli bir yap\u0131t. Yaz\u0131ld\u0131\u011f\u0131 d\u00f6nemde yeterince anla\u015f\u0131lamayan Denizin \u00c7a\u011f\u0131r\u0131\u015f\u0131\u2019nda, bir kasaba \u00f6\u011fretmeninin ruhsal sorunlar\u0131n\u0131,<span class=\"excerpt-hellip\"> [\u2026]<\/span><\/p>\n","protected":false},"featured_media":0,"template":"","meta":{"_monsterinsights_skip_tracking":false,"_monsterinsights_sitenote_active":false,"_monsterinsights_sitenote_note":"","_monsterinsights_sitenote_category":0},"product_brand":[],"product_cat":[12291,12292],"product_tag":[],"class_list":{"0":"post-728265","1":"product","2":"type-product","3":"status-publish","5":"product_cat-edebiyat","6":"product_cat-turk-edebiyati","7":"pa_cilt-ciltsiz","8":"pa_tur-kitap","9":"pa_yayinevi-can-yayinlari","10":"pa_yazar-kemal-bilbasar","12":"first","13":"instock","14":"sale","15":"shipping-taxable","16":"purchasable","17":"product-type-simple"},"_links":{"self":[{"href":"https:\/\/roveyayinevi.com.tr\/index.php\/wp-json\/wp\/v2\/product\/728265","targetHints":{"allow":["GET"]}}],"collection":[{"href":"https:\/\/roveyayinevi.com.tr\/index.php\/wp-json\/wp\/v2\/product"}],"about":[{"href":"https:\/\/roveyayinevi.com.tr\/index.php\/wp-json\/wp\/v2\/types\/product"}],"wp:attachment":[{"href":"https:\/\/roveyayinevi.com.tr\/index.php\/wp-json\/wp\/v2\/media?parent=728265"}],"wp:term":[{"taxonomy":"product_brand","embeddable":true,"href":"https:\/\/roveyayinevi.com.tr\/index.php\/wp-json\/wp\/v2\/product_brand?post=728265"},{"taxonomy":"product_cat","embeddable":true,"href":"https:\/\/roveyayinevi.com.tr\/index.php\/wp-json\/wp\/v2\/product_cat?post=728265"},{"taxonomy":"product_tag","embeddable":true,"href":"https:\/\/roveyayinevi.com.tr\/index.php\/wp-json\/wp\/v2\/product_tag?post=728265"}],"curies":[{"name":"wp","href":"https:\/\/api.w.org\/{rel}","templated":true}]}}