{"id":728264,"date":"2025-08-27T20:36:24","date_gmt":"2025-08-27T17:36:24","guid":{"rendered":"https:\/\/roveyayinevi.com.tr\/index.php\/urun\/bir-hayal-nasil-romana-donusur\/"},"modified":"2026-01-20T03:03:59","modified_gmt":"2026-01-20T00:03:59","slug":"bir-hayal-nasil-romana-donusur","status":"publish","type":"product","link":"https:\/\/roveyayinevi.com.tr\/index.php\/urun\/bir-hayal-nasil-romana-donusur\/","title":{"rendered":"Bir Hayal Nas\u0131l Romana D\u00f6n\u00fc\u015f\u00fcr?"},"content":{"rendered":"<p>\u0130lk kez 2015 y\u0131l\u0131nda yay\u0131mlanan B\u0130R HAYAL NASIL ROMANA D\u00d6N\u00dc\u015e\u00dcR? \u00e7\u0131kt\u0131\u011f\u0131 g\u00fcnden itibaren lise ve \u00fcniversitelerde senaryo ve yaz\u0131 derslerine kaynak olarak \u00f6nerilmi\u015f, acemi yazar adaylar\u0131n\u0131n ba\u015fucu kitab\u0131 haline gelmi\u015ftir. \u015eimdi ise d\u00fczenlenmi\u015f ve geni\u015fletilmi\u015f bask\u0131s\u0131yla yeniden okurun huzuruna \u00e7\u0131k\u0131yor. Siz de nereden ba\u015flayaca\u011f\u0131n\u0131 bilmeyenlerdenseniz, kendinizi geli\u015ftirmek i\u00e7in bir okuma listesine ihtiya\u00e7 duyuyorsan\u0131z ve fazla h\u0131rpalanmadan acemili\u011finizi atlatmak istiyorsan\u0131z bu kitapla do\u011fru bir ba\u015flang\u0131\u00e7 yap\u0131yorsunuz demektir. Kurmaca d\u00fcnyas\u0131na girmek isteyen herkes, basit ve temel tekniklerin anlat\u0131ld\u0131\u011f\u0131 bu kitaptan bir yaz\u0131 at\u00f6lyesi gibi yararlanabilir. Y\u0131llard\u0131r edit\u00f6rl\u00fck ve yazar ko\u00e7lu\u011fu yapan Z\u00fcmr\u00fct B\u0131y\u0131kl\u0131o\u011flu kurgu yarat\u0131m\u0131nda kar\u015f\u0131la\u015faca\u011f\u0131n\u0131z her t\u00fcrl\u00fc sorunun \u00fcstesinden kolayl\u0131kla gelmeniz yolunda size destek olacak, ba\u015fucunuzdan ay\u0131rmayaca\u011f\u0131n\u0131z bu de\u011ferli referans kitab\u0131na bilgi ve tecr\u00fcbelerini aktard\u0131. \u015eimdi s\u0131ra sizde, bu kitapla birlikte kurgu d\u00fcnyalara yolculu\u011funuza g\u00fcvenle \u00e7\u0131kabilir, her an\u0131ndan keyif alabilirsiniz. \u0130lham\u0131n\u0131z bol olsun! <\/p>\n","protected":false},"excerpt":{"rendered":"<p>\u0130lk kez 2015 y\u0131l\u0131nda yay\u0131mlanan B\u0130R HAYAL NASIL ROMANA D\u00d6N\u00dc\u015e\u00dcR? \u00e7\u0131kt\u0131\u011f\u0131 g\u00fcnden itibaren lise ve \u00fcniversitelerde senaryo ve yaz\u0131 derslerine kaynak olarak \u00f6nerilmi\u015f, acemi yazar adaylar\u0131n\u0131n<span class=\"excerpt-hellip\"> [\u2026]<\/span><\/p>\n","protected":false},"featured_media":0,"template":"","meta":{"_monsterinsights_skip_tracking":false,"_monsterinsights_sitenote_active":false,"_monsterinsights_sitenote_note":"","_monsterinsights_sitenote_category":0},"product_brand":[],"product_cat":[13072,12291],"product_tag":[],"class_list":{"0":"post-728264","1":"product","2":"type-product","3":"status-publish","5":"product_cat-arastirma-inceleme-referans","6":"product_cat-edebiyat","7":"pa_cilt-ciltsiz","8":"pa_tur-kitap","9":"pa_yayinevi-destek-yayinlari","10":"pa_yazar-zumrut-biyiklioglu","12":"first","13":"instock","14":"sale","15":"shipping-taxable","16":"purchasable","17":"product-type-simple"},"_links":{"self":[{"href":"https:\/\/roveyayinevi.com.tr\/index.php\/wp-json\/wp\/v2\/product\/728264","targetHints":{"allow":["GET"]}}],"collection":[{"href":"https:\/\/roveyayinevi.com.tr\/index.php\/wp-json\/wp\/v2\/product"}],"about":[{"href":"https:\/\/roveyayinevi.com.tr\/index.php\/wp-json\/wp\/v2\/types\/product"}],"wp:attachment":[{"href":"https:\/\/roveyayinevi.com.tr\/index.php\/wp-json\/wp\/v2\/media?parent=728264"}],"wp:term":[{"taxonomy":"product_brand","embeddable":true,"href":"https:\/\/roveyayinevi.com.tr\/index.php\/wp-json\/wp\/v2\/product_brand?post=728264"},{"taxonomy":"product_cat","embeddable":true,"href":"https:\/\/roveyayinevi.com.tr\/index.php\/wp-json\/wp\/v2\/product_cat?post=728264"},{"taxonomy":"product_tag","embeddable":true,"href":"https:\/\/roveyayinevi.com.tr\/index.php\/wp-json\/wp\/v2\/product_tag?post=728264"}],"curies":[{"name":"wp","href":"https:\/\/api.w.org\/{rel}","templated":true}]}}