{"id":728262,"date":"2025-08-27T20:36:21","date_gmt":"2025-08-27T17:36:21","guid":{"rendered":"https:\/\/roveyayinevi.com.tr\/index.php\/urun\/ozgurlugun-rengi-mavidir\/"},"modified":"2026-04-16T02:35:57","modified_gmt":"2026-04-15T23:35:57","slug":"ozgurlugun-rengi-mavidir","status":"publish","type":"product","link":"https:\/\/roveyayinevi.com.tr\/index.php\/urun\/ozgurlugun-rengi-mavidir\/","title":{"rendered":"\u00d6zg\u00fcrl\u00fc\u011f\u00fcn Rengi Mavidir"},"content":{"rendered":"<p>Zehirli egolar\u0131n \u00fclkesinde bu kitab\u0131 yazarken kafamda tek gaye vard\u0131. \u0130stedim ki okur yak\u0131n tarihin filtresiz ger\u00e7eklerini birinci a\u011f\u0131zdan \u00f6\u011frenirken hepimizi silindir gibi ezip ge\u00e7en sistemin akl\u0131, zek\u00e2y\u0131, yetene\u011fi, beceriyi yok sayan vasatl\u0131\u011f\u0131na kendi varl\u0131\u011f\u0131yla diren\u00e7 geli\u015ftirmenin yollar\u0131n\u0131 yine kendi i\u00e7inde bulabilsin. Abart\u0131l\u0131 hassasiyetlerin topraklar\u0131nda var olmaya \u00e7al\u0131\u015f\u0131rken ortalama hayatlara mahk\u00fbm bug\u00fcnk\u00fc gen\u00e7li\u011fin y\u0131lg\u0131n neferisin. Gen\u00e7sin ama gen\u00e7li\u011fini hissedemiyorsun. Umutlar\u0131n\u0131 \u00e7al\u0131yorlar, \u00e7aresizce seyrediyorsun. D\u00fczen hepimize had bildiriyor \u00e7\u00fcnk\u00fc. \u201cSesini \u00e7\u0131karma, konu\u015fma, hayal kurma, farkl\u0131 d\u00fc\u015f\u00fcnme, d\u00fc\u015f\u00fcn\u00fcyorsan da kendine sakla!\u201d diyor. Buna itiraz\u0131m var benim. Birey olmak zorundas\u0131n. Kimse seni kurtarmayacak. Kimse sana mahk\u00fbmiyetlerinin yalan oldu\u011funu g\u00f6stermeyecek. Uyanacaks\u0131n. Ba\u015fka yolu yok. Kimse \u00f6zg\u00fcrl\u00fc\u011f\u00fcn mavisini elimizden alamaz. Hi\u00e7bir g\u00fc\u00e7, hi\u00e7bir kudret, hi\u00e7bir otorite insandan daha \u00fcst\u00fcn de\u011fil. Yeter ki insan kendi g\u00fcc\u00fcn\u00fcn fark\u0131na varabilsin. Sizi \u00f6zg\u00fcrl\u00fc\u011fe davet ediyorum bu kitapta. \u00d6zg\u00fcrle\u015fmeden mutlu olamay\u0131z \u00e7\u00fcnk\u00fc. Ezene direnemeyiz. Kendi d\u00fcnyana d\u00f6neceksin arkada\u015f, kaybetti\u011fin \u00f6zg\u00fcrl\u00fc\u011f\u00fc bulup \u00e7\u0131karacaks\u0131n. Motorlar\u0131 maviliklere s\u00fcrece\u011fin g\u00fcne kendi eme\u011finle ula\u015facaks\u0131n. Sonras\u0131 umut&#8230; <\/p>\n","protected":false},"excerpt":{"rendered":"<p>Zehirli egolar\u0131n \u00fclkesinde bu kitab\u0131 yazarken kafamda tek gaye vard\u0131. \u0130stedim ki okur yak\u0131n tarihin filtresiz ger\u00e7eklerini birinci a\u011f\u0131zdan \u00f6\u011frenirken hepimizi silindir gibi ezip ge\u00e7en sistemin<span class=\"excerpt-hellip\"> [\u2026]<\/span><\/p>\n","protected":false},"featured_media":0,"template":"","meta":{"_monsterinsights_skip_tracking":false,"_monsterinsights_sitenote_active":false,"_monsterinsights_sitenote_note":"","_monsterinsights_sitenote_category":0},"product_brand":[],"product_cat":[13072,12291],"product_tag":[],"class_list":{"0":"post-728262","1":"product","2":"type-product","3":"status-publish","5":"product_cat-arastirma-inceleme-referans","6":"product_cat-edebiyat","7":"pa_cilt-ciltsiz","8":"pa_tur-kitap","9":"pa_yayinevi-destek-yayinlari","10":"pa_yazar-cem-seymen","12":"first","13":"instock","14":"sale","15":"shipping-taxable","16":"purchasable","17":"product-type-simple"},"_links":{"self":[{"href":"https:\/\/roveyayinevi.com.tr\/index.php\/wp-json\/wp\/v2\/product\/728262","targetHints":{"allow":["GET"]}}],"collection":[{"href":"https:\/\/roveyayinevi.com.tr\/index.php\/wp-json\/wp\/v2\/product"}],"about":[{"href":"https:\/\/roveyayinevi.com.tr\/index.php\/wp-json\/wp\/v2\/types\/product"}],"wp:attachment":[{"href":"https:\/\/roveyayinevi.com.tr\/index.php\/wp-json\/wp\/v2\/media?parent=728262"}],"wp:term":[{"taxonomy":"product_brand","embeddable":true,"href":"https:\/\/roveyayinevi.com.tr\/index.php\/wp-json\/wp\/v2\/product_brand?post=728262"},{"taxonomy":"product_cat","embeddable":true,"href":"https:\/\/roveyayinevi.com.tr\/index.php\/wp-json\/wp\/v2\/product_cat?post=728262"},{"taxonomy":"product_tag","embeddable":true,"href":"https:\/\/roveyayinevi.com.tr\/index.php\/wp-json\/wp\/v2\/product_tag?post=728262"}],"curies":[{"name":"wp","href":"https:\/\/api.w.org\/{rel}","templated":true}]}}