{"id":728261,"date":"2025-08-27T20:36:20","date_gmt":"2025-08-27T17:36:20","guid":{"rendered":"https:\/\/roveyayinevi.com.tr\/index.php\/urun\/guney-denizinin-kizi\/"},"modified":"2026-04-16T02:35:57","modified_gmt":"2026-04-15T23:35:57","slug":"guney-denizinin-kizi","status":"publish","type":"product","link":"https:\/\/roveyayinevi.com.tr\/index.php\/urun\/guney-denizinin-kizi\/","title":{"rendered":"G\u00fcney Denizinin K\u0131z\u0131"},"content":{"rendered":"<p>Gece yar\u0131s\u0131ndan sonra tek ba\u015f\u0131ma karanl\u0131k ve dar sokaklar\u0131n i\u00e7inden ge\u00e7erek y\u00fcr\u00fcyordum. Bir k\u0131z \u00e7ocu\u011funun korktu\u011fu zaman akl\u0131ndan ge\u00e7en \u015feyler s\u0131radan olsa da \u015fa\u015f\u0131rt\u0131c\u0131yd\u0131. G\u00fcndelik \u015feyler; k\u0131zarm\u0131\u015f muz tarifi gibi&#8230; Un, \u015feker, tereya\u011f\u0131, yumurta\u2026 muzlar! Un, \u015feker, tereya\u011f\u0131, yumurta\u2026 muzlar! Tarifi akl\u0131mda bir ilahi gibi tekrarlad\u0131m \u00e7\u00fcnk\u00fc beni ne\u015felendiriyor ve g\u00fcm g\u00fcm atan kalbimin sesini bast\u0131r\u0131yordu.\u201d G\u00fcney Denizinin K\u0131z\u0131, yazar olma hayali kuran, on d\u00f6rt ya\u015f\u0131ndaki Jakartal\u0131 Nia\u2019n\u0131n hik\u00e2yesi. Ancak ona bi\u00e7ilen rol bu de\u011fil. Nia bir yandan annesinin \u00f6l\u00fcm\u00fcyle ba\u015f etmek; bir yandan da k\u00fc\u00e7\u00fck karde\u015fine bakmak, sorumsuz babas\u0131na g\u00f6z kulak olmak ve evi idare etmek zorunda. Nia kendi \u00f6yk\u00fcs\u00fcn\u00fc yazmak istiyorsa bat\u0131l inan\u00e7larla ve babas\u0131n\u0131n onun i\u00e7in yapt\u0131\u011f\u0131 planlarla ba\u015fa \u00e7\u0131kmal\u0131, annesinden dinledi\u011fi masal kahraman\u0131 Dewi Kadita gibi \u00f6n\u00fcne \u00e7\u0131kan engelleri a\u015fmal\u0131d\u0131r. Michelle Kadarusman, Nia\u2019n\u0131n hik\u00e2yesini onunla ayn\u0131 kaderi payla\u015fan ve hak ettikleri gelecek i\u00e7in m\u00fccadele eden d\u00fcnyan\u0131n d\u00f6rt bir yan\u0131ndaki k\u0131zlar i\u00e7in yazd\u0131\u011f\u0131n\u0131 s\u00f6yl\u00fcyor. \u201cKadarusman s\u0131k\u0131 ve zarif d\u00fczyaz\u0131s\u0131yla sessiz bir hayatta kalma, cesaret ve haysiyet hik\u00e2yesi \u00f6r\u00fcyor. Nia\u2019n\u0131n yaratt\u0131\u011f\u0131 G\u00fcney Denizi\u2019nin Prensesi hakk\u0131ndaki Endonezya efsanelerine dayanan \u00f6yk\u00fcler ba\u015ftan sona aralara serpi\u015ftirilmi\u015f.\u201d -Booklist <\/p>\n","protected":false},"excerpt":{"rendered":"<p>Gece yar\u0131s\u0131ndan sonra tek ba\u015f\u0131ma karanl\u0131k ve dar sokaklar\u0131n i\u00e7inden ge\u00e7erek y\u00fcr\u00fcyordum. Bir k\u0131z \u00e7ocu\u011funun korktu\u011fu zaman akl\u0131ndan ge\u00e7en \u015feyler s\u0131radan olsa da \u015fa\u015f\u0131rt\u0131c\u0131yd\u0131. G\u00fcndelik \u015feyler;<span class=\"excerpt-hellip\"> [\u2026]<\/span><\/p>\n","protected":false},"featured_media":0,"template":"","meta":{"_monsterinsights_skip_tracking":false,"_monsterinsights_sitenote_active":false,"_monsterinsights_sitenote_note":"","_monsterinsights_sitenote_category":0},"product_brand":[],"product_cat":[12291,12711],"product_tag":[],"class_list":{"0":"post-728261","1":"product","2":"type-product","3":"status-publish","5":"product_cat-edebiyat","6":"product_cat-roman-oyku","7":"pa_cilt-ciltsiz","8":"pa_tur-kitap","9":"pa_yayinevi-yeni-insan-yayinlari","10":"pa_yazar-michelle-kadarusman","12":"first","13":"instock","14":"sale","15":"shipping-taxable","16":"purchasable","17":"product-type-simple"},"_links":{"self":[{"href":"https:\/\/roveyayinevi.com.tr\/index.php\/wp-json\/wp\/v2\/product\/728261","targetHints":{"allow":["GET"]}}],"collection":[{"href":"https:\/\/roveyayinevi.com.tr\/index.php\/wp-json\/wp\/v2\/product"}],"about":[{"href":"https:\/\/roveyayinevi.com.tr\/index.php\/wp-json\/wp\/v2\/types\/product"}],"wp:attachment":[{"href":"https:\/\/roveyayinevi.com.tr\/index.php\/wp-json\/wp\/v2\/media?parent=728261"}],"wp:term":[{"taxonomy":"product_brand","embeddable":true,"href":"https:\/\/roveyayinevi.com.tr\/index.php\/wp-json\/wp\/v2\/product_brand?post=728261"},{"taxonomy":"product_cat","embeddable":true,"href":"https:\/\/roveyayinevi.com.tr\/index.php\/wp-json\/wp\/v2\/product_cat?post=728261"},{"taxonomy":"product_tag","embeddable":true,"href":"https:\/\/roveyayinevi.com.tr\/index.php\/wp-json\/wp\/v2\/product_tag?post=728261"}],"curies":[{"name":"wp","href":"https:\/\/api.w.org\/{rel}","templated":true}]}}