{"id":728260,"date":"2025-08-27T20:36:19","date_gmt":"2025-08-27T17:36:19","guid":{"rendered":"https:\/\/roveyayinevi.com.tr\/index.php\/urun\/cihan-harbinin-esiginde-rusyanin-dogudaki-hedefleri\/"},"modified":"2026-04-16T02:35:57","modified_gmt":"2026-04-15T23:35:57","slug":"cihan-harbinin-esiginde-rusyanin-dogudaki-hedefleri","status":"publish","type":"product","link":"https:\/\/roveyayinevi.com.tr\/index.php\/urun\/cihan-harbinin-esiginde-rusyanin-dogudaki-hedefleri\/","title":{"rendered":"Cihan Harbi\u2019nin E\u015fi\u011finde Rusya\u2019n\u0131n Do\u011fu\u2019daki Hedefleri"},"content":{"rendered":"<p>Elinizdeki kitap, Birinci D\u00fcnya Sava\u015f\u0131\u2019n\u0131n hemen \u00f6ncesinde Rusya\u2019n\u0131n Do\u011fu\u2019ya ve \u00f6ncelikle T\u00fcrkiye\u2019ye y\u00f6nelik hedeflerini t\u00fcm \u00e7\u0131plakl\u0131\u011f\u0131yla ortaya koyan belgelerin \u00e7evirisinden olu\u015fmaktad\u0131r. 1882-1911 tarihli bu belgeler, Rusya\u2019da Bol\u015fevik iktidar\u0131n\u0131n ilk y\u0131llar\u0131nda, \u00c7arl\u0131k y\u00f6netiminin emperyalist emellerini ve pazarl\u0131klar\u0131n\u0131 if\u015fa etmek amac\u0131yla yay\u0131nlanm\u0131\u015f bulunuyordu. \u00c7al\u0131\u015fmay\u0131 haz\u0131rlayan Azad A\u011fao\u011flu\u2019nun a\u00e7\u0131klama ve dipnotlarla destekledi\u011fi belgelerin okurun ilgisini \u00e7ekece\u011fini umuyoruz.<\/p>\n","protected":false},"excerpt":{"rendered":"<p>Elinizdeki kitap, Birinci D\u00fcnya Sava\u015f\u0131\u2019n\u0131n hemen \u00f6ncesinde Rusya\u2019n\u0131n Do\u011fu\u2019ya ve \u00f6ncelikle T\u00fcrkiye\u2019ye y\u00f6nelik hedeflerini t\u00fcm \u00e7\u0131plakl\u0131\u011f\u0131yla ortaya koyan belgelerin \u00e7evirisinden olu\u015fmaktad\u0131r. 1882-1911 tarihli bu belgeler, Rusya\u2019da<span class=\"excerpt-hellip\"> [\u2026]<\/span><\/p>\n","protected":false},"featured_media":0,"template":"","meta":{"_monsterinsights_skip_tracking":false,"_monsterinsights_sitenote_active":false,"_monsterinsights_sitenote_note":"","_monsterinsights_sitenote_category":0},"product_brand":[],"product_cat":[12370,12304],"product_tag":[],"class_list":{"0":"post-728260","1":"product","2":"type-product","3":"status-publish","5":"product_cat-arastirma-inceleme","6":"product_cat-tarih","7":"pa_cilt-ciltsiz","8":"pa_tur-kitap","9":"pa_yayinevi-otuken-nesriyat","10":"pa_yazar-azad-agaoglu","12":"first","13":"instock","14":"sale","15":"shipping-taxable","16":"purchasable","17":"product-type-simple"},"_links":{"self":[{"href":"https:\/\/roveyayinevi.com.tr\/index.php\/wp-json\/wp\/v2\/product\/728260","targetHints":{"allow":["GET"]}}],"collection":[{"href":"https:\/\/roveyayinevi.com.tr\/index.php\/wp-json\/wp\/v2\/product"}],"about":[{"href":"https:\/\/roveyayinevi.com.tr\/index.php\/wp-json\/wp\/v2\/types\/product"}],"wp:attachment":[{"href":"https:\/\/roveyayinevi.com.tr\/index.php\/wp-json\/wp\/v2\/media?parent=728260"}],"wp:term":[{"taxonomy":"product_brand","embeddable":true,"href":"https:\/\/roveyayinevi.com.tr\/index.php\/wp-json\/wp\/v2\/product_brand?post=728260"},{"taxonomy":"product_cat","embeddable":true,"href":"https:\/\/roveyayinevi.com.tr\/index.php\/wp-json\/wp\/v2\/product_cat?post=728260"},{"taxonomy":"product_tag","embeddable":true,"href":"https:\/\/roveyayinevi.com.tr\/index.php\/wp-json\/wp\/v2\/product_tag?post=728260"}],"curies":[{"name":"wp","href":"https:\/\/api.w.org\/{rel}","templated":true}]}}