{"id":728259,"date":"2025-08-27T20:36:18","date_gmt":"2025-08-27T17:36:18","guid":{"rendered":"https:\/\/roveyayinevi.com.tr\/index.php\/urun\/farabi-3\/"},"modified":"2026-04-16T02:35:57","modified_gmt":"2026-04-15T23:35:57","slug":"farabi-3","status":"publish","type":"product","link":"https:\/\/roveyayinevi.com.tr\/index.php\/urun\/farabi-3\/","title":{"rendered":"Farabi"},"content":{"rendered":"<p>Hayat\u0131n\u0131, en b\u00fcy\u00fck erdem olarak g\u00f6rd\u00fc\u011f\u00fc \u201cbilgi\u201dye adam\u0131\u015f olan Ebu Nasr Farabi, insanl\u0131\u011f\u0131n ikinci \u00f6\u011fretmeni payesine eri\u015fmi\u015f b\u00fcy\u00fck T\u00fcrk bilginidir. \u00c7ocukluktan itibaren bilgiye olan tutkusu zamanla b\u00fcy\u00fck bir a\u015fka d\u00f6n\u00fc\u015fm\u00fc\u015f ve bu mefk\u00fbre onu, memleketinden kopar\u0131p diyar diyar dola\u015ft\u0131rarak zaman\u0131n\u0131n en b\u00fcy\u00fck ilim merkezi olan Ba\u011fdat\u2019a y\u00f6neltmi\u015ftir. O, din ilimlerinden dil ilmine oradan mant\u0131\u011fa, matemati\u011fe, m\u00fczi\u011fe, fizi\u011fe, astronomiye, siyasete, ahlaka ve felsefenin b\u00fct\u00fcn alanlar\u0131nda varl\u0131\u011fa dair ilimlerin tamam\u0131n\u0131 zihin heybesine y\u00fckleyip varolu\u015f s\u0131rr\u0131n\u0131n izini s\u00fcrm\u00fc\u015ft\u00fcr. Farabi, i\u00e7inde ya\u015fad\u0131\u011f\u0131 \u00e7a\u011f\u0131 sadece anlamakla kalmay\u0131p bu \u00e7a\u011fa dair fikr\u00ee ve kavramsal haz\u0131rl\u0131klar\u0131 binbir zahmetle in\u015fa ederek felsefeyi asl\u0131na uygun yorumlam\u0131\u015f, \u0130slam k\u00fclt\u00fcr\u00fcn\u00fcn sorunlar\u0131n\u0131 kurucusu oldu\u011fu felsefe dilinin kavramlar\u0131yla \u00e7\u00f6z\u00fcmlemeye \u00e7al\u0131\u015fm\u0131\u015f ger\u00e7ek bir ayd\u0131nd\u0131r. Akl\u0131 ve onu vereni en y\u00fcce de\u011fer olarak benimseyen Farabi, insan\u0131n toplum, tabiat ve Tanr\u0131 ile ili\u015fkisini tutarl\u0131 bir sistem b\u00fct\u00fcnl\u00fc\u011f\u00fc i\u00e7inde a\u00e7\u0131klayarak hem mensubu bulundu\u011fu \u0130slam toplumunu hem de Bat\u0131\u2019y\u0131 derinden etkilemi\u015ftir. Farabi, M\u00fcsl\u00fcman bir filozof olarak ya\u015fad\u0131\u011f\u0131 \u00e7a\u011f\u0131n sorunlar\u0131yla y\u00fczle\u015fmi\u015f, hesapla\u015fm\u0131\u015f ve bu u\u011furda y\u00fcz\u00fc a\u015fk\u0131n eser yazm\u0131\u015ft\u0131r. O, \u0130slam felsefesinin hakiki kurucusu olman\u0131n yan\u0131 s\u0131ra ayn\u0131 zamanda ortaya koydu\u011fu \u00f6nc\u00fc fikirlerle g\u00fc\u00e7l\u00fc bir k\u00fclt\u00fcr ve medeniyet in\u015fac\u0131s\u0131d\u0131r. Onun uzla\u015ft\u0131rmac\u0131 yakla\u015f\u0131m\u0131, do\u011fru bilgi temeline dayanan hakikat aray\u0131\u015f\u0131 ile insan\u0131n mutlulu\u011funu merkeze alan iyi insan, iyi toplum ve ideal devlet g\u00f6r\u00fc\u015fleri y\u00fczy\u0131llardan beri b\u00fct\u00fcn insanl\u0131\u011f\u0131 ayd\u0131nlatmaya devam etmektedir. Bu roman\u0131 okurken kadim T\u00fcrk \u015fehri Otrar (Farab)\u2019dan Semerkant\u2019a, Buhara\u2019ya, Rey\u2019e, Merv\u2019e ve Ba\u011fdat\u2019a oradan da Harran, \u015eam ve Halep\u2019e dek uzanan yollarda doyumsuz ilim kokular\u0131 e\u015fli\u011finde seyahat etmenin yan\u0131nda, \u00e7ocuklu\u011fundan beri \u00fczerinden hi\u00e7 \u00e7\u0131karmad\u0131\u011f\u0131 T\u00fcrk k\u0131yafetiyle mal\u0131-m\u00fclk\u00fc, makam\u0131 ve d\u00fcnyaya dair her \u015feyi ya\u011fmaya vererek kendini ilme adam\u0131\u015f dervi\u015fme\u015frep dahi bir T\u00fcrk bilginiyle tan\u0131\u015f olacaks\u0131n\u0131z.<\/p>\n","protected":false},"excerpt":{"rendered":"<p>Hayat\u0131n\u0131, en b\u00fcy\u00fck erdem olarak g\u00f6rd\u00fc\u011f\u00fc \u201cbilgi\u201dye adam\u0131\u015f olan Ebu Nasr Farabi, insanl\u0131\u011f\u0131n ikinci \u00f6\u011fretmeni payesine eri\u015fmi\u015f b\u00fcy\u00fck T\u00fcrk bilginidir. \u00c7ocukluktan itibaren bilgiye olan tutkusu zamanla<span class=\"excerpt-hellip\"> [\u2026]<\/span><\/p>\n","protected":false},"featured_media":0,"template":"","meta":{"_monsterinsights_skip_tracking":false,"_monsterinsights_sitenote_active":false,"_monsterinsights_sitenote_note":"","_monsterinsights_sitenote_category":0},"product_brand":[],"product_cat":[12291,12711],"product_tag":[],"class_list":{"0":"post-728259","1":"product","2":"type-product","3":"status-publish","5":"product_cat-edebiyat","6":"product_cat-roman-oyku","7":"pa_cilt-ciltsiz","8":"pa_tur-kitap","9":"pa_yayinevi-otuken-nesriyat","10":"pa_yazar-mursel-gundogdu","12":"first","13":"instock","14":"sale","15":"shipping-taxable","16":"purchasable","17":"product-type-simple"},"_links":{"self":[{"href":"https:\/\/roveyayinevi.com.tr\/index.php\/wp-json\/wp\/v2\/product\/728259","targetHints":{"allow":["GET"]}}],"collection":[{"href":"https:\/\/roveyayinevi.com.tr\/index.php\/wp-json\/wp\/v2\/product"}],"about":[{"href":"https:\/\/roveyayinevi.com.tr\/index.php\/wp-json\/wp\/v2\/types\/product"}],"wp:attachment":[{"href":"https:\/\/roveyayinevi.com.tr\/index.php\/wp-json\/wp\/v2\/media?parent=728259"}],"wp:term":[{"taxonomy":"product_brand","embeddable":true,"href":"https:\/\/roveyayinevi.com.tr\/index.php\/wp-json\/wp\/v2\/product_brand?post=728259"},{"taxonomy":"product_cat","embeddable":true,"href":"https:\/\/roveyayinevi.com.tr\/index.php\/wp-json\/wp\/v2\/product_cat?post=728259"},{"taxonomy":"product_tag","embeddable":true,"href":"https:\/\/roveyayinevi.com.tr\/index.php\/wp-json\/wp\/v2\/product_tag?post=728259"}],"curies":[{"name":"wp","href":"https:\/\/api.w.org\/{rel}","templated":true}]}}