{"id":728258,"date":"2025-08-27T20:36:17","date_gmt":"2025-08-27T17:36:17","guid":{"rendered":"https:\/\/roveyayinevi.com.tr\/index.php\/urun\/turk-mitolojisinin-ana-hatlari\/"},"modified":"2026-04-16T02:35:57","modified_gmt":"2026-04-15T23:35:57","slug":"turk-mitolojisinin-ana-hatlari","status":"publish","type":"product","link":"https:\/\/roveyayinevi.com.tr\/index.php\/urun\/turk-mitolojisinin-ana-hatlari\/","title":{"rendered":"T\u00fcrk Mitolojisinin Ana Hatlar\u0131"},"content":{"rendered":"<p>T\u00fcrk Mitolojisinin Ana Hatlar\u0131 kitab\u0131, yazar\u0131 taraf\u0131ndan ge\u00e7mi\u015ften g\u00fcn\u00fcm\u00fcze b\u00fct\u00fcn T\u00fcrk topluluklar\u0131n\u0131n mitlerini, ad\u0131ndan da anla\u015f\u0131laca\u011f\u0131 \u00fczere, bir genel ve temel \u00e7er\u00e7eve i\u00e7erisinde ele almaya \u00e7al\u0131\u015fan bir kitap olarak tasarland\u0131 ve kaleme al\u0131nd\u0131. Kabaca M\u00d6 2000\u2019lerden beri ba\u015flayan, olu\u015fan ve geli\u015fen T\u00fcrk mitleri, \u00d6n-T\u00fcrklerden \u00e7a\u011f\u0131m\u0131za kadar olan \u00e7ok geni\u015f kronolojisi boyunca, \u00e7e\u015fitli T\u00fcrk kavim ve devletleri taraf\u0131ndan yeni mitlerle geli\u015ftirildi ve zaman zaman devrine g\u00f6re \u00e7e\u015fitli uygarl\u0131k \u00e7evreleriyle de etkile\u015fime girerek sentezler, yeni mitler olu\u015fturmak suretiyle g\u00fcn\u00fcm\u00fcze kadar varl\u0131\u011f\u0131n\u0131 korudu. Elinizdeki kitapta bu ana \u00e7er\u00e7eve i\u00e7inde incelenen T\u00fcrk Mitolojisi, mitoloji biliminin ana b\u00f6l\u00fcmlerine g\u00f6re s\u0131n\u0131fland\u0131r\u0131larak, de\u011ferlendirmeye tabi tutulan mit \u00f6rnekleri ve onlar\u0131n yans\u0131d\u0131\u011f\u0131 T\u00fcrk sanat ve etnografya eserleriyle birlikte ele al\u0131nm\u0131\u015ft\u0131r. \u0130lk bask\u0131s\u0131 T\u00fcrk Mitolojisi\u2019nin ABC\u2019si ba\u015fl\u0131\u011f\u0131 (1999) ile k\u00fc\u00e7\u00fck bir kitap olarak yap\u0131lan ve sonra T\u00fcrk Mitolojisinin Ana Hatlar\u0131 ad\u0131yla bir temel ba\u015fvuru kitab\u0131 olarak geli\u015ftirilen bu eser, elinizdeki ilaveli ve g\u00f6zden ge\u00e7irilmi\u015f yeni bask\u0131s\u0131 ile T\u00fcrk Mitolojisi alan\u0131nda \u00e7al\u0131\u015fmak isteyen akademisyen, ara\u015ft\u0131rmac\u0131 ve \u00f6\u011frencilere ba\u015far\u0131yla yol g\u00f6stermeye devam etmektedir.<\/p>\n","protected":false},"excerpt":{"rendered":"<p>T\u00fcrk Mitolojisinin Ana Hatlar\u0131 kitab\u0131, yazar\u0131 taraf\u0131ndan ge\u00e7mi\u015ften g\u00fcn\u00fcm\u00fcze b\u00fct\u00fcn T\u00fcrk topluluklar\u0131n\u0131n mitlerini, ad\u0131ndan da anla\u015f\u0131laca\u011f\u0131 \u00fczere, bir genel ve temel \u00e7er\u00e7eve i\u00e7erisinde ele almaya \u00e7al\u0131\u015fan<span class=\"excerpt-hellip\"> [\u2026]<\/span><\/p>\n","protected":false},"featured_media":0,"template":"","meta":{"_monsterinsights_skip_tracking":false,"_monsterinsights_sitenote_active":false,"_monsterinsights_sitenote_note":"","_monsterinsights_sitenote_category":0},"product_brand":[],"product_cat":[12718,12858],"product_tag":[],"class_list":{"0":"post-728258","1":"product","2":"type-product","3":"status-publish","5":"product_cat-din","6":"product_cat-mitolojiler","7":"pa_cilt-ciltsiz","8":"pa_tur-kitap","9":"pa_yayinevi-otuken-nesriyat","10":"pa_yazar-yasar-coruhlu","12":"first","13":"instock","14":"sale","15":"shipping-taxable","16":"purchasable","17":"product-type-simple"},"_links":{"self":[{"href":"https:\/\/roveyayinevi.com.tr\/index.php\/wp-json\/wp\/v2\/product\/728258","targetHints":{"allow":["GET"]}}],"collection":[{"href":"https:\/\/roveyayinevi.com.tr\/index.php\/wp-json\/wp\/v2\/product"}],"about":[{"href":"https:\/\/roveyayinevi.com.tr\/index.php\/wp-json\/wp\/v2\/types\/product"}],"wp:attachment":[{"href":"https:\/\/roveyayinevi.com.tr\/index.php\/wp-json\/wp\/v2\/media?parent=728258"}],"wp:term":[{"taxonomy":"product_brand","embeddable":true,"href":"https:\/\/roveyayinevi.com.tr\/index.php\/wp-json\/wp\/v2\/product_brand?post=728258"},{"taxonomy":"product_cat","embeddable":true,"href":"https:\/\/roveyayinevi.com.tr\/index.php\/wp-json\/wp\/v2\/product_cat?post=728258"},{"taxonomy":"product_tag","embeddable":true,"href":"https:\/\/roveyayinevi.com.tr\/index.php\/wp-json\/wp\/v2\/product_tag?post=728258"}],"curies":[{"name":"wp","href":"https:\/\/api.w.org\/{rel}","templated":true}]}}