{"id":728256,"date":"2025-08-27T20:36:15","date_gmt":"2025-08-27T17:36:15","guid":{"rendered":"https:\/\/roveyayinevi.com.tr\/index.php\/urun\/turkluk-bilimi-dizisi-turk-dili-arastirmalari\/"},"modified":"2026-04-08T02:45:02","modified_gmt":"2026-04-07T23:45:02","slug":"turkluk-bilimi-dizisi-turk-dili-arastirmalari","status":"publish","type":"product","link":"https:\/\/roveyayinevi.com.tr\/index.php\/urun\/turkluk-bilimi-dizisi-turk-dili-arastirmalari\/","title":{"rendered":"T\u00fcrkl\u00fck Bilimi Dizisi &#8211; T\u00fcrk Dili Ara\u015ft\u0131rmalar\u0131"},"content":{"rendered":"<p>\u201cT\u00fcrkl\u00fck Bilimi Dizisi\u201d ad\u0131n\u0131 verdi\u011fimiz bu k\u00fc\u00e7\u00fck seride T\u00fcrk Dili, Edebiyat\u0131, Tarihi, Sanat\u0131 \u00fczerine, kendi sahalar\u0131n\u0131n usta kalemleri bilim adamlar\u0131 taraf\u0131ndan yaz\u0131lm\u0131\u015f makaleler yer almaktad\u0131r.M.\u00d6. 4500 y\u0131llar\u0131na kadar uzanan T\u00fcrk tarihinin Hunlar, Shatolar, Massagetler, Sakalar, K\u00f6kt\u00fcrkler, Uygurlar, Karahanl\u0131lar ve ba\u015fka T\u00fcrk kavimleri taraf\u0131ndan ortaya konmu\u015f pek \u00e7ok say\u0131s\u0131z eser ve yazmalar hakk\u0131nda yaz\u0131lacak o kadar \u00e7ok \u015fey vard\u0131r ki ciltlere s\u0131\u011fd\u0131ramazs\u0131n\u0131z.Bu dizinin ilk kitab\u0131 olan \u201cT\u00fcrk Dili\u201d \u00fczerine yaz\u0131lm\u0131\u015f makaleleri i\u00e7ine alan eser, konunun uzmanlar\u0131na, T\u00fcrk diline g\u00f6n\u00fcl veren T\u00fcrkl\u00fck sevdal\u0131s\u0131 gen\u00e7lere \u00f6z bilgiler verecek seviyededir.Sonraki dizilerde de \u201cT\u00fcrkl\u00fck Bilimi\u201dnin o konusunda yaz\u0131lm\u0131\u015f se\u00e7me makaleler sizlerin bilgilerini tazeleyecek, eksiklerinizi tamamlayacakt\u0131r.\u201cT\u00fcrkl\u00fck Bilimi\u201d adl\u0131 dizide makaleleri yer alan T\u00fcrkiye T\u00fcrkologlar\u0131n\u0131 kutlar, bu diziden yararlanacak gen\u00e7lerimize ve T\u00fcrkl\u00fck sevdal\u0131lar\u0131na sayg\u0131lar sunar\u0131z<\/p>\n","protected":false},"excerpt":{"rendered":"<p>\u201cT\u00fcrkl\u00fck Bilimi Dizisi\u201d ad\u0131n\u0131 verdi\u011fimiz bu k\u00fc\u00e7\u00fck seride T\u00fcrk Dili, Edebiyat\u0131, Tarihi, Sanat\u0131 \u00fczerine, kendi sahalar\u0131n\u0131n usta kalemleri bilim adamlar\u0131 taraf\u0131ndan yaz\u0131lm\u0131\u015f makaleler yer almaktad\u0131r.M.\u00d6. 4500<span class=\"excerpt-hellip\"> [\u2026]<\/span><\/p>\n","protected":false},"featured_media":0,"template":"","meta":{"_monsterinsights_skip_tracking":false,"_monsterinsights_sitenote_active":false,"_monsterinsights_sitenote_note":"","_monsterinsights_sitenote_category":0},"product_brand":[],"product_cat":[20225,12291],"product_tag":[],"class_list":{"0":"post-728256","1":"product","2":"type-product","3":"status-publish","5":"product_cat-dil-bilim","6":"product_cat-edebiyat","7":"pa_cilt-ciltsiz","8":"pa_tur-kitap","9":"pa_yayinevi-bilge-kultur-sanat","10":"pa_yazar-tuncer-gulensoy","12":"first","13":"instock","14":"sale","15":"shipping-taxable","16":"purchasable","17":"product-type-simple"},"_links":{"self":[{"href":"https:\/\/roveyayinevi.com.tr\/index.php\/wp-json\/wp\/v2\/product\/728256","targetHints":{"allow":["GET"]}}],"collection":[{"href":"https:\/\/roveyayinevi.com.tr\/index.php\/wp-json\/wp\/v2\/product"}],"about":[{"href":"https:\/\/roveyayinevi.com.tr\/index.php\/wp-json\/wp\/v2\/types\/product"}],"wp:attachment":[{"href":"https:\/\/roveyayinevi.com.tr\/index.php\/wp-json\/wp\/v2\/media?parent=728256"}],"wp:term":[{"taxonomy":"product_brand","embeddable":true,"href":"https:\/\/roveyayinevi.com.tr\/index.php\/wp-json\/wp\/v2\/product_brand?post=728256"},{"taxonomy":"product_cat","embeddable":true,"href":"https:\/\/roveyayinevi.com.tr\/index.php\/wp-json\/wp\/v2\/product_cat?post=728256"},{"taxonomy":"product_tag","embeddable":true,"href":"https:\/\/roveyayinevi.com.tr\/index.php\/wp-json\/wp\/v2\/product_tag?post=728256"}],"curies":[{"name":"wp","href":"https:\/\/api.w.org\/{rel}","templated":true}]}}