{"id":728255,"date":"2025-08-27T20:36:14","date_gmt":"2025-08-27T17:36:14","guid":{"rendered":"https:\/\/roveyayinevi.com.tr\/index.php\/urun\/farsca-dilbilgisi-2\/"},"modified":"2026-04-16T02:35:56","modified_gmt":"2026-04-15T23:35:56","slug":"farsca-dilbilgisi-2","status":"publish","type":"product","link":"https:\/\/roveyayinevi.com.tr\/index.php\/urun\/farsca-dilbilgisi-2\/","title":{"rendered":"Fars\u00e7a Dilbilgisi"},"content":{"rendered":"<p>\u0130ran dilleriyle u\u011fra\u015fanlar taraf\u0131ndan &#8220;Yeni Fars\u00e7a&#8221; olarak da adland\u0131r\u0131lan ve bug\u00fcn kom\u015fumuz \u0130ran&#8217;\u0131n resm\u00ee dili olan Fars\u00e7a, Hint-Avrupa dili ailesine mensup olup, \u00e7ok uzun bir tarih\u00ee ge\u00e7mi\u015fe sahip olan \u0130ran dillerinin son halkas\u0131n\u0131 te\u015fkil eder. T\u00fcrklerin Fars\u00e7a ile tan\u0131\u015fmas\u0131 daha bu dilin do\u011fdu\u011fu ilk y\u0131llara rastlar. Fars\u00e7a, cumhuriyetten \u00f6nce kurulmu\u015f olan M\u00fcsl\u00fcman T\u00fcrk devletlerinin bazen resm\u00ee dili, bazen de k\u00fclt\u00fcr ve edebiyat dili olarak kullan\u0131lm\u0131\u015ft\u0131r. K\u0131sacas\u0131 Fars\u00e7a biz T\u00fcrkler i\u00e7in herhangi bir yabanc\u0131 dil de\u011fil, dilimizi, edebiyat\u0131m\u0131z\u0131, tarihimizi, sanat\u0131m\u0131z\u0131 ara\u015ft\u0131raca\u011f\u0131m\u0131z zaman ba\u015fvurmak zorunda oldu\u011fumuz bir kaynak dildir.Elinizdeki kitap, Fars\u00e7a alfabeden ve okuma al\u0131\u015ft\u0131rmalar\u0131ndan ba\u015flayarak mastarlar, basit ve birle\u015fik fiillerin \u00e7ekimi, isim, s\u0131fat, say\u0131lar, zarflar, zamirler, \u00f6n ekler, son ekler gibi morfolojinin b\u00fct\u00fcn konular\u0131n\u0131 i\u015fledikten sonra c\u00fcmle bilgisine ge\u00e7erek Fars\u00e7ada c\u00fcmle yap\u0131lar\u0131 hakk\u0131nda \u00f6rnekleriyle bilgiler vermektedir. Kelimelerin okunu\u015flar\u0131n\u0131 da i\u00e7eren bu kitab\u0131n Fars\u00e7a \u00f6\u011frenmek isteyenler i\u00e7in iyi bir rehber olaca\u011f\u0131n\u0131 umuyoruz.<\/p>\n","protected":false},"excerpt":{"rendered":"<p>\u0130ran dilleriyle u\u011fra\u015fanlar taraf\u0131ndan &#8220;Yeni Fars\u00e7a&#8221; olarak da adland\u0131r\u0131lan ve bug\u00fcn kom\u015fumuz \u0130ran&#8217;\u0131n resm\u00ee dili olan Fars\u00e7a, Hint-Avrupa dili ailesine mensup olup, \u00e7ok uzun bir tarih\u00ee<span class=\"excerpt-hellip\"> [\u2026]<\/span><\/p>\n","protected":false},"featured_media":0,"template":"","meta":{"_monsterinsights_skip_tracking":false,"_monsterinsights_sitenote_active":false,"_monsterinsights_sitenote_note":"","_monsterinsights_sitenote_category":0},"product_brand":[],"product_cat":[20225,12291],"product_tag":[],"class_list":{"0":"post-728255","1":"product","2":"type-product","3":"status-publish","5":"product_cat-dil-bilim","6":"product_cat-edebiyat","7":"pa_cilt-ciltsiz","8":"pa_tur-kitap","9":"pa_yayinevi-bilge-kultur-sanat","10":"pa_yazar-mursel-ozturk","12":"first","13":"instock","14":"sale","15":"shipping-taxable","16":"purchasable","17":"product-type-simple"},"_links":{"self":[{"href":"https:\/\/roveyayinevi.com.tr\/index.php\/wp-json\/wp\/v2\/product\/728255","targetHints":{"allow":["GET"]}}],"collection":[{"href":"https:\/\/roveyayinevi.com.tr\/index.php\/wp-json\/wp\/v2\/product"}],"about":[{"href":"https:\/\/roveyayinevi.com.tr\/index.php\/wp-json\/wp\/v2\/types\/product"}],"wp:attachment":[{"href":"https:\/\/roveyayinevi.com.tr\/index.php\/wp-json\/wp\/v2\/media?parent=728255"}],"wp:term":[{"taxonomy":"product_brand","embeddable":true,"href":"https:\/\/roveyayinevi.com.tr\/index.php\/wp-json\/wp\/v2\/product_brand?post=728255"},{"taxonomy":"product_cat","embeddable":true,"href":"https:\/\/roveyayinevi.com.tr\/index.php\/wp-json\/wp\/v2\/product_cat?post=728255"},{"taxonomy":"product_tag","embeddable":true,"href":"https:\/\/roveyayinevi.com.tr\/index.php\/wp-json\/wp\/v2\/product_tag?post=728255"}],"curies":[{"name":"wp","href":"https:\/\/api.w.org\/{rel}","templated":true}]}}