{"id":728254,"date":"2025-08-27T20:36:13","date_gmt":"2025-08-27T17:36:13","guid":{"rendered":"https:\/\/roveyayinevi.com.tr\/index.php\/urun\/erken-devir-turk-sanati\/"},"modified":"2026-04-16T02:35:56","modified_gmt":"2026-04-15T23:35:56","slug":"erken-devir-turk-sanati","status":"publish","type":"product","link":"https:\/\/roveyayinevi.com.tr\/index.php\/urun\/erken-devir-turk-sanati\/","title":{"rendered":"Erken Devir T\u00fcrk Sanat\u0131"},"content":{"rendered":"<p>T\u00fcrkiye\u2019de sanat tarihinin T\u00fcrk Sanat\u0131 b\u00f6l\u00fcm\u00fc i\u00e7inde ba\u015fl\u0131 ba\u015f\u0131na bir uzmanl\u0131k alan\u0131 olarak \u00fczerinde durulmaya, Dr. Emel Esin ve Prof. Dr. Nejat Diyarbekirli ile ba\u015flanan, Erken Devir T\u00fcrk Sanat\u0131 (\u0130slam \u00d6ncesi T\u00fcrk Sanat\u0131) \u00e7al\u0131\u015fmalar\u0131, Prof. Dr. Ya\u015far \u00c7oruhlu ile bir geli\u015fme ivmesi kazand\u0131. Elinizdeki bu kitap, Ya\u015far \u00c7oruhlu\u2019nun Erken Devir T\u00fcrk Sanat\u0131\u2019n\u0131 k\u00f6kenleri ve ba\u015fl\u0131ca devirleri ile birlikte ele ald\u0131\u011f\u0131 T\u00fcrkiye\u2019de ve hatta d\u00fcnya yaz\u0131n\u0131nda bu kapsamdaki tek ve ayr\u0131nt\u0131l\u0131 bir temel ba\u015fvuru eseridir. S\u00f6z konusu kitap yaln\u0131zca \u00d6n-T\u00fcrk, Hun, G\u00f6kt\u00fcrk, eski Uygur, di\u011fer baz\u0131 Asya ve Avrupa T\u00fcrk boy ve devletlerinin sanat tarihini ana hatlar\u0131yla ele almakla kalm\u0131yor, ayn\u0131 zamanda bahsedilen d\u00f6nemlerin sanat eserleri ve arkeolojik malzemesi \u00fczerinde, T\u00fcrkleri ana eksene alarak, belirli bir y\u00f6nteme g\u00f6re \u00e7al\u0131\u015fman\u0131n da bir \u00f6rne\u011fini sunuyor. B\u00f6ylece  Avrasya Sanat Tarihi i\u00e7erisinde T\u00fcrk Sanat\u0131\u2019n\u0131n \u00f6zellikle de Erken Devir T\u00fcrk Sanat\u0131\u2019n\u0131n  yerinin ne oldu\u011funu veya olmas\u0131 gerekti\u011fini de ana hatlar\u0131 ile vurgulam\u0131\u015f oluyor.   Uzun s\u00fcredir T\u00fcrkiye\u2019de \u00f6nemli bir bo\u015flu\u011fu doldurma g\u00f6revini lay\u0131k\u0131yla yerine getiren bu kitap T\u00fcrk Sanat\u0131 Tarihi ara\u015ft\u0131rmac\u0131lar\u0131, akademisyenler, ilgili alanlarda \u00e7al\u0131\u015fmaya yeni ba\u015flayacak olanlar ve \u00f6\u011frenciler i\u00e7in kaleme al\u0131nd\u0131 ve bu son edisyonu  ile g\u00f6revini s\u00fcrd\u00fcr\u00fcyor.<\/p>\n","protected":false},"excerpt":{"rendered":"<p>T\u00fcrkiye\u2019de sanat tarihinin T\u00fcrk Sanat\u0131 b\u00f6l\u00fcm\u00fc i\u00e7inde ba\u015fl\u0131 ba\u015f\u0131na bir uzmanl\u0131k alan\u0131 olarak \u00fczerinde durulmaya, Dr. Emel Esin ve Prof. Dr. Nejat Diyarbekirli ile ba\u015flanan, Erken<span class=\"excerpt-hellip\"> [\u2026]<\/span><\/p>\n","protected":false},"featured_media":0,"template":"","meta":{"_monsterinsights_skip_tracking":false,"_monsterinsights_sitenote_active":false,"_monsterinsights_sitenote_note":"","_monsterinsights_sitenote_category":0},"product_brand":[],"product_cat":[12408,14197],"product_tag":[],"class_list":{"0":"post-728254","1":"product","2":"type-product","3":"status-publish","5":"product_cat-sanat","6":"product_cat-sanat-tarihi","7":"pa_cilt-ciltsiz","8":"pa_tur-kitap","9":"pa_yayinevi-otuken-nesriyat","10":"pa_yazar-yasar-coruhlu","12":"first","13":"instock","14":"sale","15":"shipping-taxable","16":"purchasable","17":"product-type-simple"},"_links":{"self":[{"href":"https:\/\/roveyayinevi.com.tr\/index.php\/wp-json\/wp\/v2\/product\/728254","targetHints":{"allow":["GET"]}}],"collection":[{"href":"https:\/\/roveyayinevi.com.tr\/index.php\/wp-json\/wp\/v2\/product"}],"about":[{"href":"https:\/\/roveyayinevi.com.tr\/index.php\/wp-json\/wp\/v2\/types\/product"}],"wp:attachment":[{"href":"https:\/\/roveyayinevi.com.tr\/index.php\/wp-json\/wp\/v2\/media?parent=728254"}],"wp:term":[{"taxonomy":"product_brand","embeddable":true,"href":"https:\/\/roveyayinevi.com.tr\/index.php\/wp-json\/wp\/v2\/product_brand?post=728254"},{"taxonomy":"product_cat","embeddable":true,"href":"https:\/\/roveyayinevi.com.tr\/index.php\/wp-json\/wp\/v2\/product_cat?post=728254"},{"taxonomy":"product_tag","embeddable":true,"href":"https:\/\/roveyayinevi.com.tr\/index.php\/wp-json\/wp\/v2\/product_tag?post=728254"}],"curies":[{"name":"wp","href":"https:\/\/api.w.org\/{rel}","templated":true}]}}