{"id":728252,"date":"2025-08-27T20:36:12","date_gmt":"2025-08-27T17:36:12","guid":{"rendered":"https:\/\/roveyayinevi.com.tr\/index.php\/urun\/erken-cocukluk-doneminde-yaraticilik-ve-yaratici-etkinlikler\/"},"modified":"2026-04-16T02:35:56","modified_gmt":"2026-04-15T23:35:56","slug":"erken-cocukluk-doneminde-yaraticilik-ve-yaratici-etkinlikler","status":"publish","type":"product","link":"https:\/\/roveyayinevi.com.tr\/index.php\/urun\/erken-cocukluk-doneminde-yaraticilik-ve-yaratici-etkinlikler\/","title":{"rendered":"Erken \u00c7ocukluk D\u00f6neminde Yarat\u0131c\u0131l\u0131k ve Yarat\u0131c\u0131 Etkinlikler"},"content":{"rendered":"<p>Bu kitapta yarat\u0131c\u0131l\u0131kla ilgili bilgilerin yan\u0131 s\u0131ra, okul \u00f6ncesi d\u00f6nem \u00e7ocuklar\u0131n\u0131n icat etme, ke\u015ffetme, merak etme, hayal etme oyunlar\u0131 oynad\u0131\u011f\u0131, yeni teknik ve stratejiler geli\u015ftirip kulland\u0131\u011f\u0131, ritim \u00e7al\u0131\u015fmas\u0131 yapt\u0131\u011f\u0131, materyalleri kendili\u011finden mant\u0131kl\u0131 ve al\u0131\u015f\u0131lmad\u0131k bir bi\u00e7imde s\u0131ralayarak d\u00fczenledi\u011fi-s\u0131n\u0131flad\u0131\u011f\u0131-s\u0131ralad\u0131\u011f\u0131, bir metne kendili\u011finden yeni diyalog ve hareket ekledi\u011fi, materyalleri i\u015flevi d\u0131\u015f\u0131nda yarat\u0131c\u0131 bir bi\u00e7imde farkl\u0131 i\u015flevlerde kullanabildi\u011fi etkinlikler yer almaktad\u0131r. Ayn\u0131 zamanda, \u00e7ocuklar\u0131n odakland\u0131\u011f\u0131, \u00e7\u00f6z\u00fcme gidecek yeni yollar denedi\u011fi, problem durumu zorla\u015fsa da ba\u015fka yollar denedi\u011fi, var olan \u00fcr\u00fcn\u00fc ba\u015fka bir \u00fcr\u00fcne d\u00f6n\u00fc\u015ft\u00fcrebildi\u011fi, bir etkinlikte \u00f6\u011frendi\u011fi bilgiyi ba\u015fka bir etkinli\u011fe transfer edebildi\u011fi, bir \u00f6r\u00fcnt\u00fcde mant\u0131kl\u0131 ili\u015fkiler kurdu\u011fu, \u00f6zg\u00fcn \u00fcr\u00fcnler tasarlad\u0131\u011f\u0131 etkinlikler bulunmaktad\u0131r.Okul \u00f6ncesi e\u011fitim program\u0131 haz\u0131rlan\u0131rken dikkat edilmesi gereken noktalar bulunmaktad\u0131r. Etkinlikler s\u0131ras\u0131nda \u00e7ocuklara se\u00e7enekler sunulmal\u0131 ve \u00e7ocu\u011fun istedi\u011fi materyali se\u00e7me hakk\u0131 olmal\u0131, kullan\u0131lan materyaller kolay haz\u0131rlanabilir olmal\u0131, ara\u015ft\u0131rma yaparken \u00e7ocuklara s\u00fcre verilmeli, acele ettirilmemelidir. Kendi fikirlerini ortaya koyabilmeleri i\u00e7in \u00e7ocuklar cesaretlendirilmelidir. Bunlar\u0131n d\u0131\u015f\u0131nda, en \u00f6nemlisi okul \u00f6ncesi e\u011fitimcisi yarat\u0131c\u0131l\u0131\u011fa ilgili ve hevesli olmal\u0131d\u0131r.<\/p>\n","protected":false},"excerpt":{"rendered":"<p>Bu kitapta yarat\u0131c\u0131l\u0131kla ilgili bilgilerin yan\u0131 s\u0131ra, okul \u00f6ncesi d\u00f6nem \u00e7ocuklar\u0131n\u0131n icat etme, ke\u015ffetme, merak etme, hayal etme oyunlar\u0131 oynad\u0131\u011f\u0131, yeni teknik ve stratejiler geli\u015ftirip kulland\u0131\u011f\u0131,<span class=\"excerpt-hellip\"> [\u2026]<\/span><\/p>\n","protected":false},"featured_media":0,"template":"","meta":{"_monsterinsights_skip_tracking":false,"_monsterinsights_sitenote_active":false,"_monsterinsights_sitenote_note":"","_monsterinsights_sitenote_category":0},"product_brand":[],"product_cat":[12573,12566],"product_tag":[],"class_list":{"0":"post-728252","1":"product","2":"type-product","3":"status-publish","5":"product_cat-akademik-kitaplar","6":"product_cat-egitim","7":"pa_cilt-ciltsiz","8":"pa_tur-kitap","9":"pa_yayinevi-egiten-kitap","10":"pa_yazar-zeynep-dere-esra-omeroglu","12":"first","13":"instock","14":"sale","15":"shipping-taxable","16":"purchasable","17":"product-type-simple"},"_links":{"self":[{"href":"https:\/\/roveyayinevi.com.tr\/index.php\/wp-json\/wp\/v2\/product\/728252","targetHints":{"allow":["GET"]}}],"collection":[{"href":"https:\/\/roveyayinevi.com.tr\/index.php\/wp-json\/wp\/v2\/product"}],"about":[{"href":"https:\/\/roveyayinevi.com.tr\/index.php\/wp-json\/wp\/v2\/types\/product"}],"wp:attachment":[{"href":"https:\/\/roveyayinevi.com.tr\/index.php\/wp-json\/wp\/v2\/media?parent=728252"}],"wp:term":[{"taxonomy":"product_brand","embeddable":true,"href":"https:\/\/roveyayinevi.com.tr\/index.php\/wp-json\/wp\/v2\/product_brand?post=728252"},{"taxonomy":"product_cat","embeddable":true,"href":"https:\/\/roveyayinevi.com.tr\/index.php\/wp-json\/wp\/v2\/product_cat?post=728252"},{"taxonomy":"product_tag","embeddable":true,"href":"https:\/\/roveyayinevi.com.tr\/index.php\/wp-json\/wp\/v2\/product_tag?post=728252"}],"curies":[{"name":"wp","href":"https:\/\/api.w.org\/{rel}","templated":true}]}}