{"id":728250,"date":"2025-08-27T20:36:10","date_gmt":"2025-08-27T17:36:10","guid":{"rendered":"https:\/\/roveyayinevi.com.tr\/index.php\/urun\/sporda-liderlik-ve-motivasyon\/"},"modified":"2026-04-16T02:35:56","modified_gmt":"2026-04-15T23:35:56","slug":"sporda-liderlik-ve-motivasyon","status":"publish","type":"product","link":"https:\/\/roveyayinevi.com.tr\/index.php\/urun\/sporda-liderlik-ve-motivasyon\/","title":{"rendered":"Sporda Liderlik ve Motivasyon"},"content":{"rendered":"<p>\u0130\u00e7indekiler1. B\u00f6l\u00fcm \u2013 Lider ve Liderlik1.1. Lider ve Liderlik Kavram\u01311.2. Liderlik Tarzlar\u01311.3. Liderlik Yakla\u015f\u0131mlar\u01312. B\u00f6l\u00fcm \u2013 Motivasyon2.1. Motivasyon Kavram\u01312.2. Motivasyon Teorileri3. B\u00f6l\u00fcm \u2013 Sporda Liderlik ve Motivasyon3.1. Sporda Liderlik4. B\u00f6l\u00fcm \u2013 Liderlik ve \u00d6\u011frenme Motivasyonu4.1. \u00d6\u011frenme ve Motivasyon \u0130li\u015fkisi5. B\u00f6l\u00fcm \u2013 Ege B\u00f6lgesinde Bulunan Spor Bilimleri Fak\u00fcltelerinde Sergilenen Liderlik Tarz\u0131n\u0131n Akademik Personelin \u00d6\u011frenme Motivasyonu \u00dczerine Etkisinin \u0130ncelenmesi \u0130simli Tez \u00c7al\u0131\u015fmas\u0131na Dair Bulgular5.1. Ara\u015ft\u0131rma\u2019n\u0131n Bulgular\u01315.2. Ara\u015ft\u0131rma \u0130le \u0130lgili Literat\u00fcrdeki Di\u011fer \u00c7al\u0131\u015fmalar<\/p>\n","protected":false},"excerpt":{"rendered":"<p>\u0130\u00e7indekiler1. B\u00f6l\u00fcm \u2013 Lider ve Liderlik1.1. Lider ve Liderlik Kavram\u01311.2. Liderlik Tarzlar\u01311.3. Liderlik Yakla\u015f\u0131mlar\u01312. B\u00f6l\u00fcm \u2013 Motivasyon2.1. Motivasyon Kavram\u01312.2. Motivasyon Teorileri3. B\u00f6l\u00fcm \u2013 Sporda Liderlik ve<span class=\"excerpt-hellip\"> [\u2026]<\/span><\/p>\n","protected":false},"featured_media":0,"template":"","meta":{"_monsterinsights_skip_tracking":false,"_monsterinsights_sitenote_active":false,"_monsterinsights_sitenote_note":"","_monsterinsights_sitenote_category":0},"product_brand":[],"product_cat":[15563,15564],"product_tag":[],"class_list":{"0":"post-728250","1":"product","2":"type-product","3":"status-publish","5":"product_cat-hobi","6":"product_cat-spor","7":"pa_cilt-ciltsiz","8":"pa_tur-kitap","9":"pa_yayinevi-gazi-kitabevi","10":"pa_yazar-asil-cetinkaya-osman-mutlu","12":"first","13":"instock","14":"sale","15":"shipping-taxable","16":"purchasable","17":"product-type-simple"},"_links":{"self":[{"href":"https:\/\/roveyayinevi.com.tr\/index.php\/wp-json\/wp\/v2\/product\/728250","targetHints":{"allow":["GET"]}}],"collection":[{"href":"https:\/\/roveyayinevi.com.tr\/index.php\/wp-json\/wp\/v2\/product"}],"about":[{"href":"https:\/\/roveyayinevi.com.tr\/index.php\/wp-json\/wp\/v2\/types\/product"}],"wp:attachment":[{"href":"https:\/\/roveyayinevi.com.tr\/index.php\/wp-json\/wp\/v2\/media?parent=728250"}],"wp:term":[{"taxonomy":"product_brand","embeddable":true,"href":"https:\/\/roveyayinevi.com.tr\/index.php\/wp-json\/wp\/v2\/product_brand?post=728250"},{"taxonomy":"product_cat","embeddable":true,"href":"https:\/\/roveyayinevi.com.tr\/index.php\/wp-json\/wp\/v2\/product_cat?post=728250"},{"taxonomy":"product_tag","embeddable":true,"href":"https:\/\/roveyayinevi.com.tr\/index.php\/wp-json\/wp\/v2\/product_tag?post=728250"}],"curies":[{"name":"wp","href":"https:\/\/api.w.org\/{rel}","templated":true}]}}