{"id":728249,"date":"2025-08-27T20:36:09","date_gmt":"2025-08-27T17:36:09","guid":{"rendered":"https:\/\/roveyayinevi.com.tr\/index.php\/urun\/ozbek-turkcesi\/"},"modified":"2026-04-16T02:35:56","modified_gmt":"2026-04-15T23:35:56","slug":"ozbek-turkcesi","status":"publish","type":"product","link":"https:\/\/roveyayinevi.com.tr\/index.php\/urun\/ozbek-turkcesi\/","title":{"rendered":"\u00d6zbek T\u00fcrk\u00e7esi"},"content":{"rendered":"<p>\u00c7al\u0131\u015fma k\u0131sa bir \u201cGiri\u015f\u201d b\u00f6l\u00fcm\u00fc ile \u201cSes Bilgisi\u201d, \u201c\u015eekil Bilgisi\u201d, \u201cKelime Bilimi\u201d ve \u201cS\u00f6z Dizimi\u201d ana ba\u015fl\u0131klar\u0131ndan olu\u015fmaktad\u0131r. Ayr\u0131ca \u00e7al\u0131\u015fman\u0131n sonunda k\u0131saca deyimler s\u00f6zl\u00fc\u011f\u00fc, gramer terimleri s\u00f6zl\u00fc\u011f\u00fc ve telaffuzu yak\u0131n kelimelerin s\u00f6zl\u00fc\u011f\u00fc verilmi\u015ftir. \u00d6zbek T\u00fcrk\u00e7esine dair gramer konular\u0131n\u0131n incelendi\u011fi b\u00f6l\u00fcmlerin sonunda bilgileri peki\u015ftirici \u00f6dev niteli\u011finde al\u0131\u015ft\u0131rmalar yer almaktad\u0131r. Ayr\u0131ca konular\u0131n sonuna i\u015flenmi\u015f konuya uygun pratik konu\u015fma c\u00fcmlelerinin bulundu\u011fu 33 diyalog ve aktarma \u00e7al\u0131\u015fmas\u0131 yapmak \u00fczere 26 metin eklenmi\u015ftir. Bu bak\u0131mdan da elinizdeki kitap dil bilgisi, al\u0131\u015ft\u0131rmalar, konu\u015fma, metinler i\u00e7eren ders kitab\u0131 niteli\u011finde bir \u00e7al\u0131\u015fmad\u0131r.<\/p>\n","protected":false},"excerpt":{"rendered":"<p>\u00c7al\u0131\u015fma k\u0131sa bir \u201cGiri\u015f\u201d b\u00f6l\u00fcm\u00fc ile \u201cSes Bilgisi\u201d, \u201c\u015eekil Bilgisi\u201d, \u201cKelime Bilimi\u201d ve \u201cS\u00f6z Dizimi\u201d ana ba\u015fl\u0131klar\u0131ndan olu\u015fmaktad\u0131r. Ayr\u0131ca \u00e7al\u0131\u015fman\u0131n sonunda k\u0131saca deyimler s\u00f6zl\u00fc\u011f\u00fc, gramer terimleri<span class=\"excerpt-hellip\"> [\u2026]<\/span><\/p>\n","protected":false},"featured_media":0,"template":"","meta":{"_monsterinsights_skip_tracking":false,"_monsterinsights_sitenote_active":false,"_monsterinsights_sitenote_note":"","_monsterinsights_sitenote_category":0},"product_brand":[],"product_cat":[20225,12291],"product_tag":[],"class_list":{"0":"post-728249","1":"product","2":"type-product","3":"status-publish","5":"product_cat-dil-bilim","6":"product_cat-edebiyat","7":"pa_cilt-ciltsiz","8":"pa_tur-kitap","9":"pa_yayinevi-delta-kultur-yayinevi","10":"pa_yazar-huseyin-yildirim","12":"first","13":"instock","14":"sale","15":"shipping-taxable","16":"purchasable","17":"product-type-simple"},"_links":{"self":[{"href":"https:\/\/roveyayinevi.com.tr\/index.php\/wp-json\/wp\/v2\/product\/728249","targetHints":{"allow":["GET"]}}],"collection":[{"href":"https:\/\/roveyayinevi.com.tr\/index.php\/wp-json\/wp\/v2\/product"}],"about":[{"href":"https:\/\/roveyayinevi.com.tr\/index.php\/wp-json\/wp\/v2\/types\/product"}],"wp:attachment":[{"href":"https:\/\/roveyayinevi.com.tr\/index.php\/wp-json\/wp\/v2\/media?parent=728249"}],"wp:term":[{"taxonomy":"product_brand","embeddable":true,"href":"https:\/\/roveyayinevi.com.tr\/index.php\/wp-json\/wp\/v2\/product_brand?post=728249"},{"taxonomy":"product_cat","embeddable":true,"href":"https:\/\/roveyayinevi.com.tr\/index.php\/wp-json\/wp\/v2\/product_cat?post=728249"},{"taxonomy":"product_tag","embeddable":true,"href":"https:\/\/roveyayinevi.com.tr\/index.php\/wp-json\/wp\/v2\/product_tag?post=728249"}],"curies":[{"name":"wp","href":"https:\/\/api.w.org\/{rel}","templated":true}]}}