{"id":728248,"date":"2025-08-27T20:36:08","date_gmt":"2025-08-27T17:36:08","guid":{"rendered":"https:\/\/roveyayinevi.com.tr\/index.php\/urun\/milliyetciligin-cografyalari-2\/"},"modified":"2026-04-16T02:35:56","modified_gmt":"2026-04-15T23:35:56","slug":"milliyetciligin-cografyalari-2","status":"publish","type":"product","link":"https:\/\/roveyayinevi.com.tr\/index.php\/urun\/milliyetciligin-cografyalari-2\/","title":{"rendered":"Milliyet\u00e7ili\u011fin Co\u011frafyalar\u0131 2"},"content":{"rendered":"<p>Giri\u015f : Kavramsal \u00c7er\u00e7eve Ve B\u00f6l\u00fcmlerDr. Yusuf Ziya B\u00f6l\u00fckba\u015f\u0131Bulgar Milliyet\u00e7ili\u011fiDr. Fatma Rodoplu Y\u0131ld\u0131r\u0131m ve Do\u00e7.Dr. B\u00fclent Y\u0131ld\u0131r\u0131mHindu Milliyet\u00e7ili\u011fiAr\u015f.G\u00f6r. Levent Odaba\u015f\u0131Iran Milliyet\u00e7ili\u011fiArif KeskinItalyan Milliyet\u00e7ili\u011fiDr. Ya\u015far P\u0131nar \u00d6zmenMacar Milliyet\u00e7ili\u011fiDr. G\u00f6kberk Y\u00fccelSirp Milliyet\u00e7ili\u011fiNikolina KunicYunan Milliyet\u00e7ili\u011fiDr.B\u00fclent Akyay<\/p>\n","protected":false},"excerpt":{"rendered":"<p>Giri\u015f : Kavramsal \u00c7er\u00e7eve Ve B\u00f6l\u00fcmlerDr. Yusuf Ziya B\u00f6l\u00fckba\u015f\u0131Bulgar Milliyet\u00e7ili\u011fiDr. Fatma Rodoplu Y\u0131ld\u0131r\u0131m ve Do\u00e7.Dr. B\u00fclent Y\u0131ld\u0131r\u0131mHindu Milliyet\u00e7ili\u011fiAr\u015f.G\u00f6r. Levent Odaba\u015f\u0131Iran Milliyet\u00e7ili\u011fiArif KeskinItalyan Milliyet\u00e7ili\u011fiDr. Ya\u015far P\u0131nar \u00d6zmenMacar<span class=\"excerpt-hellip\"> [\u2026]<\/span><\/p>\n","protected":false},"featured_media":0,"template":"","meta":{"_monsterinsights_skip_tracking":false,"_monsterinsights_sitenote_active":false,"_monsterinsights_sitenote_note":"","_monsterinsights_sitenote_category":0},"product_brand":[],"product_cat":[13590,12337],"product_tag":[],"class_list":{"0":"post-728248","1":"product","2":"type-product","3":"status-publish","5":"product_cat-arastirma-inceleme-politika-siyaset","6":"product_cat-politika-siyaset","7":"pa_cilt-ciltsiz","8":"pa_tur-kitap","9":"pa_yayinevi-gazi-kitabevi","10":"pa_yazar-yusuf-ziya-bolukbasi","12":"first","13":"instock","14":"sale","15":"shipping-taxable","16":"purchasable","17":"product-type-simple"},"_links":{"self":[{"href":"https:\/\/roveyayinevi.com.tr\/index.php\/wp-json\/wp\/v2\/product\/728248","targetHints":{"allow":["GET"]}}],"collection":[{"href":"https:\/\/roveyayinevi.com.tr\/index.php\/wp-json\/wp\/v2\/product"}],"about":[{"href":"https:\/\/roveyayinevi.com.tr\/index.php\/wp-json\/wp\/v2\/types\/product"}],"wp:attachment":[{"href":"https:\/\/roveyayinevi.com.tr\/index.php\/wp-json\/wp\/v2\/media?parent=728248"}],"wp:term":[{"taxonomy":"product_brand","embeddable":true,"href":"https:\/\/roveyayinevi.com.tr\/index.php\/wp-json\/wp\/v2\/product_brand?post=728248"},{"taxonomy":"product_cat","embeddable":true,"href":"https:\/\/roveyayinevi.com.tr\/index.php\/wp-json\/wp\/v2\/product_cat?post=728248"},{"taxonomy":"product_tag","embeddable":true,"href":"https:\/\/roveyayinevi.com.tr\/index.php\/wp-json\/wp\/v2\/product_tag?post=728248"}],"curies":[{"name":"wp","href":"https:\/\/api.w.org\/{rel}","templated":true}]}}