{"id":728243,"date":"2025-08-27T20:36:04","date_gmt":"2025-08-27T17:36:04","guid":{"rendered":"https:\/\/roveyayinevi.com.tr\/index.php\/urun\/aile-isletmeleri-2\/"},"modified":"2026-04-16T02:35:56","modified_gmt":"2026-04-15T23:35:56","slug":"aile-isletmeleri-2","status":"publish","type":"product","link":"https:\/\/roveyayinevi.com.tr\/index.php\/urun\/aile-isletmeleri-2\/","title":{"rendered":"Aile \u0130\u015fletmeleri"},"content":{"rendered":"<p>1. Aile \u0130\u015fletmesi Kavram\u0131 ve Tan\u0131mlamalar\u01312. Aile \u0130\u015fletmelerinde Y\u00f6netim Yap\u0131s\u0131 ve Geli\u015fimi3. Aile \u0130\u015fletmelerinde Ya\u015fam D\u00f6nemleri4. Aile \u0130\u015fletmelerinin G\u00fc\u00e7l\u00fc ve Zay\u0131f Y\u00f6nleri5. Aile \u0130\u015fletmelerinde \u0130kinci Ku\u015fak ve \u0130kinci Ku\u015faktan Kaynaklanan Sorunlar6. Aile \u0130\u015fletmelerinde \u0130kinci Ku\u015faktan Kaynaklanan Sorunlar Ve \u00c7\u00f6z\u00fcm \u00d6nerileri : (Sorunlar\u0131n Birinci Ku\u015fa\u011f\u0131n G\u00f6r\u00fc\u015fleriyle Tespit Edilmesine Y\u00f6nelik Bir Alan Ara\u015ft\u0131rmas\u01317. Ara\u015ft\u0131rma Bulgular\u01318. Sonu\u00e7 ve \u00d6neriler<\/p>\n","protected":false},"excerpt":{"rendered":"<p>1. Aile \u0130\u015fletmesi Kavram\u0131 ve Tan\u0131mlamalar\u01312. Aile \u0130\u015fletmelerinde Y\u00f6netim Yap\u0131s\u0131 ve Geli\u015fimi3. Aile \u0130\u015fletmelerinde Ya\u015fam D\u00f6nemleri4. Aile \u0130\u015fletmelerinin G\u00fc\u00e7l\u00fc ve Zay\u0131f Y\u00f6nleri5. Aile \u0130\u015fletmelerinde \u0130kinci Ku\u015fak<span class=\"excerpt-hellip\"> [\u2026]<\/span><\/p>\n","protected":false},"featured_media":0,"template":"","meta":{"_monsterinsights_skip_tracking":false,"_monsterinsights_sitenote_active":false,"_monsterinsights_sitenote_note":"","_monsterinsights_sitenote_category":0},"product_brand":[],"product_cat":[13043,14381],"product_tag":[],"class_list":{"0":"post-728243","1":"product","2":"type-product","3":"status-publish","5":"product_cat-ekonomi","6":"product_cat-isletme-muhasebe-maliye","7":"pa_cilt-ciltsiz","8":"pa_tur-kitap","9":"pa_yayinevi-gazi-kitabevi","10":"pa_yazar-ahmet-ilhan","12":"first","13":"instock","14":"sale","15":"shipping-taxable","16":"purchasable","17":"product-type-simple"},"_links":{"self":[{"href":"https:\/\/roveyayinevi.com.tr\/index.php\/wp-json\/wp\/v2\/product\/728243","targetHints":{"allow":["GET"]}}],"collection":[{"href":"https:\/\/roveyayinevi.com.tr\/index.php\/wp-json\/wp\/v2\/product"}],"about":[{"href":"https:\/\/roveyayinevi.com.tr\/index.php\/wp-json\/wp\/v2\/types\/product"}],"wp:attachment":[{"href":"https:\/\/roveyayinevi.com.tr\/index.php\/wp-json\/wp\/v2\/media?parent=728243"}],"wp:term":[{"taxonomy":"product_brand","embeddable":true,"href":"https:\/\/roveyayinevi.com.tr\/index.php\/wp-json\/wp\/v2\/product_brand?post=728243"},{"taxonomy":"product_cat","embeddable":true,"href":"https:\/\/roveyayinevi.com.tr\/index.php\/wp-json\/wp\/v2\/product_cat?post=728243"},{"taxonomy":"product_tag","embeddable":true,"href":"https:\/\/roveyayinevi.com.tr\/index.php\/wp-json\/wp\/v2\/product_tag?post=728243"}],"curies":[{"name":"wp","href":"https:\/\/api.w.org\/{rel}","templated":true}]}}