{"id":728242,"date":"2025-08-27T20:36:04","date_gmt":"2025-08-27T17:36:04","guid":{"rendered":"https:\/\/roveyayinevi.com.tr\/index.php\/urun\/zonguldakta-spora-katilimin-sosyo-ekonomik-boyutu\/"},"modified":"2026-04-16T02:35:56","modified_gmt":"2026-04-15T23:35:56","slug":"zonguldakta-spora-katilimin-sosyo-ekonomik-boyutu","status":"publish","type":"product","link":"https:\/\/roveyayinevi.com.tr\/index.php\/urun\/zonguldakta-spora-katilimin-sosyo-ekonomik-boyutu\/","title":{"rendered":"Zonguldak&#8217;ta Spora Kat\u0131l\u0131m\u0131n Sosyo-Ekonomik Boyutu"},"content":{"rendered":"<p>\u0130\u00e7indekiler  I G\u0130R\u0130\u015e A.Problem B. Ara\u015ft\u0131rman\u0131n Amac\u0131 C. Ara\u015ft\u0131rman\u0131n \u00d6nemi D. Arat\u0131rman\u0131n Denenceleri E. Ara\u015ft\u0131rman\u0131n Say\u0131lt\u0131lar\u0131 F. Ara\u015ft\u0131rman\u0131n S\u0131n\u0131rl\u0131l\u0131klar\u0131 G.  Ara\u015ft\u0131rman\u0131n Kon usu \u0130le \u0130lgili Tan\u0131mlar H Spora Kat\u0131l\u0131m\u0131n Sosyo-Ekonomik Boyutu \u0130le \u0130lgili Ara\u015ft\u0131rmalar II. GENEL B\u0130LG\u0130LER A. Zonguldak \u0130linin Tarihi,Co\u011frafi,Sosyo-Ekonomik Ve K\u00fclt\u00fcrel Yap\u0131s\u0131 B.  Spora Kat\u0131l\u0131m\u0131 Te\u015fvik Eden Sosyo-Ekonomik Fakt\u00f6rler C.  Sosyo-Ekonomik Yap\u0131 ve Spor \u0130li\u015fkisi D. Aile ve Spor \u0130li\u015fkisi E.  E\u011fitim ve Spor \u0130li\u015fkisi A. Zonguldak \u0130linde Sporun Tarihi Geli\u015fimi B.  Zonguldak\u2019ta Gen\u00e7lik ve Spor \u0130l M\u00fcd\u00fcrl\u00fc\u011f\u00fc\u2019n\u00fcn Spor Faaliyetleri C.  Zonguldak\u2019ta Ger\u00e7ekle\u015ftirilen Spor Yat\u0131r\u0131mlar\u0131  MATERYAL VE Y\u00d6NTEM A.  Ara\u015ft\u0131rman\u0131n Y\u00f6netemi B. Evren ve \u00d6rneklem C. Veri Toplama Arac\u0131(Anket)  BULGULAR  TARTI\u015eMA  IV. SONU\u00c7<\/p>\n","protected":false},"excerpt":{"rendered":"<p>\u0130\u00e7indekiler I G\u0130R\u0130\u015e A.Problem B. Ara\u015ft\u0131rman\u0131n Amac\u0131 C. Ara\u015ft\u0131rman\u0131n \u00d6nemi D. Arat\u0131rman\u0131n Denenceleri E. Ara\u015ft\u0131rman\u0131n Say\u0131lt\u0131lar\u0131 F. Ara\u015ft\u0131rman\u0131n S\u0131n\u0131rl\u0131l\u0131klar\u0131 G. Ara\u015ft\u0131rman\u0131n Kon usu \u0130le \u0130lgili Tan\u0131mlar<span class=\"excerpt-hellip\"> [\u2026]<\/span><\/p>\n","protected":false},"featured_media":0,"template":"","meta":{"_monsterinsights_skip_tracking":false,"_monsterinsights_sitenote_active":false,"_monsterinsights_sitenote_note":"","_monsterinsights_sitenote_category":0},"product_brand":[],"product_cat":[15563,15564],"product_tag":[],"class_list":{"0":"post-728242","1":"product","2":"type-product","3":"status-publish","5":"product_cat-hobi","6":"product_cat-spor","7":"pa_cilt-ciltsiz","8":"pa_tur-kitap","9":"pa_yayinevi-gazi-kitabevi","10":"pa_yazar-hudaverdi-mamak","12":"first","13":"instock","14":"sale","15":"shipping-taxable","16":"purchasable","17":"product-type-simple"},"_links":{"self":[{"href":"https:\/\/roveyayinevi.com.tr\/index.php\/wp-json\/wp\/v2\/product\/728242","targetHints":{"allow":["GET"]}}],"collection":[{"href":"https:\/\/roveyayinevi.com.tr\/index.php\/wp-json\/wp\/v2\/product"}],"about":[{"href":"https:\/\/roveyayinevi.com.tr\/index.php\/wp-json\/wp\/v2\/types\/product"}],"wp:attachment":[{"href":"https:\/\/roveyayinevi.com.tr\/index.php\/wp-json\/wp\/v2\/media?parent=728242"}],"wp:term":[{"taxonomy":"product_brand","embeddable":true,"href":"https:\/\/roveyayinevi.com.tr\/index.php\/wp-json\/wp\/v2\/product_brand?post=728242"},{"taxonomy":"product_cat","embeddable":true,"href":"https:\/\/roveyayinevi.com.tr\/index.php\/wp-json\/wp\/v2\/product_cat?post=728242"},{"taxonomy":"product_tag","embeddable":true,"href":"https:\/\/roveyayinevi.com.tr\/index.php\/wp-json\/wp\/v2\/product_tag?post=728242"}],"curies":[{"name":"wp","href":"https:\/\/api.w.org\/{rel}","templated":true}]}}