{"id":728240,"date":"2025-08-27T20:36:02","date_gmt":"2025-08-27T17:36:02","guid":{"rendered":"https:\/\/roveyayinevi.com.tr\/index.php\/urun\/turkiyede-ve-dunyada-insan-haklari-egitimi\/"},"modified":"2026-04-16T02:35:56","modified_gmt":"2026-04-15T23:35:56","slug":"turkiyede-ve-dunyada-insan-haklari-egitimi","status":"publish","type":"product","link":"https:\/\/roveyayinevi.com.tr\/index.php\/urun\/turkiyede-ve-dunyada-insan-haklari-egitimi\/","title":{"rendered":"T\u00fcrkiye&#8217;de ve D\u00fcnyada \u0130nsan Haklar\u0131 E\u011fitimi"},"content":{"rendered":"<p>Bu kitap UNESCO T\u00fcrkiye Milli Komisyonu, \u0130nsan Haklar\u0131 \u0130htisas Komitesi\u2019nin \u00f6nc\u00fcl\u00fc\u011f\u00fcnde, Hacettepe ve Maltepe \u00dcniversiteleri \u0130nsan Haklar\u0131 Merkezleri taraf\u0131ndan Hacettepe \u00dcniversitesi\u2019nde d\u00fczenlenen \u201cUNESCO Karar ve Verileri I\u015f\u0131\u011f\u0131nda \u0130nsan Haklar\u0131 E\u011fitimi\u201d uluslararas\u0131 konferans\u0131n\u0131n bildirilerinden olu\u015fmaktad\u0131r. T\u00fcrk\u00e7e ve \u0130ngilizce olarak sunulduklar\u0131 dilde bas\u0131lan bu bildirilerde d\u00fcnyam\u0131zda insan haklar\u0131 e\u011fitiminin sorunlar\u0131 ele al\u0131nmakta ve nas\u0131l bir insan haklar\u0131 e\u011fitimiyle bug\u00fcn ya\u015fanan insan haklar\u0131 ihlallerinin azalt\u0131labilece\u011fi, insan haklar\u0131 ihlallerinin ya\u015fanmad\u0131\u011f\u0131 bir d\u00fcnyan\u0131n ne t\u00fcr bir e\u011fitimle kurulabilece\u011fi, farkl\u0131 \u00fclkelerin bu konudaki deneyimleri \u00fczerinden tart\u0131\u015f\u0131lmaktad\u0131r. <\/p>\n","protected":false},"excerpt":{"rendered":"<p>Bu kitap UNESCO T\u00fcrkiye Milli Komisyonu, \u0130nsan Haklar\u0131 \u0130htisas Komitesi\u2019nin \u00f6nc\u00fcl\u00fc\u011f\u00fcnde, Hacettepe ve Maltepe \u00dcniversiteleri \u0130nsan Haklar\u0131 Merkezleri taraf\u0131ndan Hacettepe \u00dcniversitesi\u2019nde d\u00fczenlenen \u201cUNESCO Karar ve Verileri<span class=\"excerpt-hellip\"> [\u2026]<\/span><\/p>\n","protected":false},"featured_media":0,"template":"","meta":{"_monsterinsights_skip_tracking":false,"_monsterinsights_sitenote_active":false,"_monsterinsights_sitenote_note":"","_monsterinsights_sitenote_category":0},"product_brand":[],"product_cat":[14787,13488],"product_tag":[],"class_list":{"0":"post-728240","1":"product","2":"type-product","3":"status-publish","5":"product_cat-diger-toplum-ve-insan","6":"product_cat-toplum-ve-insan","7":"pa_cilt-ciltsiz","8":"pa_tur-kitap","9":"pa_yayinevi-turkiye-felsefe-kurumu","10":"pa_yazar-turkiye-felsefe-kurumu-kolektif","12":"first","13":"instock","14":"sale","15":"shipping-taxable","16":"purchasable","17":"product-type-simple"},"_links":{"self":[{"href":"https:\/\/roveyayinevi.com.tr\/index.php\/wp-json\/wp\/v2\/product\/728240","targetHints":{"allow":["GET"]}}],"collection":[{"href":"https:\/\/roveyayinevi.com.tr\/index.php\/wp-json\/wp\/v2\/product"}],"about":[{"href":"https:\/\/roveyayinevi.com.tr\/index.php\/wp-json\/wp\/v2\/types\/product"}],"wp:attachment":[{"href":"https:\/\/roveyayinevi.com.tr\/index.php\/wp-json\/wp\/v2\/media?parent=728240"}],"wp:term":[{"taxonomy":"product_brand","embeddable":true,"href":"https:\/\/roveyayinevi.com.tr\/index.php\/wp-json\/wp\/v2\/product_brand?post=728240"},{"taxonomy":"product_cat","embeddable":true,"href":"https:\/\/roveyayinevi.com.tr\/index.php\/wp-json\/wp\/v2\/product_cat?post=728240"},{"taxonomy":"product_tag","embeddable":true,"href":"https:\/\/roveyayinevi.com.tr\/index.php\/wp-json\/wp\/v2\/product_tag?post=728240"}],"curies":[{"name":"wp","href":"https:\/\/api.w.org\/{rel}","templated":true}]}}