{"id":728239,"date":"2025-08-27T20:36:02","date_gmt":"2025-08-27T17:36:02","guid":{"rendered":"https:\/\/roveyayinevi.com.tr\/index.php\/urun\/islam-sanatinin-yeniden-tesekkulu\/"},"modified":"2026-04-16T02:35:56","modified_gmt":"2026-04-15T23:35:56","slug":"islam-sanatinin-yeniden-tesekkulu","status":"publish","type":"product","link":"https:\/\/roveyayinevi.com.tr\/index.php\/urun\/islam-sanatinin-yeniden-tesekkulu\/","title":{"rendered":"\u0130slam Sanat\u0131&#8217;n\u0131n Yeniden Te\u015fekk\u00fcl\u00fc"},"content":{"rendered":"<p>G\u00fczel Sanatlar\u2019\u0131n \u015fekillenmesi, medeniyetlere g\u00f6refarkl\u0131l\u0131klar arz eder\u2026 Bu farkl\u0131l\u0131klar\u0131n temelindemedeniyetlerin temel kabulleri ve tarihi olu\u015fumlar\u0131yatmaktad\u0131r.\u0130slam Sanat\u0131\u2019n\u0131n Yeniden Te\u015fekk\u00fcl\u00fc kitab\u0131, adetaezoterik bir muhtevaya d\u00f6n\u00fc\u015ft\u00fcr\u00fclen \u0130slamSanat\u0131\u2019n\u0131n medeniyet birikimiyle ili\u015fkisini netle\u015ftirmektedir.<\/p>\n","protected":false},"excerpt":{"rendered":"<p>G\u00fczel Sanatlar\u2019\u0131n \u015fekillenmesi, medeniyetlere g\u00f6refarkl\u0131l\u0131klar arz eder\u2026 Bu farkl\u0131l\u0131klar\u0131n temelindemedeniyetlerin temel kabulleri ve tarihi olu\u015fumlar\u0131yatmaktad\u0131r.\u0130slam Sanat\u0131\u2019n\u0131n Yeniden Te\u015fekk\u00fcl\u00fc kitab\u0131, adetaezoterik bir muhtevaya d\u00f6n\u00fc\u015ft\u00fcr\u00fclen \u0130slamSanat\u0131\u2019n\u0131n medeniyet birikimiyle<span class=\"excerpt-hellip\"> [\u2026]<\/span><\/p>\n","protected":false},"featured_media":0,"template":"","meta":{"_monsterinsights_skip_tracking":false,"_monsterinsights_sitenote_active":false,"_monsterinsights_sitenote_note":"","_monsterinsights_sitenote_category":0},"product_brand":[],"product_cat":[36242,12566,13611],"product_tag":[],"class_list":{"0":"post-728239","1":"product","2":"type-product","3":"status-publish","5":"product_cat-diger-sozlukler-ve-konusma-kilavuzlari","6":"product_cat-egitim","7":"product_cat-sozlukler-ve-konusma-kilavuzlari","8":"pa_cilt-ciltsiz","9":"pa_tur-kitap","10":"pa_yayinevi-biyografi-net-yayincilik","11":"pa_yazar-mahmut-cetin","13":"first","14":"instock","15":"sale","16":"shipping-taxable","17":"purchasable","18":"product-type-simple"},"_links":{"self":[{"href":"https:\/\/roveyayinevi.com.tr\/index.php\/wp-json\/wp\/v2\/product\/728239","targetHints":{"allow":["GET"]}}],"collection":[{"href":"https:\/\/roveyayinevi.com.tr\/index.php\/wp-json\/wp\/v2\/product"}],"about":[{"href":"https:\/\/roveyayinevi.com.tr\/index.php\/wp-json\/wp\/v2\/types\/product"}],"wp:attachment":[{"href":"https:\/\/roveyayinevi.com.tr\/index.php\/wp-json\/wp\/v2\/media?parent=728239"}],"wp:term":[{"taxonomy":"product_brand","embeddable":true,"href":"https:\/\/roveyayinevi.com.tr\/index.php\/wp-json\/wp\/v2\/product_brand?post=728239"},{"taxonomy":"product_cat","embeddable":true,"href":"https:\/\/roveyayinevi.com.tr\/index.php\/wp-json\/wp\/v2\/product_cat?post=728239"},{"taxonomy":"product_tag","embeddable":true,"href":"https:\/\/roveyayinevi.com.tr\/index.php\/wp-json\/wp\/v2\/product_tag?post=728239"}],"curies":[{"name":"wp","href":"https:\/\/api.w.org\/{rel}","templated":true}]}}