{"id":728238,"date":"2025-08-27T20:36:00","date_gmt":"2025-08-27T17:36:00","guid":{"rendered":"https:\/\/roveyayinevi.com.tr\/index.php\/urun\/ustalar-ve-guzel-insanlar\/"},"modified":"2026-04-16T02:35:56","modified_gmt":"2026-04-15T23:35:56","slug":"ustalar-ve-guzel-insanlar","status":"publish","type":"product","link":"https:\/\/roveyayinevi.com.tr\/index.php\/urun\/ustalar-ve-guzel-insanlar\/","title":{"rendered":"Ustalar ve G\u00fczel \u0130nsanlar"},"content":{"rendered":"<p>Ustalar ve G\u00fczel \u0130nsanlar, bize yol ve yordam \u00f6\u011fretir\u2026Bilgi; ustas\u0131z \u00f6\u011frenilebilseydi, internet yazarlar\u0131 Tolstoy\u2019u ve Tanp\u0131nar\u2019\u0131 ge\u00e7er, facebook insanl\u0131\u011f\u0131n en hikmetli yolu olurdu.Bilginin oto yolu ustas\u0131z bir ak\u0131\u015f haline gelince, bir e\u011flence arac\u0131na d\u00f6n\u00fc\u015f\u00fcyor.Ustalar ve G\u00fczel \u0130nsanlar kuru akl\u0131n s\u0131n\u0131rlar\u0131n\u0131 a\u015far, sat\u0131r aralar\u0131nda bir \u015feyler s\u00f6yler muhatab\u0131na.Zaman\u0131n elinden tutan bu insanlar sadece an\u0131lar\u0131yla de\u011fil, ruhlar\u0131yla da ya\u015farlar.Ustalar ve G\u00fczel \u0130nsanlar kendilikbilgisi\u2019ne vak\u0131ft\u0131r ve hayata farkl\u0131 bakarlar. Onlar liderlik \u00f6zellikleriyle bizi kimlikli, ki\u015filikli ve diri tutarlar.Yaz\u0131, bilgi, kitap\u2026 Yollar hep ustalara \u00e7\u0131k\u0131yor.Selam olsun onlara\u2026\u00d6mer Seyfettin, Ahmet Hamdi Tanp\u0131nar, Kemal Tahir, Cengiz Da\u011fc\u0131, Mehmet Kaplan, M\u00fcmtaz Turhan, Nurettin Top\u00e7u, Sabri \u00dclgener, Turgut Cansever, Ali Fuat Ba\u015fgil, Sencer Divit\u00e7io\u011flu, Aytun\u00e7 Alt\u0131ndal, Nevzat K\u00f6so\u011flu, Metin Erksan, Oktay Sinano\u011flu, Mustafa Miyaso\u011flu, Ay\u015fe \u015easa, Erol Mermer, Afet Ilgaz, Aziz Sancar, \u0130smet \u00d6zel, Niyazi Y\u0131ld\u0131r\u0131m Gen\u00e7osmano\u011flu. <\/p>\n","protected":false},"excerpt":{"rendered":"<p>Ustalar ve G\u00fczel \u0130nsanlar, bize yol ve yordam \u00f6\u011fretir\u2026Bilgi; ustas\u0131z \u00f6\u011frenilebilseydi, internet yazarlar\u0131 Tolstoy\u2019u ve Tanp\u0131nar\u2019\u0131 ge\u00e7er, facebook insanl\u0131\u011f\u0131n en hikmetli yolu olurdu.Bilginin oto yolu ustas\u0131z<span class=\"excerpt-hellip\"> [\u2026]<\/span><\/p>\n","protected":false},"featured_media":0,"template":"","meta":{"_monsterinsights_skip_tracking":false,"_monsterinsights_sitenote_active":false,"_monsterinsights_sitenote_note":"","_monsterinsights_sitenote_category":0},"product_brand":[],"product_cat":[14009,12291],"product_tag":[],"class_list":{"0":"post-728238","1":"product","2":"type-product","3":"status-publish","5":"product_cat-biyografi-otobiyografi-edebiyat","6":"product_cat-edebiyat","7":"pa_cilt-ciltsiz","8":"pa_tur-kitap","9":"pa_yayinevi-biyografi-net-yayincilik","10":"pa_yazar-mahmut-cetin","12":"first","13":"instock","14":"sale","15":"shipping-taxable","16":"purchasable","17":"product-type-simple"},"_links":{"self":[{"href":"https:\/\/roveyayinevi.com.tr\/index.php\/wp-json\/wp\/v2\/product\/728238","targetHints":{"allow":["GET"]}}],"collection":[{"href":"https:\/\/roveyayinevi.com.tr\/index.php\/wp-json\/wp\/v2\/product"}],"about":[{"href":"https:\/\/roveyayinevi.com.tr\/index.php\/wp-json\/wp\/v2\/types\/product"}],"wp:attachment":[{"href":"https:\/\/roveyayinevi.com.tr\/index.php\/wp-json\/wp\/v2\/media?parent=728238"}],"wp:term":[{"taxonomy":"product_brand","embeddable":true,"href":"https:\/\/roveyayinevi.com.tr\/index.php\/wp-json\/wp\/v2\/product_brand?post=728238"},{"taxonomy":"product_cat","embeddable":true,"href":"https:\/\/roveyayinevi.com.tr\/index.php\/wp-json\/wp\/v2\/product_cat?post=728238"},{"taxonomy":"product_tag","embeddable":true,"href":"https:\/\/roveyayinevi.com.tr\/index.php\/wp-json\/wp\/v2\/product_tag?post=728238"}],"curies":[{"name":"wp","href":"https:\/\/api.w.org\/{rel}","templated":true}]}}