{"id":728236,"date":"2025-08-27T20:35:58","date_gmt":"2025-08-27T17:35:58","guid":{"rendered":"https:\/\/roveyayinevi.com.tr\/index.php\/urun\/hazan\/"},"modified":"2026-04-16T02:35:56","modified_gmt":"2026-04-15T23:35:56","slug":"hazan","status":"publish","type":"product","link":"https:\/\/roveyayinevi.com.tr\/index.php\/urun\/hazan\/","title":{"rendered":"Hazan"},"content":{"rendered":"<p>Bir \u015fair, ilham\u0131n\u0131 hangi kederden, hangi yaradan ya da hangi sevin\u00e7ten al\u0131rsa als\u0131n, \u015fiirler insanl\u0131\u011f\u0131n ortak dilidir. Bu sebeple y\u00fczy\u0131llard\u0131r bir\u00e7ok \u015fairin \u015fiirleri g\u00f6n\u00fcllerin en m\u00fcstesna yerlerinde kendilerine yer bulmu\u015flard\u0131r. \u015eiirler, az s\u00f6zle \u00e7ok \u015fey ifade etmek demektir. Bende, \u201cHAZAN\u201d adl\u0131 son \u015fiir kitab\u0131mda, duygular\u0131m\u0131n harmanland\u0131\u011f\u0131 \u015fiirlerimle, t\u00fcm \u015fiir sevenlere seslenmekteyim. Bu vesile ile b\u00fct\u00fcn okuyucular\u0131ma sayg\u0131, sevgi h\u00fcrmet ve muhabbetlerimi sunuyorum. \u0130brahim \u00c7\u0130\u00c7EK <\/p>\n","protected":false},"excerpt":{"rendered":"<p>Bir \u015fair, ilham\u0131n\u0131 hangi kederden, hangi yaradan ya da hangi sevin\u00e7ten al\u0131rsa als\u0131n, \u015fiirler insanl\u0131\u011f\u0131n ortak dilidir. Bu sebeple y\u00fczy\u0131llard\u0131r bir\u00e7ok \u015fairin \u015fiirleri g\u00f6n\u00fcllerin en m\u00fcstesna<span class=\"excerpt-hellip\"> [\u2026]<\/span><\/p>\n","protected":false},"featured_media":0,"template":"","meta":{"_monsterinsights_skip_tracking":false,"_monsterinsights_sitenote_active":false,"_monsterinsights_sitenote_note":"","_monsterinsights_sitenote_category":0},"product_brand":[],"product_cat":[12291,12509],"product_tag":[],"class_list":{"0":"post-728236","1":"product","2":"type-product","3":"status-publish","5":"product_cat-edebiyat","6":"product_cat-siir","7":"pa_cilt-ciltsiz","8":"pa_tur-kitap","9":"pa_yayinevi-gulnar-yayinlari","10":"pa_yazar-ibrahim-cicek","12":"first","13":"instock","14":"sale","15":"shipping-taxable","16":"purchasable","17":"product-type-simple"},"_links":{"self":[{"href":"https:\/\/roveyayinevi.com.tr\/index.php\/wp-json\/wp\/v2\/product\/728236","targetHints":{"allow":["GET"]}}],"collection":[{"href":"https:\/\/roveyayinevi.com.tr\/index.php\/wp-json\/wp\/v2\/product"}],"about":[{"href":"https:\/\/roveyayinevi.com.tr\/index.php\/wp-json\/wp\/v2\/types\/product"}],"wp:attachment":[{"href":"https:\/\/roveyayinevi.com.tr\/index.php\/wp-json\/wp\/v2\/media?parent=728236"}],"wp:term":[{"taxonomy":"product_brand","embeddable":true,"href":"https:\/\/roveyayinevi.com.tr\/index.php\/wp-json\/wp\/v2\/product_brand?post=728236"},{"taxonomy":"product_cat","embeddable":true,"href":"https:\/\/roveyayinevi.com.tr\/index.php\/wp-json\/wp\/v2\/product_cat?post=728236"},{"taxonomy":"product_tag","embeddable":true,"href":"https:\/\/roveyayinevi.com.tr\/index.php\/wp-json\/wp\/v2\/product_tag?post=728236"}],"curies":[{"name":"wp","href":"https:\/\/api.w.org\/{rel}","templated":true}]}}