{"id":728235,"date":"2025-08-27T20:35:57","date_gmt":"2025-08-27T17:35:57","guid":{"rendered":"https:\/\/roveyayinevi.com.tr\/index.php\/urun\/ogretmen-ve-99-kardes\/"},"modified":"2026-04-16T02:35:56","modified_gmt":"2026-04-15T23:35:56","slug":"ogretmen-ve-99-kardes","status":"publish","type":"product","link":"https:\/\/roveyayinevi.com.tr\/index.php\/urun\/ogretmen-ve-99-kardes\/","title":{"rendered":"\u00d6\u011fretmen ve 99 Karde\u015f"},"content":{"rendered":"<p>Oyunun kahraman\u0131 Gazanfar \u00f6\u011fretmen \u00e7ok asil, h\u00fcmanist, c\u00f6mert ve \u00f6rnek bir \u00f6\u011fretmen olarak okuyucuya sunulmaktad\u0131r. Her bir sanat eseri, birincil kayna\u011f\u0131n\u0131, \u201cyiyece\u011fini\u201d ya\u015famdan, ger\u00e7ek insanlardan ve olaylardan al\u0131r ve ard\u0131ndan sanat\u00e7\u0131, bunlar\u0131 hayal g\u00fcc\u00fc, fig\u00fcratif d\u00fc\u015f\u00fcnce \u00fcr\u00fcn\u00fc ile parlat\u0131r ve m\u00fckemmelle\u015ftirir ve okurlara sanatsal imgeler sisteminde ilham verir. Ramiz Abdullayev&#8217;in &#8220;\u00d6\u011fretmen&#8221; piyesinin temas\u0131 ger\u00e7ek hayattan al\u0131nm\u0131\u015ft\u0131r. Oyundaki olaylar ger\u00e7ek hayatta ger\u00e7ekle\u015fir\u2026   ***Eserin ad\u0131 &#8220;99 karde\u015f&#8221;. Muhtemelen d\u00fcnyada hi\u00e7 kimsenin 99 karde\u015fi yoktu. Fakat Ramiz \u00e7ocukken ne istedikleri soruldu ve 99 karde\u015f ve k\u00fc\u00e7\u00fck bir kasaba istedi\u011fini s\u00f6yledi.   \u00c7al\u0131\u015fman\u0131n bir noktas\u0131nda Ramiz (el hareketi ile) &#8220;Tanr\u0131\u2019m\u0131n 99 ismi var, bu y\u00fczden \u00f6yle olmas\u0131n\u0131 istedim&#8221; diyor. Ramiz&#8217;in babas\u0131 Natik, o\u011flunun dile\u011fini yerine getirmek i\u00e7in Tanr\u0131&#8217;n\u0131n, o\u011flu gibi d\u00fcnyan\u0131n farkl\u0131 yerlerinde ya\u015fayan 99 dilsiz ve sa\u011f\u0131r \u00e7ocu\u011fu toplamas\u0131na, onlara bak\u0131p onlar\u0131 b\u00fcy\u00fctmesine izin vermesi i\u00e7in dua ediyor. Tanr\u0131 onlara r\u0131z\u0131k versin ve kutsas\u0131n. Profes\u00f6r Naz\u0131m Bey&#8217;in yeti\u015ftirilmesi ve e\u011fitimi, Natik ve karde\u015fi Muhammed&#8217;in yard\u0131m\u0131 ile Meryem Ana&#8217;n\u0131n \u015fefkati Ramiz gibi 99 m\u00fckemmel karde\u015f toplulu\u011funa sunulmaktad\u0131r\u2026 <\/p>\n","protected":false},"excerpt":{"rendered":"<p>Oyunun kahraman\u0131 Gazanfar \u00f6\u011fretmen \u00e7ok asil, h\u00fcmanist, c\u00f6mert ve \u00f6rnek bir \u00f6\u011fretmen olarak okuyucuya sunulmaktad\u0131r. Her bir sanat eseri, birincil kayna\u011f\u0131n\u0131, \u201cyiyece\u011fini\u201d ya\u015famdan, ger\u00e7ek insanlardan ve<span class=\"excerpt-hellip\"> [\u2026]<\/span><\/p>\n","protected":false},"featured_media":0,"template":"","meta":{"_monsterinsights_skip_tracking":false,"_monsterinsights_sitenote_active":false,"_monsterinsights_sitenote_note":"","_monsterinsights_sitenote_category":0},"product_brand":[],"product_cat":[13021,12408],"product_tag":[],"class_list":{"0":"post-728235","1":"product","2":"type-product","3":"status-publish","5":"product_cat-sahne-sanatlari","6":"product_cat-sanat","7":"pa_cilt-ciltsiz","8":"pa_tur-kitap","9":"pa_yayinevi-gulnar-yayinlari","10":"pa_yazar-ramiz-abdullayev","12":"first","13":"instock","14":"sale","15":"shipping-taxable","16":"purchasable","17":"product-type-simple"},"_links":{"self":[{"href":"https:\/\/roveyayinevi.com.tr\/index.php\/wp-json\/wp\/v2\/product\/728235","targetHints":{"allow":["GET"]}}],"collection":[{"href":"https:\/\/roveyayinevi.com.tr\/index.php\/wp-json\/wp\/v2\/product"}],"about":[{"href":"https:\/\/roveyayinevi.com.tr\/index.php\/wp-json\/wp\/v2\/types\/product"}],"wp:attachment":[{"href":"https:\/\/roveyayinevi.com.tr\/index.php\/wp-json\/wp\/v2\/media?parent=728235"}],"wp:term":[{"taxonomy":"product_brand","embeddable":true,"href":"https:\/\/roveyayinevi.com.tr\/index.php\/wp-json\/wp\/v2\/product_brand?post=728235"},{"taxonomy":"product_cat","embeddable":true,"href":"https:\/\/roveyayinevi.com.tr\/index.php\/wp-json\/wp\/v2\/product_cat?post=728235"},{"taxonomy":"product_tag","embeddable":true,"href":"https:\/\/roveyayinevi.com.tr\/index.php\/wp-json\/wp\/v2\/product_tag?post=728235"}],"curies":[{"name":"wp","href":"https:\/\/api.w.org\/{rel}","templated":true}]}}