{"id":728234,"date":"2025-08-27T20:35:56","date_gmt":"2025-08-27T17:35:56","guid":{"rendered":"https:\/\/roveyayinevi.com.tr\/index.php\/urun\/turk-kamu-yonetimine-neoliberal-politikalarin-etkisi-kamu-ozel-ortakligi\/"},"modified":"2026-04-16T02:35:56","modified_gmt":"2026-04-15T23:35:56","slug":"turk-kamu-yonetimine-neoliberal-politikalarin-etkisi-kamu-ozel-ortakligi","status":"publish","type":"product","link":"https:\/\/roveyayinevi.com.tr\/index.php\/urun\/turk-kamu-yonetimine-neoliberal-politikalarin-etkisi-kamu-ozel-ortakligi\/","title":{"rendered":"T\u00fcrk Kamu Y\u00f6netimine Neoliberal Politikalar\u0131n Etkisi: Kamu \u00d6zel Ortakl\u0131\u011f\u0131"},"content":{"rendered":"<p>\u0130\u00e7indekiler 1. Giri\u015f2.1. Y\u00f6netim : Kavramsal \u00c7er\u00e7eve Ve Tarihsel S\u00fcre\u00e7 2.1.Y\u00f6netim Ve Kamu Y\u00f6netimi 2.2.Y\u00f6netim Bilimi Ve Kamu Y\u00f6neriminin Tarihsel Geli\u015fimi 3.T\u00fcrkiye\u2019de Kamu Y\u00f6netiminin Geli\u015fimi 3.1.Tarihsel S\u00fcre\u00e7 3.2.T\u00fcrk Kamu Y\u00f6netimine Neoliberal Politikalar\u0131n Etkisi 4.KAMU \u00d6ZEL ORTAKLI\u011eI 4.1.Kavramsal \u00c7er\u00e7eve 4.2.Kamu \u00d6zel Ortakl\u0131\u011f\u0131n\u0131n Tarihsel Geli\u015fimi 4.3.Kamu \u00d6zel Ortakl\u0131\u011f\u0131 Modelleri 4.4.Kamu \u00d6zel Ortakl\u0131\u011f\u0131n\u0131n \u00d6zellikleri 4.5.T\u00fcrkiye\u2019de Kamu \u00d6zel Ortakl\u0131\u011f\u0131n\u0131n Uygulama Alanlar\u0131 4.6.Kamu \u00d6zel Ortakl\u0131\u011f\u0131 Uygulamalar\u0131n\u0131n Avantajlar\u0131 Ve Dezavantajlar\u0131 4.7.T\u00fcrkiye \u00d6zelinde Kamu \u00d6zel Ortakl\u0131\u011f\u0131 Uygulamalar\u0131na \u0130li\u015fkin \u00d6neriler 5.Sonu\u00e7<\/p>\n","protected":false},"excerpt":{"rendered":"<p>\u0130\u00e7indekiler 1. Giri\u015f2.1. Y\u00f6netim : Kavramsal \u00c7er\u00e7eve Ve Tarihsel S\u00fcre\u00e7 2.1.Y\u00f6netim Ve Kamu Y\u00f6netimi 2.2.Y\u00f6netim Bilimi Ve Kamu Y\u00f6neriminin Tarihsel Geli\u015fimi 3.T\u00fcrkiye\u2019de Kamu Y\u00f6netiminin Geli\u015fimi 3.1.Tarihsel<span class=\"excerpt-hellip\"> [\u2026]<\/span><\/p>\n","protected":false},"featured_media":0,"template":"","meta":{"_monsterinsights_skip_tracking":false,"_monsterinsights_sitenote_active":false,"_monsterinsights_sitenote_note":"","_monsterinsights_sitenote_category":0},"product_brand":[],"product_cat":[13043,19008],"product_tag":[],"class_list":{"0":"post-728234","1":"product","2":"type-product","3":"status-publish","5":"product_cat-ekonomi","6":"product_cat-yonetim","7":"pa_cilt-ciltsiz","8":"pa_tur-kitap","9":"pa_yayinevi-gazi-kitabevi","10":"pa_yazar-reha-bayansar","12":"first","13":"instock","14":"sale","15":"shipping-taxable","16":"purchasable","17":"product-type-simple"},"_links":{"self":[{"href":"https:\/\/roveyayinevi.com.tr\/index.php\/wp-json\/wp\/v2\/product\/728234","targetHints":{"allow":["GET"]}}],"collection":[{"href":"https:\/\/roveyayinevi.com.tr\/index.php\/wp-json\/wp\/v2\/product"}],"about":[{"href":"https:\/\/roveyayinevi.com.tr\/index.php\/wp-json\/wp\/v2\/types\/product"}],"wp:attachment":[{"href":"https:\/\/roveyayinevi.com.tr\/index.php\/wp-json\/wp\/v2\/media?parent=728234"}],"wp:term":[{"taxonomy":"product_brand","embeddable":true,"href":"https:\/\/roveyayinevi.com.tr\/index.php\/wp-json\/wp\/v2\/product_brand?post=728234"},{"taxonomy":"product_cat","embeddable":true,"href":"https:\/\/roveyayinevi.com.tr\/index.php\/wp-json\/wp\/v2\/product_cat?post=728234"},{"taxonomy":"product_tag","embeddable":true,"href":"https:\/\/roveyayinevi.com.tr\/index.php\/wp-json\/wp\/v2\/product_tag?post=728234"}],"curies":[{"name":"wp","href":"https:\/\/api.w.org\/{rel}","templated":true}]}}