{"id":728233,"date":"2025-08-27T20:35:56","date_gmt":"2025-08-27T17:35:56","guid":{"rendered":"https:\/\/roveyayinevi.com.tr\/index.php\/urun\/spor-merkezlerindeki-bireylerin-spordan-ve-spor-merkezlerinden-beklentileri\/"},"modified":"2026-04-16T02:35:56","modified_gmt":"2026-04-15T23:35:56","slug":"spor-merkezlerindeki-bireylerin-spordan-ve-spor-merkezlerinden-beklentileri","status":"publish","type":"product","link":"https:\/\/roveyayinevi.com.tr\/index.php\/urun\/spor-merkezlerindeki-bireylerin-spordan-ve-spor-merkezlerinden-beklentileri\/","title":{"rendered":"Spor Merkezlerindeki Bireylerin Spordan ve Spor Merkezlerinden Beklentileri"},"content":{"rendered":"<p>1.Giri\u015f 2.Genel Bilgiler 2.1.Genel Tan\u0131mlar 2.2.Beden E\u011fitimi Ve Sporun E\u011fitimle \u0130li\u015fkisi 2.3.Beden E\u011fitimi Ve Spor \u0130li\u015fkisi 2.4.Bireyi Spora Y\u00f6nlendiren \u0130htiya\u00e7lar 2.5.Hizmet Ve Kalite Kavram\u0131 2.6.Memnuniyet Kavaram\u0131 2.7.Spor Tesisi Kavram\u0131 2.8.Sporun Toplum A\u00e7\u0131s\u0131ndan Amac\u0131 Ve Sosyal 3.Gere\u00e7 Ve Y\u00f6ntem 3.1.Evren Ve \u00d6rneklem 3.2.Veri Toplama Arac\u0131 3.3.Veri Toplama S\u00fcresi 3.4.Verilerin Analizi 4.Bulgular 5.Tarti\u015fma 6.Sonu\u00e7 Ve \u00d6neriler <\/p>\n","protected":false},"excerpt":{"rendered":"<p>1.Giri\u015f 2.Genel Bilgiler 2.1.Genel Tan\u0131mlar 2.2.Beden E\u011fitimi Ve Sporun E\u011fitimle \u0130li\u015fkisi 2.3.Beden E\u011fitimi Ve Spor \u0130li\u015fkisi 2.4.Bireyi Spora Y\u00f6nlendiren \u0130htiya\u00e7lar 2.5.Hizmet Ve Kalite Kavram\u0131 2.6.Memnuniyet Kavaram\u0131<span class=\"excerpt-hellip\"> [\u2026]<\/span><\/p>\n","protected":false},"featured_media":0,"template":"","meta":{"_monsterinsights_skip_tracking":false,"_monsterinsights_sitenote_active":false,"_monsterinsights_sitenote_note":"","_monsterinsights_sitenote_category":0},"product_brand":[],"product_cat":[15563,15564],"product_tag":[],"class_list":{"0":"post-728233","1":"product","2":"type-product","3":"status-publish","5":"product_cat-hobi","6":"product_cat-spor","7":"pa_cilt-ciltsiz","8":"pa_tur-kitap","9":"pa_yayinevi-gazi-kitabevi","10":"pa_yazar-gazi-kitabevi-kolektif","12":"first","13":"instock","14":"sale","15":"shipping-taxable","16":"purchasable","17":"product-type-simple"},"_links":{"self":[{"href":"https:\/\/roveyayinevi.com.tr\/index.php\/wp-json\/wp\/v2\/product\/728233","targetHints":{"allow":["GET"]}}],"collection":[{"href":"https:\/\/roveyayinevi.com.tr\/index.php\/wp-json\/wp\/v2\/product"}],"about":[{"href":"https:\/\/roveyayinevi.com.tr\/index.php\/wp-json\/wp\/v2\/types\/product"}],"wp:attachment":[{"href":"https:\/\/roveyayinevi.com.tr\/index.php\/wp-json\/wp\/v2\/media?parent=728233"}],"wp:term":[{"taxonomy":"product_brand","embeddable":true,"href":"https:\/\/roveyayinevi.com.tr\/index.php\/wp-json\/wp\/v2\/product_brand?post=728233"},{"taxonomy":"product_cat","embeddable":true,"href":"https:\/\/roveyayinevi.com.tr\/index.php\/wp-json\/wp\/v2\/product_cat?post=728233"},{"taxonomy":"product_tag","embeddable":true,"href":"https:\/\/roveyayinevi.com.tr\/index.php\/wp-json\/wp\/v2\/product_tag?post=728233"}],"curies":[{"name":"wp","href":"https:\/\/api.w.org\/{rel}","templated":true}]}}