{"id":728230,"date":"2025-08-27T20:35:53","date_gmt":"2025-08-27T17:35:53","guid":{"rendered":"https:\/\/roveyayinevi.com.tr\/index.php\/urun\/barisin-ekonomik-sonuclari\/"},"modified":"2026-04-16T02:35:56","modified_gmt":"2026-04-15T23:35:56","slug":"barisin-ekonomik-sonuclari","status":"publish","type":"product","link":"https:\/\/roveyayinevi.com.tr\/index.php\/urun\/barisin-ekonomik-sonuclari\/","title":{"rendered":"Bar\u0131\u015f\u0131n Ekonomik Sonu\u00e7lar\u0131"},"content":{"rendered":"<p>Keynes t\u00fcm sava\u015flara, dolay\u0131s\u0131yla da I. D\u00fcnya Sava\u015f\u0131\u2019na kar\u015f\u0131yd\u0131. Nitekim 1916 y\u0131l\u0131nda sava\u015fa \u00e7a\u011fr\u0131ld\u0131\u011f\u0131nda vicdani ret\u00e7i olarak bu \u00e7a\u011fr\u0131y\u0131 yerine getirmeyi kabul etmemi\u015ftir. Sava\u015f\u0131n ard\u0131ndan 18 Ocak 1918\u2019de Almanya ve m\u00fcttefik g\u00fc\u00e7ler aras\u0131nda ba\u015flayan Paris g\u00f6r\u00fc\u015fmelerinde \u0130ngiliz heyetinin i\u00e7inde yer alm\u0131\u015ft\u0131r. Burada yap\u0131lacak antla\u015fman\u0131n gelecekte yeni sava\u015flara neden olmamas\u0131 gerekti\u011fi y\u00f6n\u00fcndeki g\u00f6r\u00fc\u015flerini b\u0131kmadan aktarmaya \u00e7al\u0131\u015fm\u0131\u015ft\u0131r. Almanya \u00fczerine y\u00fcklenilen sava\u015f tazminatlar\u0131n\u0131n a\u011f\u0131r oldu\u011funu belirtmi\u015f; \u00f6zellikle Fransa\u2019n\u0131n, Almanya\u2019n\u0131n k\u00f6m\u00fcr havzas\u0131n\u0131 i\u015fgal etmesine kar\u015f\u0131 durmu\u015ftur. Almanya\u2019ya kabul ettirilmeye \u00e7al\u0131\u015f\u0131lan bar\u0131\u015f ko\u015fullar\u0131n\u0131n (toprak kayb\u0131 ve tazminatlar) a\u011f\u0131r oldu\u011funu, Almanya\u2019n\u0131n bunlar\u0131 yerine getirmesinin m\u00fcmk\u00fcn olmad\u0131\u011f\u0131n\u0131, bunun uluslararas\u0131 boyutta ciddi sorunlar do\u011furaca\u011f\u0131n\u0131 her ortamda dile getirmi\u015ftir. Keynes\u2019in Genel Teori\u2019den \u00f6nce yazd\u0131\u011f\u0131 kitaplar i\u00e7inde en fazla \u00f6ne \u00e7\u0131kan kitab\u0131 olan \u201cBar\u0131\u015f\u0131n Ekonomik Sonu\u00e7lar\u0131\u201d, O\u2019nun iktisat\u00e7\u0131 kimli\u011fi kadar, bir devlet adam\u0131 hatta diplomat kimli\u011finin de \u00fcst d\u00fczeyde oldu\u011funu g\u00f6stermektedir. Asl\u0131nda Keynes bu kitapla Alfred Marshall (1842-1924) \u00fczerine yazd\u0131\u011f\u0131 makalede tan\u0131mlad\u0131\u011f\u0131 \u201cUsta \u0130ktisat\u00e7\u0131\u201d (Master-Economist) kimli\u011fine eri\u015fti\u011fini daha 1919\u2019da g\u00f6stermi\u015ftir.Keynes t\u00fcm sava\u015flara, dolay\u0131s\u0131yla da I. D\u00fcnya Sava\u015f\u0131\u2019na kar\u015f\u0131yd\u0131. Nitekim 1916 y\u0131l\u0131nda sava\u015fa \u00e7a\u011fr\u0131ld\u0131\u011f\u0131nda vicdani ret\u00e7i olarak bu \u00e7a\u011fr\u0131y\u0131 yerine getirmeyi kabul etmemi\u015ftir. Sava\u015f\u0131n ard\u0131ndan 18 Ocak 1918\u2019de Almanya ve m\u00fcttefik g\u00fc\u00e7ler aras\u0131nda ba\u015flayan Paris g\u00f6r\u00fc\u015fmelerinde \u0130ngiliz heyetinin i\u00e7inde yer alm\u0131\u015ft\u0131r. Burada yap\u0131lacak antla\u015fman\u0131n gelecekte yeni sava\u015flara neden olmamas\u0131 gerekti\u011fi y\u00f6n\u00fcndeki g\u00f6r\u00fc\u015flerini b\u0131kmadan aktarmaya \u00e7al\u0131\u015fm\u0131\u015ft\u0131r. Almanya \u00fczerine y\u00fcklenilen sava\u015f tazminatlar\u0131n\u0131n a\u011f\u0131r oldu\u011funu belirtmi\u015f; \u00f6zellikle Fransa\u2019n\u0131n, Almanya\u2019n\u0131n k\u00f6m\u00fcr havzas\u0131n\u0131 i\u015fgal etmesine kar\u015f\u0131 durmu\u015ftur. Almanya\u2019ya kabul ettirilmeye \u00e7al\u0131\u015f\u0131lan bar\u0131\u015f ko\u015fullar\u0131n\u0131n (toprak kayb\u0131 ve tazminatlar) a\u011f\u0131r oldu\u011funu, Almanya\u2019n\u0131n bunlar\u0131 yerine getirmesinin m\u00fcmk\u00fcn olmad\u0131\u011f\u0131n\u0131, bunun uluslararas\u0131 boyutta ciddi sorunlar do\u011furaca\u011f\u0131n\u0131 her ortamda dile getirmi\u015ftir. Keynes\u2019in Genel Teori\u2019den \u00f6nce yazd\u0131\u011f\u0131 kitaplar i\u00e7inde en fazla \u00f6ne \u00e7\u0131kan kitab\u0131 olan \u201cBar\u0131\u015f\u0131n Ekonomik Sonu\u00e7lar\u0131\u201d, O\u2019nun iktisat\u00e7\u0131 kimli\u011fi kadar, bir devlet adam\u0131 hatta diplomat kimli\u011finin de \u00fcst d\u00fczeyde oldu\u011funu g\u00f6stermektedir. Asl\u0131nda Keynes bu kitapla Alfred Marshall (1842-1924) \u00fczerine yazd\u0131\u011f\u0131 makalede tan\u0131mlad\u0131\u011f\u0131 \u201cUsta \u0130ktisat\u00e7\u0131\u201d (Master-Economist) kimli\u011fine eri\u015fti\u011fini daha 1919\u2019da g\u00f6stermi\u015ftir.<\/p>\n","protected":false},"excerpt":{"rendered":"<p>Keynes t\u00fcm sava\u015flara, dolay\u0131s\u0131yla da I. D\u00fcnya Sava\u015f\u0131\u2019na kar\u015f\u0131yd\u0131. Nitekim 1916 y\u0131l\u0131nda sava\u015fa \u00e7a\u011fr\u0131ld\u0131\u011f\u0131nda vicdani ret\u00e7i olarak bu \u00e7a\u011fr\u0131y\u0131 yerine getirmeyi kabul etmemi\u015ftir. Sava\u015f\u0131n ard\u0131ndan 18<span class=\"excerpt-hellip\"> [\u2026]<\/span><\/p>\n","protected":false},"featured_media":0,"template":"","meta":{"_monsterinsights_skip_tracking":false,"_monsterinsights_sitenote_active":false,"_monsterinsights_sitenote_note":"","_monsterinsights_sitenote_category":0},"product_brand":[],"product_cat":[12312,12304],"product_tag":[],"class_list":{"0":"post-728230","1":"product","2":"type-product","3":"status-publish","5":"product_cat-diger","6":"product_cat-tarih","7":"pa_cilt-ciltsiz","8":"pa_tur-kitap","9":"pa_yayinevi-efil-yayinevi","10":"pa_yazar-john-maynard-keynes","12":"first","13":"instock","14":"sale","15":"shipping-taxable","16":"purchasable","17":"product-type-simple"},"_links":{"self":[{"href":"https:\/\/roveyayinevi.com.tr\/index.php\/wp-json\/wp\/v2\/product\/728230","targetHints":{"allow":["GET"]}}],"collection":[{"href":"https:\/\/roveyayinevi.com.tr\/index.php\/wp-json\/wp\/v2\/product"}],"about":[{"href":"https:\/\/roveyayinevi.com.tr\/index.php\/wp-json\/wp\/v2\/types\/product"}],"wp:attachment":[{"href":"https:\/\/roveyayinevi.com.tr\/index.php\/wp-json\/wp\/v2\/media?parent=728230"}],"wp:term":[{"taxonomy":"product_brand","embeddable":true,"href":"https:\/\/roveyayinevi.com.tr\/index.php\/wp-json\/wp\/v2\/product_brand?post=728230"},{"taxonomy":"product_cat","embeddable":true,"href":"https:\/\/roveyayinevi.com.tr\/index.php\/wp-json\/wp\/v2\/product_cat?post=728230"},{"taxonomy":"product_tag","embeddable":true,"href":"https:\/\/roveyayinevi.com.tr\/index.php\/wp-json\/wp\/v2\/product_tag?post=728230"}],"curies":[{"name":"wp","href":"https:\/\/api.w.org\/{rel}","templated":true}]}}