{"id":728227,"date":"2025-08-27T20:35:45","date_gmt":"2025-08-27T17:35:45","guid":{"rendered":"https:\/\/roveyayinevi.com.tr\/index.php\/urun\/girdap-3\/"},"modified":"2026-04-08T02:45:02","modified_gmt":"2026-04-07T23:45:02","slug":"girdap-3","status":"publish","type":"product","link":"https:\/\/roveyayinevi.com.tr\/index.php\/urun\/girdap-3\/","title":{"rendered":"Girdap"},"content":{"rendered":"<p>\u2018\u0130\u015fsizlik\u2019 ve \u2018Atama\u2019 diye ikiye ay\u0131rm\u0131\u015f; serinin \u2018Sevda Ba\u015fka Bahara\u2019 isimli ilk b\u00f6l\u00fcm\u00fcnde gelecek kayg\u0131s\u0131 ya\u015fayan Erkin\u2019in kar\u015f\u0131s\u0131na kahve fal\u0131na bakan bir kad\u0131n \u00e7\u0131kar. Bu kad\u0131n insanlar\u0131n avu\u00e7 i\u00e7ine bakt\u0131\u011f\u0131nda onlar\u0131n ge\u00e7mi\u015finden, fincana bakt\u0131\u011f\u0131nda ise geleceklerinden haber verirdi. Gen\u00e7 adam sevdi\u011fi k\u0131z\u0131n ve arkada\u015flar\u0131n\u0131n \u0131srarlar\u0131na daha fazla dayanamayarak az \u00f6nce i\u00e7ti\u011fi kahve fincan\u0131n\u0131 ters \u00e7evirerek bu falc\u0131 kad\u0131n\u0131n gizem dolu ellerine uzat\u0131r ve merakla falc\u0131n\u0131n anlatacaklar\u0131n\u0131 dinlemeye ba\u015flar. Biranda her \u015fey ters y\u00fcz olmu\u015ftur. Bu dakikadan sonra Erkin\u2019in hayata s\u0131k\u0131 s\u0131k\u0131ya tutunmaktan ba\u015fka \u00e7aresi kalmam\u0131\u015ft\u0131r. Y\u00fcre\u011fine vicdan aynas\u0131n\u0131 da alarak girdaplarla dolu bir sevda yolculu\u011funa \u00e7\u0131kar.<\/p>\n","protected":false},"excerpt":{"rendered":"<p>\u2018\u0130\u015fsizlik\u2019 ve \u2018Atama\u2019 diye ikiye ay\u0131rm\u0131\u015f; serinin \u2018Sevda Ba\u015fka Bahara\u2019 isimli ilk b\u00f6l\u00fcm\u00fcnde gelecek kayg\u0131s\u0131 ya\u015fayan Erkin\u2019in kar\u015f\u0131s\u0131na kahve fal\u0131na bakan bir kad\u0131n \u00e7\u0131kar. Bu kad\u0131n<span class=\"excerpt-hellip\"> [\u2026]<\/span><\/p>\n","protected":false},"featured_media":0,"template":"","meta":{"_monsterinsights_skip_tracking":false,"_monsterinsights_sitenote_active":false,"_monsterinsights_sitenote_note":"","_monsterinsights_sitenote_category":0},"product_brand":[],"product_cat":[12291,12711],"product_tag":[],"class_list":{"0":"post-728227","1":"product","2":"type-product","3":"status-publish","5":"product_cat-edebiyat","6":"product_cat-roman-oyku","7":"pa_cilt-ciltsiz","8":"pa_tur-kitap","9":"pa_yayinevi-sucek-medya-yayinlari","10":"pa_yazar-murat-sinmez","12":"first","13":"instock","14":"sale","15":"shipping-taxable","16":"purchasable","17":"product-type-simple"},"_links":{"self":[{"href":"https:\/\/roveyayinevi.com.tr\/index.php\/wp-json\/wp\/v2\/product\/728227","targetHints":{"allow":["GET"]}}],"collection":[{"href":"https:\/\/roveyayinevi.com.tr\/index.php\/wp-json\/wp\/v2\/product"}],"about":[{"href":"https:\/\/roveyayinevi.com.tr\/index.php\/wp-json\/wp\/v2\/types\/product"}],"wp:attachment":[{"href":"https:\/\/roveyayinevi.com.tr\/index.php\/wp-json\/wp\/v2\/media?parent=728227"}],"wp:term":[{"taxonomy":"product_brand","embeddable":true,"href":"https:\/\/roveyayinevi.com.tr\/index.php\/wp-json\/wp\/v2\/product_brand?post=728227"},{"taxonomy":"product_cat","embeddable":true,"href":"https:\/\/roveyayinevi.com.tr\/index.php\/wp-json\/wp\/v2\/product_cat?post=728227"},{"taxonomy":"product_tag","embeddable":true,"href":"https:\/\/roveyayinevi.com.tr\/index.php\/wp-json\/wp\/v2\/product_tag?post=728227"}],"curies":[{"name":"wp","href":"https:\/\/api.w.org\/{rel}","templated":true}]}}