{"id":728226,"date":"2025-08-27T20:35:44","date_gmt":"2025-08-27T17:35:44","guid":{"rendered":"https:\/\/roveyayinevi.com.tr\/index.php\/urun\/karatepenin-altinda\/"},"modified":"2026-04-16T02:35:56","modified_gmt":"2026-04-15T23:35:56","slug":"karatepenin-altinda","status":"publish","type":"product","link":"https:\/\/roveyayinevi.com.tr\/index.php\/urun\/karatepenin-altinda\/","title":{"rendered":"Karatepe&#8217;nin Alt\u0131nda"},"content":{"rendered":"<p>NEDZAD \u015e. M\u0130LANOV\u0130\u00c7 bu roman\u0131nda en y\u00fcksek sesle sava\u015f kar\u015f\u0131t\u0131 oldu\u011funu, yine sava\u015flar olsa bile \u201cA\u015fklar\u0131n\u201d ya\u015fanmaya devam etti\u011fini \u00e7ok g\u00fczel ifade etmi\u015ftir\u2026 Vatan kelimesi her \u015feyin \u00f6n\u00fcndedir, Yazar yine bu konuda d\u00fc\u015f\u00fcncelerini \u015f\u00f6yle aktar\u0131yor. \u201cBo\u015fnaklar; vatanlar\u0131n\u0131, annelerini, e\u015flerini, k\u0131z karde\u015flerini, \u00e7ocuklar\u0131n\u0131, ya\u015fl\u0131lar\u0131 ve sahip olduklar\u0131 topraklar\u0131 savunabilme ad\u0131na cesurca ad\u0131mlar atm\u0131\u015f, b\u00fcy\u00fck fedak\u00e2rl\u0131klarda bulunarak ineklerini, koyunlar\u0131n\u0131 satarak silah sat\u0131n almaya \u00e7al\u0131\u015fm\u0131\u015flard\u0131r\u201d. \u0130nsanlar bazen sava\u015f\u0131n k\u0131sa s\u00fcrebilece\u011fini d\u00fc\u015f\u00fcnebiliyor NEDZAD \u015e. M\u0130LANOV\u0130\u00c7 bu olay\u0131 \u015fu \u015fekilde \u00f6zetliyor  \u201cVatan savunmas\u0131na kat\u0131lan di\u011ferlerinin yan\u0131nda ben de yer ald\u0131m. Ba\u015flang\u0131\u00e7ta bu sava\u015f\u0131n \u00e7ok \u00e7abuk bitece\u011fini d\u00fc\u015f\u00fcnm\u00fc\u015f olsam da sonralar\u0131 bu sava\u015f, bana hi\u00e7 bitmeyecekmi\u015f gibi gelmi\u015f, g\u00fcnl\u00fck ya\u015fant\u0131m\u0131z haline d\u00f6n\u00fc\u015fm\u00fc\u015ft\u00fc\u201d Bu roman, sava\u015f ortam\u0131nda geli\u015fen Selma ile \u0130bro\u2019nun a\u015fk hik\u00e2yesini anlatmaktad\u0131r. NEDZAD \u015e. M\u0130LANOV\u0130\u00c7, Bu Roman\u0131nda sava\u015f kar\u015f\u0131t\u0131 \u00e7\u0131\u011fl\u0131klar i\u00e7eren mesajlar iletirken ayn\u0131 zamanda sava\u015f\u0131n \u00e7\u00f6z\u00fcm yolu olmad\u0131\u011f\u0131n\u0131 ve insanlar\u0131n ya\u015famlar\u0131n\u0131 kaybetme riskinin ka\u00e7\u0131n\u0131lmaz oldu\u011funu ve sava\u015flar\u0131 kimseyi g\u00fcld\u00fcrmedi\u011fini ve sava\u015f\u0131n kazanan\u0131n olmad\u0131\u011f\u0131n\u0131 her iki taraf\u0131nda bir \u015feyler kaybetti\u011fini anlat\u0131rken, buna dayanak olarak Bosnal\u0131 bir \u015fairin ifadesini g\u00f6stermesidir. \u201cHi\u00e7bir sava\u015f, hi\u00e7bir zaman, hi\u00e7bir anneyi g\u00fcld\u00fcrmemi\u015ftir\u201d. Bu s\u00f6z\u00fc ile sava\u015f\u0131n ac\u0131 y\u00f6nlerini ifade etmi\u015ftir. \u00d6zg\u00fcrl\u00fck ve var olabilmek i\u00e7in tasvip etmese de o g\u00fcnlerde Bosna\u2019da sava\u015f ka\u00e7\u0131n\u0131lmaz oldu\u011fu i\u00e7in sava\u015f\u0131n ba\u015flad\u0131\u011f\u0131n\u0131 kan ve \u00f6l\u00fcmlerin ya\u015fand\u0131\u011f\u0131n\u0131 yine \u015fu c\u00fcmle ile dile  getiriyor.  Bosna\u2019da  ya\u015fayabilmek  i\u00e7in  \u00f6l\u00fcnmesi  gerekiyordu.\u201d  Bir  anlamda  Ya\u015fanmas\u0131  gereken her \u015fey ya\u015fand\u0131 demektedir\u2026<\/p>\n","protected":false},"excerpt":{"rendered":"<p>NEDZAD \u015e. M\u0130LANOV\u0130\u00c7 bu roman\u0131nda en y\u00fcksek sesle sava\u015f kar\u015f\u0131t\u0131 oldu\u011funu, yine sava\u015flar olsa bile \u201cA\u015fklar\u0131n\u201d ya\u015fanmaya devam etti\u011fini \u00e7ok g\u00fczel ifade etmi\u015ftir\u2026 Vatan kelimesi her<span class=\"excerpt-hellip\"> [\u2026]<\/span><\/p>\n","protected":false},"featured_media":0,"template":"","meta":{"_monsterinsights_skip_tracking":false,"_monsterinsights_sitenote_active":false,"_monsterinsights_sitenote_note":"","_monsterinsights_sitenote_category":0},"product_brand":[],"product_cat":[12291,12711],"product_tag":[],"class_list":{"0":"post-728226","1":"product","2":"type-product","3":"status-publish","5":"product_cat-edebiyat","6":"product_cat-roman-oyku","7":"pa_cilt-ciltsiz","8":"pa_tur-kitap","9":"pa_yayinevi-sucek-medya-yayinlari","10":"pa_yazar-necad-s-milanovic","12":"first","13":"instock","14":"sale","15":"shipping-taxable","16":"purchasable","17":"product-type-simple"},"_links":{"self":[{"href":"https:\/\/roveyayinevi.com.tr\/index.php\/wp-json\/wp\/v2\/product\/728226","targetHints":{"allow":["GET"]}}],"collection":[{"href":"https:\/\/roveyayinevi.com.tr\/index.php\/wp-json\/wp\/v2\/product"}],"about":[{"href":"https:\/\/roveyayinevi.com.tr\/index.php\/wp-json\/wp\/v2\/types\/product"}],"wp:attachment":[{"href":"https:\/\/roveyayinevi.com.tr\/index.php\/wp-json\/wp\/v2\/media?parent=728226"}],"wp:term":[{"taxonomy":"product_brand","embeddable":true,"href":"https:\/\/roveyayinevi.com.tr\/index.php\/wp-json\/wp\/v2\/product_brand?post=728226"},{"taxonomy":"product_cat","embeddable":true,"href":"https:\/\/roveyayinevi.com.tr\/index.php\/wp-json\/wp\/v2\/product_cat?post=728226"},{"taxonomy":"product_tag","embeddable":true,"href":"https:\/\/roveyayinevi.com.tr\/index.php\/wp-json\/wp\/v2\/product_tag?post=728226"}],"curies":[{"name":"wp","href":"https:\/\/api.w.org\/{rel}","templated":true}]}}