{"id":728224,"date":"2025-08-27T20:35:41","date_gmt":"2025-08-27T17:35:41","guid":{"rendered":"https:\/\/roveyayinevi.com.tr\/index.php\/urun\/nemrut-oyunbaz-dagi\/"},"modified":"2026-04-16T02:35:56","modified_gmt":"2026-04-15T23:35:56","slug":"nemrut-oyunbaz-dagi","status":"publish","type":"product","link":"https:\/\/roveyayinevi.com.tr\/index.php\/urun\/nemrut-oyunbaz-dagi\/","title":{"rendered":"Nemrut Oyunbaz Da\u011f\u0131"},"content":{"rendered":"<p>Annesiyle birlikte do\u011fa ve tarihin b\u00fct\u00fcnle\u015fti\u011fi yerlerden biri olan Nemrut Da\u011f\u0131\u2019n\u0131 g\u00f6rmeye giden Dize\u2019yi bir grup oyunbaz kar\u015f\u0131l\u0131yor. Nemrut Da\u011f\u0131\u2019n\u0131n b\u00fcy\u00fcleyici atmosferi, Dize\u2019nin hayal g\u00fcc\u00fc ile birle\u015fiyor ve ortaya birbirinden e\u011flenceli oyunlar \u00e7\u0131k\u0131yor.<\/p>\n","protected":false},"excerpt":{"rendered":"<p>Annesiyle birlikte do\u011fa ve tarihin b\u00fct\u00fcnle\u015fti\u011fi yerlerden biri olan Nemrut Da\u011f\u0131\u2019n\u0131 g\u00f6rmeye giden Dize\u2019yi bir grup oyunbaz kar\u015f\u0131l\u0131yor. Nemrut Da\u011f\u0131\u2019n\u0131n b\u00fcy\u00fcleyici atmosferi, Dize\u2019nin hayal g\u00fcc\u00fc ile<span class=\"excerpt-hellip\"> [\u2026]<\/span><\/p>\n","protected":false},"featured_media":0,"template":"","meta":{"_monsterinsights_skip_tracking":false,"_monsterinsights_sitenote_active":false,"_monsterinsights_sitenote_note":"","_monsterinsights_sitenote_category":0},"product_brand":[],"product_cat":[12275,12274],"product_tag":[],"class_list":{"0":"post-728224","1":"product","2":"type-product","3":"status-publish","5":"product_cat-6-12-yas-kitaplari","6":"product_cat-cocuk-ve-genclik-kitaplari","7":"pa_cilt-ciltsiz","8":"pa_tur-kitap","9":"pa_yayinevi-abm-yayinevi","10":"pa_yazar-lider-hepgenc","12":"first","13":"instock","14":"sale","15":"shipping-taxable","16":"purchasable","17":"product-type-simple"},"_links":{"self":[{"href":"https:\/\/roveyayinevi.com.tr\/index.php\/wp-json\/wp\/v2\/product\/728224","targetHints":{"allow":["GET"]}}],"collection":[{"href":"https:\/\/roveyayinevi.com.tr\/index.php\/wp-json\/wp\/v2\/product"}],"about":[{"href":"https:\/\/roveyayinevi.com.tr\/index.php\/wp-json\/wp\/v2\/types\/product"}],"wp:attachment":[{"href":"https:\/\/roveyayinevi.com.tr\/index.php\/wp-json\/wp\/v2\/media?parent=728224"}],"wp:term":[{"taxonomy":"product_brand","embeddable":true,"href":"https:\/\/roveyayinevi.com.tr\/index.php\/wp-json\/wp\/v2\/product_brand?post=728224"},{"taxonomy":"product_cat","embeddable":true,"href":"https:\/\/roveyayinevi.com.tr\/index.php\/wp-json\/wp\/v2\/product_cat?post=728224"},{"taxonomy":"product_tag","embeddable":true,"href":"https:\/\/roveyayinevi.com.tr\/index.php\/wp-json\/wp\/v2\/product_tag?post=728224"}],"curies":[{"name":"wp","href":"https:\/\/api.w.org\/{rel}","templated":true}]}}