{"id":728223,"date":"2025-08-27T20:35:40","date_gmt":"2025-08-27T17:35:40","guid":{"rendered":"https:\/\/roveyayinevi.com.tr\/index.php\/urun\/viruslerin-gizli-hayati\/"},"modified":"2026-04-16T02:35:56","modified_gmt":"2026-04-15T23:35:56","slug":"viruslerin-gizli-hayati","status":"publish","type":"product","link":"https:\/\/roveyayinevi.com.tr\/index.php\/urun\/viruslerin-gizli-hayati\/","title":{"rendered":"Vir\u00fcslerin Gizli Hayat\u0131"},"content":{"rendered":"<p>Vir\u00fcsler her yerdedir:Burnunun ucundan, okyanusun derinliklerine kadar\u2026Genelde k\u00f6t\u00fc olarak bilinseler de vir\u00fcslerin \u00e7o\u011fuinsanlar\u0131n hastalanmas\u0131na yol a\u00e7maz.Peki nas\u0131l bu kadar h\u0131zl\u0131 yay\u0131l\u0131rlar?Ka\u00e7 \u00e7e\u015fit vir\u00fcs vard\u0131r?D\u00fcny a tarihinde vir\u00fcsler ne zaman ortaya \u00e7\u0131km\u0131\u015f ve neler ya\u015fanm\u0131\u015ft\u0131r?Vir\u00fcs kapt\u0131\u011f\u0131m\u0131zda v\u00fccudumuz onunla nas\u0131l sava\u015f\u0131r?\u0130\u015fte, vir\u00fcs ile ilgili konu\u015fmalar aral\u0131ks\u0131z devam ederken\u015fimdi bu k\u00fc\u00e7\u00fck ve \u015f\u0131mar\u0131k organizmalar hakk\u0131ndaher \u015feyi \u00f6\u011frenmenin tam zaman\u0131!<\/p>\n","protected":false},"excerpt":{"rendered":"<p>Vir\u00fcsler her yerdedir:Burnunun ucundan, okyanusun derinliklerine kadar\u2026Genelde k\u00f6t\u00fc olarak bilinseler de vir\u00fcslerin \u00e7o\u011fuinsanlar\u0131n hastalanmas\u0131na yol a\u00e7maz.Peki nas\u0131l bu kadar h\u0131zl\u0131 yay\u0131l\u0131rlar?Ka\u00e7 \u00e7e\u015fit vir\u00fcs vard\u0131r?D\u00fcny a tarihinde<span class=\"excerpt-hellip\"> [\u2026]<\/span><\/p>\n","protected":false},"featured_media":0,"template":"","meta":{"_monsterinsights_skip_tracking":false,"_monsterinsights_sitenote_active":false,"_monsterinsights_sitenote_note":"","_monsterinsights_sitenote_category":0},"product_brand":[],"product_cat":[13829,12274],"product_tag":[],"class_list":{"0":"post-728223","1":"product","2":"type-product","3":"status-publish","5":"product_cat-bilimsel-kitaplar","6":"product_cat-cocuk-ve-genclik-kitaplari","7":"pa_cilt-ciltsiz","8":"pa_tur-kitap","9":"pa_yayinevi-abm-yayinevi","10":"pa_yazar-abm-yayinevi-kolektif","12":"first","13":"instock","14":"sale","15":"shipping-taxable","16":"purchasable","17":"product-type-simple"},"_links":{"self":[{"href":"https:\/\/roveyayinevi.com.tr\/index.php\/wp-json\/wp\/v2\/product\/728223","targetHints":{"allow":["GET"]}}],"collection":[{"href":"https:\/\/roveyayinevi.com.tr\/index.php\/wp-json\/wp\/v2\/product"}],"about":[{"href":"https:\/\/roveyayinevi.com.tr\/index.php\/wp-json\/wp\/v2\/types\/product"}],"wp:attachment":[{"href":"https:\/\/roveyayinevi.com.tr\/index.php\/wp-json\/wp\/v2\/media?parent=728223"}],"wp:term":[{"taxonomy":"product_brand","embeddable":true,"href":"https:\/\/roveyayinevi.com.tr\/index.php\/wp-json\/wp\/v2\/product_brand?post=728223"},{"taxonomy":"product_cat","embeddable":true,"href":"https:\/\/roveyayinevi.com.tr\/index.php\/wp-json\/wp\/v2\/product_cat?post=728223"},{"taxonomy":"product_tag","embeddable":true,"href":"https:\/\/roveyayinevi.com.tr\/index.php\/wp-json\/wp\/v2\/product_tag?post=728223"}],"curies":[{"name":"wp","href":"https:\/\/api.w.org\/{rel}","templated":true}]}}