{"id":728222,"date":"2025-08-27T20:35:39","date_gmt":"2025-08-27T17:35:39","guid":{"rendered":"https:\/\/roveyayinevi.com.tr\/index.php\/urun\/klik-ve-diger-samatali-oykuler\/"},"modified":"2026-04-16T02:35:56","modified_gmt":"2026-04-15T23:35:56","slug":"klik-ve-diger-samatali-oykuler","status":"publish","type":"product","link":"https:\/\/roveyayinevi.com.tr\/index.php\/urun\/klik-ve-diger-samatali-oykuler\/","title":{"rendered":"Klik! ve Di\u011fer \u015eamatal\u0131 \u00d6yk\u00fcler"},"content":{"rendered":"<p>\u201cD\u00fc\u015f\u00fcnd\u00fcm iyice,Nerede saklayabilirdim bu anlar\u0131?Sonra \u015funu hat\u0131rlad\u0131mBir makine gibi \u00e7al\u0131\u015f\u0131rd\u0131 akl\u0131m!\u201dBirbirinden e\u011flenceli d\u00f6rt \u00f6yk\u00fcn\u00fcn kahramanlar\u0131yla birlikte s\u0131radan bir g\u00fcn\u00fc kahkaha ve heyecan dolu bir maceraya d\u00f6n\u00fc\u015ft\u00fcrmek i\u00e7in sayfalar\u0131 \u00e7evir, hik\u00e2yelerine ortak ol!<\/p>\n","protected":false},"excerpt":{"rendered":"<p>\u201cD\u00fc\u015f\u00fcnd\u00fcm iyice,Nerede saklayabilirdim bu anlar\u0131?Sonra \u015funu hat\u0131rlad\u0131mBir makine gibi \u00e7al\u0131\u015f\u0131rd\u0131 akl\u0131m!\u201dBirbirinden e\u011flenceli d\u00f6rt \u00f6yk\u00fcn\u00fcn kahramanlar\u0131yla birlikte s\u0131radan bir g\u00fcn\u00fc kahkaha ve heyecan dolu bir maceraya d\u00f6n\u00fc\u015ft\u00fcrmek<span class=\"excerpt-hellip\"> [\u2026]<\/span><\/p>\n","protected":false},"featured_media":0,"template":"","meta":{"_monsterinsights_skip_tracking":false,"_monsterinsights_sitenote_active":false,"_monsterinsights_sitenote_note":"","_monsterinsights_sitenote_category":0},"product_brand":[],"product_cat":[12275,12274],"product_tag":[],"class_list":{"0":"post-728222","1":"product","2":"type-product","3":"status-publish","5":"product_cat-6-12-yas-kitaplari","6":"product_cat-cocuk-ve-genclik-kitaplari","7":"pa_cilt-ciltsiz","8":"pa_tur-kitap","9":"pa_yayinevi-abm-yayinevi","10":"pa_yazar-seda-akipek","12":"first","13":"instock","14":"sale","15":"shipping-taxable","16":"purchasable","17":"product-type-simple"},"_links":{"self":[{"href":"https:\/\/roveyayinevi.com.tr\/index.php\/wp-json\/wp\/v2\/product\/728222","targetHints":{"allow":["GET"]}}],"collection":[{"href":"https:\/\/roveyayinevi.com.tr\/index.php\/wp-json\/wp\/v2\/product"}],"about":[{"href":"https:\/\/roveyayinevi.com.tr\/index.php\/wp-json\/wp\/v2\/types\/product"}],"wp:attachment":[{"href":"https:\/\/roveyayinevi.com.tr\/index.php\/wp-json\/wp\/v2\/media?parent=728222"}],"wp:term":[{"taxonomy":"product_brand","embeddable":true,"href":"https:\/\/roveyayinevi.com.tr\/index.php\/wp-json\/wp\/v2\/product_brand?post=728222"},{"taxonomy":"product_cat","embeddable":true,"href":"https:\/\/roveyayinevi.com.tr\/index.php\/wp-json\/wp\/v2\/product_cat?post=728222"},{"taxonomy":"product_tag","embeddable":true,"href":"https:\/\/roveyayinevi.com.tr\/index.php\/wp-json\/wp\/v2\/product_tag?post=728222"}],"curies":[{"name":"wp","href":"https:\/\/api.w.org\/{rel}","templated":true}]}}