{"id":728220,"date":"2025-08-27T20:35:37","date_gmt":"2025-08-27T17:35:37","guid":{"rendered":"https:\/\/roveyayinevi.com.tr\/index.php\/urun\/atlikarinca-sozcuk-parki\/"},"modified":"2026-04-16T02:35:56","modified_gmt":"2026-04-15T23:35:56","slug":"atlikarinca-sozcuk-parki","status":"publish","type":"product","link":"https:\/\/roveyayinevi.com.tr\/index.php\/urun\/atlikarinca-sozcuk-parki\/","title":{"rendered":"Atl\u0131kar\u0131nca &#8211; S\u00f6zc\u00fck Park\u0131"},"content":{"rendered":"<p>Selim ile Melis ilk ne zaman fark etmi\u015flerdi birbirlerinin adlar\u0131na doland\u0131klar\u0131n\u0131 acaba? Emekli dedeleriydi onlar\u0131 kelime oyunlar\u0131na bula\u015ft\u0131ran asl\u0131nda&#8230; \u015eimdi i\u00e7inde kaybolmayacaklar\u0131 tek orman olan romanlarda dola\u015fma zaman\u0131yd\u0131. S\u00f6zc\u00fck Park\u0131\u2019nda ke\u015ffedece\u011fin bu yeni macerada, s\u00f6zc\u00fcklerin i\u00e7inde sakl\u0131 yeni s\u00f6zc\u00fckler bulmaya ve onlarla d\u00fc\u015flerde y\u00fcr\u00fcmeye ne dersin?<\/p>\n","protected":false},"excerpt":{"rendered":"<p>Selim ile Melis ilk ne zaman fark etmi\u015flerdi birbirlerinin adlar\u0131na doland\u0131klar\u0131n\u0131 acaba? Emekli dedeleriydi onlar\u0131 kelime oyunlar\u0131na bula\u015ft\u0131ran asl\u0131nda&#8230; \u015eimdi i\u00e7inde kaybolmayacaklar\u0131 tek orman olan romanlarda<span class=\"excerpt-hellip\"> [\u2026]<\/span><\/p>\n","protected":false},"featured_media":0,"template":"","meta":{"_monsterinsights_skip_tracking":false,"_monsterinsights_sitenote_active":false,"_monsterinsights_sitenote_note":"","_monsterinsights_sitenote_category":0},"product_brand":[],"product_cat":[12275,12274],"product_tag":[],"class_list":{"0":"post-728220","1":"product","2":"type-product","3":"status-publish","5":"product_cat-6-12-yas-kitaplari","6":"product_cat-cocuk-ve-genclik-kitaplari","7":"pa_cilt-ciltsiz","8":"pa_tur-kitap","9":"pa_yayinevi-abm-yayinevi","10":"pa_yazar-a-ceylan-oguzcan","12":"first","13":"instock","14":"sale","15":"shipping-taxable","16":"purchasable","17":"product-type-simple"},"_links":{"self":[{"href":"https:\/\/roveyayinevi.com.tr\/index.php\/wp-json\/wp\/v2\/product\/728220","targetHints":{"allow":["GET"]}}],"collection":[{"href":"https:\/\/roveyayinevi.com.tr\/index.php\/wp-json\/wp\/v2\/product"}],"about":[{"href":"https:\/\/roveyayinevi.com.tr\/index.php\/wp-json\/wp\/v2\/types\/product"}],"wp:attachment":[{"href":"https:\/\/roveyayinevi.com.tr\/index.php\/wp-json\/wp\/v2\/media?parent=728220"}],"wp:term":[{"taxonomy":"product_brand","embeddable":true,"href":"https:\/\/roveyayinevi.com.tr\/index.php\/wp-json\/wp\/v2\/product_brand?post=728220"},{"taxonomy":"product_cat","embeddable":true,"href":"https:\/\/roveyayinevi.com.tr\/index.php\/wp-json\/wp\/v2\/product_cat?post=728220"},{"taxonomy":"product_tag","embeddable":true,"href":"https:\/\/roveyayinevi.com.tr\/index.php\/wp-json\/wp\/v2\/product_tag?post=728220"}],"curies":[{"name":"wp","href":"https:\/\/api.w.org\/{rel}","templated":true}]}}