{"id":728219,"date":"2025-08-27T20:35:36","date_gmt":"2025-08-27T17:35:36","guid":{"rendered":"https:\/\/roveyayinevi.com.tr\/index.php\/urun\/salincak-sozcuk-parki\/"},"modified":"2026-04-16T02:35:56","modified_gmt":"2026-04-15T23:35:56","slug":"salincak-sozcuk-parki","status":"publish","type":"product","link":"https:\/\/roveyayinevi.com.tr\/index.php\/urun\/salincak-sozcuk-parki\/","title":{"rendered":"Sal\u0131ncak &#8211; S\u00f6zc\u00fck Park\u0131"},"content":{"rendered":"<p>\u0130ki kap\u0131 kom\u015fusu, iki z\u0131t kutup.Sanki biri ac\u0131, biri tatl\u0131 iki \u015furup&#8230;Biri afacan, biri uslu.Ama ikisi de iyi huylu ve bir o kadar da mutlu.Biri s\u0131cak sever, biri so\u011fuk.Sonu\u00e7ta birbirinden farkl\u0131 iki \u00e7ocuk.S\u00f6zc\u00fck Park\u0131\u2019nda \u015fimdi s\u0131ra z\u0131t kavramlarda!Kuzey ile G\u00fcney ba\u015flad\u0131lar bile s\u00f6zc\u00fcklerle oynamaya.Haydi sen de kat\u0131l bu e\u011flenceli oyuna!<\/p>\n","protected":false},"excerpt":{"rendered":"<p>\u0130ki kap\u0131 kom\u015fusu, iki z\u0131t kutup.Sanki biri ac\u0131, biri tatl\u0131 iki \u015furup&#8230;Biri afacan, biri uslu.Ama ikisi de iyi huylu ve bir o kadar da mutlu.Biri s\u0131cak<span class=\"excerpt-hellip\"> [\u2026]<\/span><\/p>\n","protected":false},"featured_media":0,"template":"","meta":{"_monsterinsights_skip_tracking":false,"_monsterinsights_sitenote_active":false,"_monsterinsights_sitenote_note":"","_monsterinsights_sitenote_category":0},"product_brand":[],"product_cat":[12275,12274],"product_tag":[],"class_list":{"0":"post-728219","1":"product","2":"type-product","3":"status-publish","5":"product_cat-6-12-yas-kitaplari","6":"product_cat-cocuk-ve-genclik-kitaplari","7":"pa_cilt-ciltsiz","8":"pa_tur-kitap","9":"pa_yayinevi-abm-yayinevi","10":"pa_yazar-a-ceylan-oguzcan","12":"first","13":"instock","14":"sale","15":"shipping-taxable","16":"purchasable","17":"product-type-simple"},"_links":{"self":[{"href":"https:\/\/roveyayinevi.com.tr\/index.php\/wp-json\/wp\/v2\/product\/728219","targetHints":{"allow":["GET"]}}],"collection":[{"href":"https:\/\/roveyayinevi.com.tr\/index.php\/wp-json\/wp\/v2\/product"}],"about":[{"href":"https:\/\/roveyayinevi.com.tr\/index.php\/wp-json\/wp\/v2\/types\/product"}],"wp:attachment":[{"href":"https:\/\/roveyayinevi.com.tr\/index.php\/wp-json\/wp\/v2\/media?parent=728219"}],"wp:term":[{"taxonomy":"product_brand","embeddable":true,"href":"https:\/\/roveyayinevi.com.tr\/index.php\/wp-json\/wp\/v2\/product_brand?post=728219"},{"taxonomy":"product_cat","embeddable":true,"href":"https:\/\/roveyayinevi.com.tr\/index.php\/wp-json\/wp\/v2\/product_cat?post=728219"},{"taxonomy":"product_tag","embeddable":true,"href":"https:\/\/roveyayinevi.com.tr\/index.php\/wp-json\/wp\/v2\/product_tag?post=728219"}],"curies":[{"name":"wp","href":"https:\/\/api.w.org\/{rel}","templated":true}]}}