{"id":728218,"date":"2025-08-27T20:35:36","date_gmt":"2025-08-27T17:35:36","guid":{"rendered":"https:\/\/roveyayinevi.com.tr\/index.php\/urun\/tarihin-meydan-okumasi-karsisinda-islam-ve-bilim\/"},"modified":"2026-04-13T02:44:40","modified_gmt":"2026-04-12T23:44:40","slug":"tarihin-meydan-okumasi-karsisinda-islam-ve-bilim","status":"publish","type":"product","link":"https:\/\/roveyayinevi.com.tr\/index.php\/urun\/tarihin-meydan-okumasi-karsisinda-islam-ve-bilim\/","title":{"rendered":"Tarihin Meydan Okumas\u0131 Kar\u015f\u0131s\u0131nda \u0130slam ve Bilim"},"content":{"rendered":"<p>\u0130slam bilim tarihi sahas\u0131n\u0131n \u00f6nde gelen isimlerinden Ahmad Dallal, elinizdeki bu \u00e7al\u0131\u015fmada \u0130slam matematik ve do\u011fa bilimlerini, k\u00fclt\u00fcrel ve tarihsel ba\u011flamlar\u0131 \u00e7er\u00e7evesinde \u00f6zg\u00fcn bir okumaya tabi tutuyor. \u0130slam tarihinde bilimsel d\u00fc\u015f\u00fcncenin ba\u015flang\u0131c\u0131 ve geli\u015fimi, bilim ile felsefe aras\u0131ndaki etkile\u015fim, bilim-din ili\u015fkisi ve de modern M\u00fcsl\u00fcman d\u00fcnyada bilimin serencam\u0131 gibi alan\u0131n ba\u015fl\u0131ca meselelerine odaklanan Dallal, hem \u015fimdiye de\u011fin \u00fcretilmi\u015f ikincil literat\u00fcr\u00fc ele\u015ftirel bir s\u00fczge\u00e7ten ge\u00e7iriyor hem de ele ald\u0131\u011f\u0131 konularla ilgili pek \u00e7ok birincil kayna\u011f\u0131 ustaca yorumlayarak kendi bak\u0131\u015f a\u00e7\u0131s\u0131n\u0131 okuyucuyla payla\u015f\u0131yor. Bilim tarihini salt teknik detay aktar\u0131m\u0131na indirgemeyen; bilim, din ve felsefe ili\u015fkisini kar\u015f\u0131tl\u0131k anlat\u0131s\u0131na hapsetmeyen; bilimin toplumsal ve k\u00fclt\u00fcrel \u00f6\u011felerle karma\u015f\u0131k ve s\u0131k\u0131 irtibat\u0131 oldu\u011funu vurgulayarak b\u00fct\u00fcnc\u00fcl bir inceleme \u00e7abas\u0131n\u0131 \u00f6ne \u00e7\u0131karan Dallal, \u0130slam toplumlar\u0131n\u0131n farkl\u0131 bilimsel bak\u0131\u015f a\u00e7\u0131lar\u0131na sahip zengin bir birikimi temsil etti\u011fini ikna edici bir bi\u00e7imde ortaya koyuyor. Kronolojik ve betimlemeci bir anlat\u0131dan ziyade alan\u0131n temel sorular\u0131na odaklanan ve yeni ara\u015ft\u0131rma konular\u0131na kap\u0131 aralayan bu kitap, \u0130slam bilim ve entelekt\u00fcel tarihine ilgi duyanlar\u0131n ilgisini \u00e7ekecektir. <\/p>\n","protected":false},"excerpt":{"rendered":"<p>\u0130slam bilim tarihi sahas\u0131n\u0131n \u00f6nde gelen isimlerinden Ahmad Dallal, elinizdeki bu \u00e7al\u0131\u015fmada \u0130slam matematik ve do\u011fa bilimlerini, k\u00fclt\u00fcrel ve tarihsel ba\u011flamlar\u0131 \u00e7er\u00e7evesinde \u00f6zg\u00fcn bir okumaya tabi<span class=\"excerpt-hellip\"> [\u2026]<\/span><\/p>\n","protected":false},"featured_media":0,"template":"","meta":{"_monsterinsights_skip_tracking":false,"_monsterinsights_sitenote_active":false,"_monsterinsights_sitenote_note":"","_monsterinsights_sitenote_category":0},"product_brand":[],"product_cat":[12718,12719,18109],"product_tag":[],"class_list":{"0":"post-728218","1":"product","2":"type-product","3":"status-publish","5":"product_cat-din","6":"product_cat-islam","7":"product_cat-islam-tarihi","8":"pa_cilt-ciltsiz","9":"pa_tur-kitap","10":"pa_yayinevi-kure-yayinlari","11":"pa_yazar-ahmad-dallal","13":"first","14":"instock","15":"sale","16":"shipping-taxable","17":"purchasable","18":"product-type-simple"},"_links":{"self":[{"href":"https:\/\/roveyayinevi.com.tr\/index.php\/wp-json\/wp\/v2\/product\/728218","targetHints":{"allow":["GET"]}}],"collection":[{"href":"https:\/\/roveyayinevi.com.tr\/index.php\/wp-json\/wp\/v2\/product"}],"about":[{"href":"https:\/\/roveyayinevi.com.tr\/index.php\/wp-json\/wp\/v2\/types\/product"}],"wp:attachment":[{"href":"https:\/\/roveyayinevi.com.tr\/index.php\/wp-json\/wp\/v2\/media?parent=728218"}],"wp:term":[{"taxonomy":"product_brand","embeddable":true,"href":"https:\/\/roveyayinevi.com.tr\/index.php\/wp-json\/wp\/v2\/product_brand?post=728218"},{"taxonomy":"product_cat","embeddable":true,"href":"https:\/\/roveyayinevi.com.tr\/index.php\/wp-json\/wp\/v2\/product_cat?post=728218"},{"taxonomy":"product_tag","embeddable":true,"href":"https:\/\/roveyayinevi.com.tr\/index.php\/wp-json\/wp\/v2\/product_tag?post=728218"}],"curies":[{"name":"wp","href":"https:\/\/api.w.org\/{rel}","templated":true}]}}