{"id":728217,"date":"2025-08-27T20:35:35","date_gmt":"2025-08-27T17:35:35","guid":{"rendered":"https:\/\/roveyayinevi.com.tr\/index.php\/urun\/siir-diliyle-kuran-i-kerim-meali\/"},"modified":"2026-04-16T02:35:56","modified_gmt":"2026-04-15T23:35:56","slug":"siir-diliyle-kuran-i-kerim-meali","status":"publish","type":"product","link":"https:\/\/roveyayinevi.com.tr\/index.php\/urun\/siir-diliyle-kuran-i-kerim-meali\/","title":{"rendered":"\u015eiir Diliyle Kur&#8217;an-I Kerim Meali"},"content":{"rendered":"<p>S\u00f6zlerin g\u00fczel \u015fekilde s\u00f6ylenmesini, Kur\u2019an-\u0131 Kerim\u2019in en g\u00fczel ve en etkili \u015fekilde okunmas\u0131n\u0131 isteyen, bu sebeple de insanlara \u00e7o\u011fu kez \u015fiirsel bir usl\u00fbpla hitap eden Kutsal Kitab\u0131m\u0131zdan al\u0131nan \u015fu bir &#8211; ka\u00e7 \u00e2yet meali, bu kitab\u0131n ve uslubunun ne oldu\u011funu herhalde kafi derecede ortaya koymakt\u0131r.   \u00abElif, L\u00e2m, M\u00eem; Hi\u00e7bir \u015f\u00fcphenin, \u00e7eli\u015fkinin bulunmad\u0131\u011f\u0131 i\u015fte bu kitap, bir hediye, bir rehberdir sorumluluk s\u00e2hipleri i\u00e7in. Onlar ki g\u00f6r\u00fcnmez ger\u00e7eklere inan\u0131rlar, namazlar\u0131n\u0131 a\u015fkla \u015fevkle, dosdo\u011fru k\u0131larlar ve g\u00fczelce verirler, r\u0131z\u0131k verdi\u011fimiz \u015feylerden. T\u0131pk\u0131 inand\u0131klar\u0131 gibi senden \u00f6ncekilere yine sana indirdi\u011fimiz \u00e2yetlere inan\u0131rlar aynen. Ve \u00c2hiret\u2019e iman ederler c\u00e2nug\u00f6n\u00fclden. \u0130\u015fte, \u00fczerlerine o kimselerin hediyesi, rehberi ula\u015fm\u0131\u015ft\u0131r Rablerinin. Ve i\u015fte onlar t\u00e2 kendileridir kurtulu\u015fa erenlerin.\u00bb (Bakara 1-5) <\/p>\n","protected":false},"excerpt":{"rendered":"<p>S\u00f6zlerin g\u00fczel \u015fekilde s\u00f6ylenmesini, Kur\u2019an-\u0131 Kerim\u2019in en g\u00fczel ve en etkili \u015fekilde okunmas\u0131n\u0131 isteyen, bu sebeple de insanlara \u00e7o\u011fu kez \u015fiirsel bir usl\u00fbpla hitap eden Kutsal<span class=\"excerpt-hellip\"> [\u2026]<\/span><\/p>\n","protected":false},"featured_media":0,"template":"","meta":{"_monsterinsights_skip_tracking":false,"_monsterinsights_sitenote_active":false,"_monsterinsights_sitenote_note":"","_monsterinsights_sitenote_category":0},"product_brand":[],"product_cat":[12718,12719,17284],"product_tag":[],"class_list":{"0":"post-728217","1":"product","2":"type-product","3":"status-publish","5":"product_cat-din","6":"product_cat-islam","7":"product_cat-kuran-ve-kuran-uzerine","8":"pa_cilt-ciltsiz","9":"pa_tur-kitap","10":"pa_yayinevi-altinordu-yayinlari","11":"pa_yazar-nusret-cam","13":"first","14":"instock","15":"sale","16":"shipping-taxable","17":"purchasable","18":"product-type-simple"},"_links":{"self":[{"href":"https:\/\/roveyayinevi.com.tr\/index.php\/wp-json\/wp\/v2\/product\/728217","targetHints":{"allow":["GET"]}}],"collection":[{"href":"https:\/\/roveyayinevi.com.tr\/index.php\/wp-json\/wp\/v2\/product"}],"about":[{"href":"https:\/\/roveyayinevi.com.tr\/index.php\/wp-json\/wp\/v2\/types\/product"}],"wp:attachment":[{"href":"https:\/\/roveyayinevi.com.tr\/index.php\/wp-json\/wp\/v2\/media?parent=728217"}],"wp:term":[{"taxonomy":"product_brand","embeddable":true,"href":"https:\/\/roveyayinevi.com.tr\/index.php\/wp-json\/wp\/v2\/product_brand?post=728217"},{"taxonomy":"product_cat","embeddable":true,"href":"https:\/\/roveyayinevi.com.tr\/index.php\/wp-json\/wp\/v2\/product_cat?post=728217"},{"taxonomy":"product_tag","embeddable":true,"href":"https:\/\/roveyayinevi.com.tr\/index.php\/wp-json\/wp\/v2\/product_tag?post=728217"}],"curies":[{"name":"wp","href":"https:\/\/api.w.org\/{rel}","templated":true}]}}