{"id":728215,"date":"2025-08-27T20:35:33","date_gmt":"2025-08-27T17:35:33","guid":{"rendered":"https:\/\/roveyayinevi.com.tr\/index.php\/urun\/ucurumu-koruyan-korkuluk\/"},"modified":"2026-04-16T02:35:56","modified_gmt":"2026-04-15T23:35:56","slug":"ucurumu-koruyan-korkuluk","status":"publish","type":"product","link":"https:\/\/roveyayinevi.com.tr\/index.php\/urun\/ucurumu-koruyan-korkuluk\/","title":{"rendered":"U\u00e7urumu Koruyan Korkuluk"},"content":{"rendered":"<p>Ne yaz\u0131 ne \u015fiir, ikisi de edebiyat de\u011fil. \u0130nsan\u0131n yaz\u0131s\u0131, elyaz\u0131s\u0131, al\u0131nyaz\u0131s\u0131, olyaz\u0131s\u0131, yolyaz\u0131s\u0131. Bazen b\u00fcy\u00fck okyanuslar gibi g\u00f6z\u00fcken, hem i\u00e7imizi hem akl\u0131m\u0131z\u0131 kavuran, yakan, susuzluktan bo\u011fuldu\u011fumuz bu \u00e7\u00f6lden \u00e7\u0131kmak i\u00e7in gereken yollu\u011fumuz bizim. Yaz\u0131 da yolluk \u015fiir de. U\u00e7urumdan da, azg\u0131n nehirlerden de, \u00e7\u00f6lden de onlarla \u00e7\u0131k\u0131yor insan ve onlara \u00e7\u0131k\u0131yor. Tarhan G\u00fcrhan\u2019\u0131n U\u00e7urumu Koruyan Korkuluk kitab\u0131, Cemal S\u00fcreya\u2019n\u0131n U\u00e7urumda A\u00e7an kitab\u0131n\u0131n ad\u0131n\u0131 hat\u0131rlatt\u0131, \u2018u\u00e7urumda a\u00e7an \u00e7i\u00e7ek\u2019 oldu. U\u00e7urumda a\u00e7\u0131yor ama zehirli de\u011fil, yak\u0131c\u0131. Zehri atmak i\u00e7in ka\u00e7\u0131n\u0131lmaz olarak yak\u0131c\u0131.  &#8211; Haydar Erg\u00fclen Y\u0131llar \u00f6nce Alkoli\u00e7e &#8211; Kendini Kundaklama Dersleri ile a\u015fk\u0131n ve ayr\u0131l\u0131\u011f\u0131n haritas\u0131n\u0131 \u00e7izen Tarhan G\u00fcrhan, U\u00e7urumu Koruyan Korkuluk\u2019ta ayr\u0131l\u0131kla ve \u00f6zlemle ba\u015fa \u00e7\u0131k(ama)ma g\u00fcnlerini anlat\u0131yor. Ayr\u0131l\u0131kla ba\u015flay\u0131p \u00e7\u00f6pe at\u0131lan \u015fi\u015felerle sona erdirilmeye \u00e7al\u0131\u015f\u0131lan a\u015fk\u0131n her hali, hayat ve \u00f6l\u00fcm\u00fcn k\u0131y\u0131s\u0131nda geziniyor. G\u00fcrhan\u2019\u0131n fi\u015flerden dolaplara, pe\u00e7etelerden gazetelere her an\u0131n\u0131 kayda ge\u00e7irdi\u011fi g\u00fcnlerinin bir araya geldi\u011fi ve bir a\u015fk\u0131n anatomisini \u00e7izen bu kitap, sizi korkular\u0131n\u0131zla de\u011fil; korunmas\u0131 gereken u\u00e7urumlar\u0131n varl\u0131\u011f\u0131yla y\u00fczle\u015ftiriyor. <\/p>\n","protected":false},"excerpt":{"rendered":"<p>Ne yaz\u0131 ne \u015fiir, ikisi de edebiyat de\u011fil. \u0130nsan\u0131n yaz\u0131s\u0131, elyaz\u0131s\u0131, al\u0131nyaz\u0131s\u0131, olyaz\u0131s\u0131, yolyaz\u0131s\u0131. Bazen b\u00fcy\u00fck okyanuslar gibi g\u00f6z\u00fcken, hem i\u00e7imizi hem akl\u0131m\u0131z\u0131 kavuran, yakan, susuzluktan<span class=\"excerpt-hellip\"> [\u2026]<\/span><\/p>\n","protected":false},"featured_media":0,"template":"","meta":{"_monsterinsights_skip_tracking":false,"_monsterinsights_sitenote_active":false,"_monsterinsights_sitenote_note":"","_monsterinsights_sitenote_category":0},"product_brand":[],"product_cat":[12777,12291],"product_tag":[],"class_list":{"0":"post-728215","1":"product","2":"type-product","3":"status-publish","5":"product_cat-deneme","6":"product_cat-edebiyat","7":"pa_cilt-ciltsiz","8":"pa_tur-kitap","9":"pa_yayinevi-kara-karga-yayinlari","10":"pa_yazar-tarhan-gurhan","12":"first","13":"instock","14":"sale","15":"shipping-taxable","16":"purchasable","17":"product-type-simple"},"_links":{"self":[{"href":"https:\/\/roveyayinevi.com.tr\/index.php\/wp-json\/wp\/v2\/product\/728215","targetHints":{"allow":["GET"]}}],"collection":[{"href":"https:\/\/roveyayinevi.com.tr\/index.php\/wp-json\/wp\/v2\/product"}],"about":[{"href":"https:\/\/roveyayinevi.com.tr\/index.php\/wp-json\/wp\/v2\/types\/product"}],"wp:attachment":[{"href":"https:\/\/roveyayinevi.com.tr\/index.php\/wp-json\/wp\/v2\/media?parent=728215"}],"wp:term":[{"taxonomy":"product_brand","embeddable":true,"href":"https:\/\/roveyayinevi.com.tr\/index.php\/wp-json\/wp\/v2\/product_brand?post=728215"},{"taxonomy":"product_cat","embeddable":true,"href":"https:\/\/roveyayinevi.com.tr\/index.php\/wp-json\/wp\/v2\/product_cat?post=728215"},{"taxonomy":"product_tag","embeddable":true,"href":"https:\/\/roveyayinevi.com.tr\/index.php\/wp-json\/wp\/v2\/product_tag?post=728215"}],"curies":[{"name":"wp","href":"https:\/\/api.w.org\/{rel}","templated":true}]}}