{"id":728211,"date":"2025-08-27T20:35:29","date_gmt":"2025-08-27T17:35:29","guid":{"rendered":"https:\/\/roveyayinevi.com.tr\/index.php\/urun\/emanetdar-ayasofya-dehlizlerinde\/"},"modified":"2026-04-16T02:35:55","modified_gmt":"2026-04-15T23:35:55","slug":"emanetdar-ayasofya-dehlizlerinde","status":"publish","type":"product","link":"https:\/\/roveyayinevi.com.tr\/index.php\/urun\/emanetdar-ayasofya-dehlizlerinde\/","title":{"rendered":"Emanetdar Ayasofya Dehlizlerinde"},"content":{"rendered":"<p>Koruyucusu oldu\u011fu emanetten habersiz, s\u0131radan ya\u015fam\u0131na devam eden Yama\u00e7, dedesinin hastaneye kald\u0131r\u0131lmas\u0131yla b\u00fcy\u00fck bir s\u0131rr\u0131 \u00f6\u011frenir. Dedesinin kadim dostuyla birlikte insanl\u0131\u011f\u0131 kurtarmak i\u00e7in Ayasoyfa\u2019n\u0131n dehlizlerine d\u00fc\u015fen yollar\u0131 onlara unutulmaz bir maceran\u0131n kap\u0131lar\u0131n\u0131 aralayacakt\u0131r.K\u00e2h Kastamonu\u2019nun karl\u0131 virajlar\u0131nda yol alaca\u011f\u0131n\u0131z k\u00e2h Ayasofya\u2019n\u0131n kadim tarihine tan\u0131kl\u0131k edece\u011finiz heyecanl\u0131 bir macera sizleri bekliyor!<\/p>\n","protected":false},"excerpt":{"rendered":"<p>Koruyucusu oldu\u011fu emanetten habersiz, s\u0131radan ya\u015fam\u0131na devam eden Yama\u00e7, dedesinin hastaneye kald\u0131r\u0131lmas\u0131yla b\u00fcy\u00fck bir s\u0131rr\u0131 \u00f6\u011frenir. Dedesinin kadim dostuyla birlikte insanl\u0131\u011f\u0131 kurtarmak i\u00e7in Ayasoyfa\u2019n\u0131n dehlizlerine d\u00fc\u015fen<span class=\"excerpt-hellip\"> [\u2026]<\/span><\/p>\n","protected":false},"featured_media":0,"template":"","meta":{"_monsterinsights_skip_tracking":false,"_monsterinsights_sitenote_active":false,"_monsterinsights_sitenote_note":"","_monsterinsights_sitenote_category":0},"product_brand":[],"product_cat":[12275,12274],"product_tag":[],"class_list":{"0":"post-728211","1":"product","2":"type-product","3":"status-publish","5":"product_cat-6-12-yas-kitaplari","6":"product_cat-cocuk-ve-genclik-kitaplari","7":"pa_cilt-ciltsiz","8":"pa_tur-kitap","9":"pa_yayinevi-erdem-cocuk","10":"pa_yazar-esra-bahadir-cesar","12":"first","13":"instock","14":"sale","15":"shipping-taxable","16":"purchasable","17":"product-type-simple"},"_links":{"self":[{"href":"https:\/\/roveyayinevi.com.tr\/index.php\/wp-json\/wp\/v2\/product\/728211","targetHints":{"allow":["GET"]}}],"collection":[{"href":"https:\/\/roveyayinevi.com.tr\/index.php\/wp-json\/wp\/v2\/product"}],"about":[{"href":"https:\/\/roveyayinevi.com.tr\/index.php\/wp-json\/wp\/v2\/types\/product"}],"wp:attachment":[{"href":"https:\/\/roveyayinevi.com.tr\/index.php\/wp-json\/wp\/v2\/media?parent=728211"}],"wp:term":[{"taxonomy":"product_brand","embeddable":true,"href":"https:\/\/roveyayinevi.com.tr\/index.php\/wp-json\/wp\/v2\/product_brand?post=728211"},{"taxonomy":"product_cat","embeddable":true,"href":"https:\/\/roveyayinevi.com.tr\/index.php\/wp-json\/wp\/v2\/product_cat?post=728211"},{"taxonomy":"product_tag","embeddable":true,"href":"https:\/\/roveyayinevi.com.tr\/index.php\/wp-json\/wp\/v2\/product_tag?post=728211"}],"curies":[{"name":"wp","href":"https:\/\/api.w.org\/{rel}","templated":true}]}}