{"id":728210,"date":"2025-08-27T20:35:28","date_gmt":"2025-08-27T17:35:28","guid":{"rendered":"https:\/\/roveyayinevi.com.tr\/index.php\/urun\/ibrahim-ile-kartopu\/"},"modified":"2026-04-16T02:35:55","modified_gmt":"2026-04-15T23:35:55","slug":"ibrahim-ile-kartopu","status":"publish","type":"product","link":"https:\/\/roveyayinevi.com.tr\/index.php\/urun\/ibrahim-ile-kartopu\/","title":{"rendered":"\u0130brahim ile Kartopu"},"content":{"rendered":"<p>Sava\u015flar sadece insanlar\u0131 de\u011fil, ku\u015flar\u0131, kelebekleri ve daha nice canl\u0131lar\u0131 yuvas\u0131ndan ay\u0131rd\u0131. Kartopu da bu canl\u0131lardan sadece bir tanesi. \u0130brahim\u2019in cebinde g\u00fcnlerce yolculuk etmi\u015f, onu kendine yuva bellemi\u015fti. Yeni bir hayata al\u0131\u015fmaya \u00e7al\u0131\u015fan \u0130brahim ve ona umut olan Kartopu\u2019nun arkada\u015fl\u0131\u011f\u0131 i\u00e7inizi \u0131s\u0131tacak.<\/p>\n","protected":false},"excerpt":{"rendered":"<p>Sava\u015flar sadece insanlar\u0131 de\u011fil, ku\u015flar\u0131, kelebekleri ve daha nice canl\u0131lar\u0131 yuvas\u0131ndan ay\u0131rd\u0131. Kartopu da bu canl\u0131lardan sadece bir tanesi. \u0130brahim\u2019in cebinde g\u00fcnlerce yolculuk etmi\u015f, onu kendine<span class=\"excerpt-hellip\"> [\u2026]<\/span><\/p>\n","protected":false},"featured_media":0,"template":"","meta":{"_monsterinsights_skip_tracking":false,"_monsterinsights_sitenote_active":false,"_monsterinsights_sitenote_note":"","_monsterinsights_sitenote_category":0},"product_brand":[],"product_cat":[12275,12274],"product_tag":[],"class_list":{"0":"post-728210","1":"product","2":"type-product","3":"status-publish","5":"product_cat-6-12-yas-kitaplari","6":"product_cat-cocuk-ve-genclik-kitaplari","7":"pa_cilt-ciltsiz","8":"pa_tur-kitap","9":"pa_yayinevi-erdem-cocuk","10":"pa_yazar-gulsum-sezgin","12":"first","13":"instock","14":"sale","15":"shipping-taxable","16":"purchasable","17":"product-type-simple"},"_links":{"self":[{"href":"https:\/\/roveyayinevi.com.tr\/index.php\/wp-json\/wp\/v2\/product\/728210","targetHints":{"allow":["GET"]}}],"collection":[{"href":"https:\/\/roveyayinevi.com.tr\/index.php\/wp-json\/wp\/v2\/product"}],"about":[{"href":"https:\/\/roveyayinevi.com.tr\/index.php\/wp-json\/wp\/v2\/types\/product"}],"wp:attachment":[{"href":"https:\/\/roveyayinevi.com.tr\/index.php\/wp-json\/wp\/v2\/media?parent=728210"}],"wp:term":[{"taxonomy":"product_brand","embeddable":true,"href":"https:\/\/roveyayinevi.com.tr\/index.php\/wp-json\/wp\/v2\/product_brand?post=728210"},{"taxonomy":"product_cat","embeddable":true,"href":"https:\/\/roveyayinevi.com.tr\/index.php\/wp-json\/wp\/v2\/product_cat?post=728210"},{"taxonomy":"product_tag","embeddable":true,"href":"https:\/\/roveyayinevi.com.tr\/index.php\/wp-json\/wp\/v2\/product_tag?post=728210"}],"curies":[{"name":"wp","href":"https:\/\/api.w.org\/{rel}","templated":true}]}}