{"id":728208,"date":"2025-08-27T20:35:26","date_gmt":"2025-08-27T17:35:26","guid":{"rendered":"https:\/\/roveyayinevi.com.tr\/index.php\/urun\/efsane-karakterler-alp-ile-elifin-fantastik-maceralari-fatih-sultan-mehmet\/"},"modified":"2026-04-16T02:35:55","modified_gmt":"2026-04-15T23:35:55","slug":"efsane-karakterler-alp-ile-elifin-fantastik-maceralari-fatih-sultan-mehmet","status":"publish","type":"product","link":"https:\/\/roveyayinevi.com.tr\/index.php\/urun\/efsane-karakterler-alp-ile-elifin-fantastik-maceralari-fatih-sultan-mehmet\/","title":{"rendered":"Efsane Karakterler Alp \u0130le Elif\u2019in Fantastik Maceralar\u0131 &#8211; Fatih Sultan Mehmet"},"content":{"rendered":"<p>Tarihin efsane karakterleri bu e\u011flenceli ve heyecanl\u0131 seride bulu\u015fuyor. Usta tarihi romanc\u0131 ve akademisyen Beyaz\u0131t Akman \u00e7ocuklar i\u00e7in yazd\u0131.   Gizemli ve macera dolu bir zaman yolculu\u011funa haz\u0131r m\u0131s\u0131n\u0131z?   Tarihin t\u00fcm \u00f6nemli karakterlerini silmeye kararl\u0131 Tarih\u00e7alan\u2019\u0131n bu sefer hedefinde Fatih ve \u0130stanbul\u2019un fethi var!   Alp ile Elif 1453 y\u0131l\u0131na giderek Fatih\u2019i bulmal\u0131 ve Tarih\u00e7alan\u2019\u0131n ge\u00e7mi\u015fi de\u011fi\u015ftirmesine engel olmal\u0131lar. Bu macerada onlar\u0131 neler beklemiyor ki? Ayasofya\u2019da bir zaman t\u00fcneli, ak\u0131l almaz ku\u015fatma kuleleri, karada y\u00fcr\u00fcyen gemiler, devasa toplar ve daha t\u00fcrl\u00fc icatlar.   Acaba kahramanlar\u0131m\u0131z Tarih\u00e7alan\u2019\u0131 durdurabilecekler mi?   Alp ile Elif \u2019in fantastik maceras\u0131na siz de kat\u0131l\u0131n ve tarihin efsane karakterleriyle tan\u0131\u015f\u0131n!   Efsane Karakterler, y\u0131llar s\u00fcren bir \u00e7al\u0131\u015fman\u0131n ard\u0131ndan tarih, bilim ve edebiyat serisi olarak haz\u0131rland\u0131. <\/p>\n","protected":false},"excerpt":{"rendered":"<p>Tarihin efsane karakterleri bu e\u011flenceli ve heyecanl\u0131 seride bulu\u015fuyor. Usta tarihi romanc\u0131 ve akademisyen Beyaz\u0131t Akman \u00e7ocuklar i\u00e7in yazd\u0131. Gizemli ve macera dolu bir zaman yolculu\u011funa<span class=\"excerpt-hellip\"> [\u2026]<\/span><\/p>\n","protected":false},"featured_media":0,"template":"","meta":{"_monsterinsights_skip_tracking":false,"_monsterinsights_sitenote_active":false,"_monsterinsights_sitenote_note":"","_monsterinsights_sitenote_category":0},"product_brand":[],"product_cat":[12275,12274],"product_tag":[],"class_list":{"0":"post-728208","1":"product","2":"type-product","3":"status-publish","5":"product_cat-6-12-yas-kitaplari","6":"product_cat-cocuk-ve-genclik-kitaplari","7":"pa_cilt-ciltsiz","8":"pa_tur-kitap","9":"pa_yayinevi-epsilon-yayinlari","10":"pa_yazar-beyazit-akman","12":"first","13":"instock","14":"sale","15":"shipping-taxable","16":"purchasable","17":"product-type-simple"},"_links":{"self":[{"href":"https:\/\/roveyayinevi.com.tr\/index.php\/wp-json\/wp\/v2\/product\/728208","targetHints":{"allow":["GET"]}}],"collection":[{"href":"https:\/\/roveyayinevi.com.tr\/index.php\/wp-json\/wp\/v2\/product"}],"about":[{"href":"https:\/\/roveyayinevi.com.tr\/index.php\/wp-json\/wp\/v2\/types\/product"}],"wp:attachment":[{"href":"https:\/\/roveyayinevi.com.tr\/index.php\/wp-json\/wp\/v2\/media?parent=728208"}],"wp:term":[{"taxonomy":"product_brand","embeddable":true,"href":"https:\/\/roveyayinevi.com.tr\/index.php\/wp-json\/wp\/v2\/product_brand?post=728208"},{"taxonomy":"product_cat","embeddable":true,"href":"https:\/\/roveyayinevi.com.tr\/index.php\/wp-json\/wp\/v2\/product_cat?post=728208"},{"taxonomy":"product_tag","embeddable":true,"href":"https:\/\/roveyayinevi.com.tr\/index.php\/wp-json\/wp\/v2\/product_tag?post=728208"}],"curies":[{"name":"wp","href":"https:\/\/api.w.org\/{rel}","templated":true}]}}