{"id":728202,"date":"2025-08-27T20:35:20","date_gmt":"2025-08-27T17:35:20","guid":{"rendered":"https:\/\/roveyayinevi.com.tr\/index.php\/urun\/lilliput\/"},"modified":"2026-04-16T02:35:55","modified_gmt":"2026-04-15T23:35:55","slug":"lilliput","status":"publish","type":"product","link":"https:\/\/roveyayinevi.com.tr\/index.php\/urun\/lilliput\/","title":{"rendered":"Lilliput"},"content":{"rendered":"<p>\u201cD\u00fcnya kafeslerle doludur ancak hepsinin demir parmakl\u0131klar\u0131 yoktur.\u201d Lily, ninesiyle beraber Lilliput\u2019ta sakin bir hayat s\u00fcren k\u00fc\u00e7\u00fck bir k\u0131zd\u0131r. Fakat bir g\u00fcn denizden \u00e7\u0131kan bir dev taraf\u0131ndan ka\u00e7\u0131r\u0131ld\u0131\u011f\u0131nda hayat\u0131 aniden de\u011fi\u015fir. Gulliver, anlatt\u0131\u011f\u0131 c\u00fcceler \u00fclkesinin bir kan\u0131t\u0131 olarak Lily\u2019yi ka\u00e7\u0131r\u0131p Londra\u2019daki tavan aras\u0131nda bir ku\u015f kafesine kapat\u0131r. Orada tutuldu\u011fu alt\u0131 ay boyunca s\u00fcrekli ka\u00e7\u0131\u015f planlar\u0131 yapan k\u00fc\u00e7\u00fck k\u0131z\u0131n denemeleri her seferinde ba\u015far\u0131s\u0131zl\u0131kla sonu\u00e7lan\u0131r, en az\u0131ndan Lily \u00f6yle d\u00fc\u015f\u00fcn\u00fcr&#8230; Tam vazge\u00e7mek \u00fczereyken ortaya \u00e7\u0131kan Finn, Lily\u2019nin eve d\u00f6nmesine yard\u0131m etmeye kararl\u0131d\u0131r ama bunun i\u00e7in \u00f6nce zalim saat ustas\u0131 Bay Plinker\u2019den kurtulmas\u0131 gerekmektedir\u2026 G\u00fcr\u00fclt\u00fcl\u00fc ve koskocaman bir \u015fehirde, \u00f6zg\u00fcrl\u00fc\u011f\u00fcn \u00f6nemini \u00e7ok iyi anlayan bu ikilinin keyifli ve heyecan dolu maceralar\u0131, g\u00fczel \u00e7ikolata kokular\u0131 e\u015fli\u011finde okurlar\u0131n\u0131 da ard\u0131ndan s\u00fcr\u00fckl\u00fcyorSam Gayton, Gulliver\u2019\u0131n Gezileri\u2019nden esinlenerek yazd\u0131\u011f\u0131 bu kitab\u0131nda okurlar\u0131n\u0131, Jonathan Swift\u2019in yaratt\u0131\u011f\u0131 muhte\u015fem d\u00fcnyan\u0131n bir par\u00e7as\u0131 olmaya \u00e7a\u011f\u0131r\u0131yor. <\/p>\n","protected":false},"excerpt":{"rendered":"<p>\u201cD\u00fcnya kafeslerle doludur ancak hepsinin demir parmakl\u0131klar\u0131 yoktur.\u201d Lily, ninesiyle beraber Lilliput\u2019ta sakin bir hayat s\u00fcren k\u00fc\u00e7\u00fck bir k\u0131zd\u0131r. Fakat bir g\u00fcn denizden \u00e7\u0131kan bir dev<span class=\"excerpt-hellip\"> [\u2026]<\/span><\/p>\n","protected":false},"featured_media":0,"template":"","meta":{"_monsterinsights_skip_tracking":false,"_monsterinsights_sitenote_active":false,"_monsterinsights_sitenote_note":"","_monsterinsights_sitenote_category":0},"product_brand":[],"product_cat":[12275,12274],"product_tag":[],"class_list":{"0":"post-728202","1":"product","2":"type-product","3":"status-publish","5":"product_cat-6-12-yas-kitaplari","6":"product_cat-cocuk-ve-genclik-kitaplari","7":"pa_cilt-ciltsiz","8":"pa_tur-kitap","9":"pa_yayinevi-ithaki-yayinlari","10":"pa_yazar-sam-gayton","12":"first","13":"instock","14":"sale","15":"shipping-taxable","16":"purchasable","17":"product-type-simple"},"_links":{"self":[{"href":"https:\/\/roveyayinevi.com.tr\/index.php\/wp-json\/wp\/v2\/product\/728202","targetHints":{"allow":["GET"]}}],"collection":[{"href":"https:\/\/roveyayinevi.com.tr\/index.php\/wp-json\/wp\/v2\/product"}],"about":[{"href":"https:\/\/roveyayinevi.com.tr\/index.php\/wp-json\/wp\/v2\/types\/product"}],"wp:attachment":[{"href":"https:\/\/roveyayinevi.com.tr\/index.php\/wp-json\/wp\/v2\/media?parent=728202"}],"wp:term":[{"taxonomy":"product_brand","embeddable":true,"href":"https:\/\/roveyayinevi.com.tr\/index.php\/wp-json\/wp\/v2\/product_brand?post=728202"},{"taxonomy":"product_cat","embeddable":true,"href":"https:\/\/roveyayinevi.com.tr\/index.php\/wp-json\/wp\/v2\/product_cat?post=728202"},{"taxonomy":"product_tag","embeddable":true,"href":"https:\/\/roveyayinevi.com.tr\/index.php\/wp-json\/wp\/v2\/product_tag?post=728202"}],"curies":[{"name":"wp","href":"https:\/\/api.w.org\/{rel}","templated":true}]}}