{"id":728201,"date":"2025-08-27T20:35:19","date_gmt":"2025-08-27T17:35:19","guid":{"rendered":"https:\/\/roveyayinevi.com.tr\/index.php\/urun\/sevginin-cagrisi\/"},"modified":"2026-04-16T02:35:55","modified_gmt":"2026-04-15T23:35:55","slug":"sevginin-cagrisi","status":"publish","type":"product","link":"https:\/\/roveyayinevi.com.tr\/index.php\/urun\/sevginin-cagrisi\/","title":{"rendered":"Sevginin \u00c7a\u011fr\u0131s\u0131"},"content":{"rendered":"<p>\u201cBaz\u0131 insanlar\u0131n s\u0131rf normal olabilmek i\u00e7in ola\u011fan\u00fcst\u00fc bir \u00e7aba sarf ettiklerini kimse bilmez.\u201d   Portia Kane, kad\u0131n d\u00fc\u015fman\u0131 filmler \u00e7eken kocas\u0131n\u0131 gen\u00e7 bir kad\u0131nla bast\u0131\u011f\u0131nda, i\u00e7inde kalan son iyi par\u00e7as\u0131n\u0131n da \u00f6ld\u00fc\u011f\u00fcn\u00fc hissetmi\u015fti. Kendini d\u00fc\u015ft\u00fc\u011f\u00fc bu dip noktadan kurtarmak zorunda oldu\u011funu biliyordu ve bunu da korkun\u00e7 bir skandaldan sonra emekli olmu\u015f eski \u0130ngilizce \u00f6\u011fretmenini yeniden hayata d\u00f6nd\u00fcrerek yapmay\u0131 planl\u0131yordu.   L\u00fcks Florida ya\u015fant\u0131s\u0131n\u0131 ard\u0131nda b\u0131rakmak i\u00e7in u\u00e7a\u011fa bindi\u011finde, ak\u0131l almaz mucizelere sebep olan bir olaylar zincirini tetikledi\u011finin fark\u0131nda bile de\u011fildi. O andan sonra kendi hik\u00e2yesi haz\u0131rcevap bir rahibe, eski bir uyu\u015fturucu ba\u011f\u0131ml\u0131s\u0131 ve metal m\u00fczik hayran\u0131 k\u00fc\u00e7\u00fck bir \u00e7ocu\u011funkiyle i\u00e7 i\u00e7e ge\u00e7ecekti.   \u201cQuick\u2019in kitaplar\u0131nda umut etmek i\u00e7in her zaman bir sebep var.\u201d \u2014New York Daily News   \u201cMatthew Quick kalbinizi k\u0131rmak yerine onu \u00e7al\u0131yor ve g\u00fc\u00e7lendirip size geri veriyor.\u201d \u2014Winnipeg Free   \u201c\u0130lham verici. Matthew Quick\u2019in yaral\u0131 karakterleri i\u015fleyi\u015f \u015fekli e\u015fsiz.\u201d \u2014Boston Globe   \u201cQuick bildi\u011fi \u015feyleri yazmakta ve okurlar\u0131n karakterlerle derin bir ba\u011f kurmas\u0131n\u0131 sa\u011flamakta \u00e7ok b\u00fcy\u00fck bir ustal\u0131k g\u00f6steriyor. Sevginin \u00e7a\u011fr\u0131s\u0131 ayn\u0131 zamanda, \u00f6fkeli bir baya\u011f\u0131l\u0131kla i\u015flenmi\u015f esprit\u00fcel diyaloglar yaratmadaki maharetini de g\u00f6zler \u00f6n\u00fcne seriyor.\u201d \u2014Wall Street Journal   \u201c\u0130ster kendi arzusuyla olsun ister zorla, en k\u0131r\u0131k insanlar\u0131n bile bazen tamir edilebilece\u011fiyle alakal\u0131, ustal\u0131kla yaz\u0131lm\u0131\u015f bir hik\u00e2ye.\u201d \u2014Philadelphia Inquirer   \u201cQuick, garip ama hasarl\u0131 karakterleri ve cesur ger\u00e7ek hayat hik\u00e2yeleriyle tekrar b\u00fcy\u00fck bir ba\u015far\u0131 yakal\u0131yor &#8211; bu sefer hem e\u011flendirip hem de yo\u011fun duygular uyand\u0131ranlar, sadakatsiz bir pornocunun eski kar\u0131s\u0131, onun istif\u00e7i annesi ve eski bir lise ingilizce \u00f6\u011fretmeni&#8230;\u201d \u2014Glamour.com   \u201cS\u0131rad\u0131\u015f\u0131 bir yolculuk.\u201d \u2014Parade   \u201cElimden b\u0131rakamad\u0131m.\u201d \u2014Pittsburg Post-Gazette <\/p>\n","protected":false},"excerpt":{"rendered":"<p>\u201cBaz\u0131 insanlar\u0131n s\u0131rf normal olabilmek i\u00e7in ola\u011fan\u00fcst\u00fc bir \u00e7aba sarf ettiklerini kimse bilmez.\u201d Portia Kane, kad\u0131n d\u00fc\u015fman\u0131 filmler \u00e7eken kocas\u0131n\u0131 gen\u00e7 bir kad\u0131nla bast\u0131\u011f\u0131nda, i\u00e7inde kalan<span class=\"excerpt-hellip\"> [\u2026]<\/span><\/p>\n","protected":false},"featured_media":0,"template":"","meta":{"_monsterinsights_skip_tracking":false,"_monsterinsights_sitenote_active":false,"_monsterinsights_sitenote_note":"","_monsterinsights_sitenote_category":0},"product_brand":[],"product_cat":[14643,12291],"product_tag":[],"class_list":{"0":"post-728201","1":"product","2":"type-product","3":"status-publish","5":"product_cat-ask","6":"product_cat-edebiyat","7":"pa_cilt-ciltsiz","8":"pa_tur-kitap","9":"pa_yayinevi-yabanci-yayinevi","10":"pa_yazar-matthew-quick","12":"first","13":"instock","14":"sale","15":"shipping-taxable","16":"purchasable","17":"product-type-simple"},"_links":{"self":[{"href":"https:\/\/roveyayinevi.com.tr\/index.php\/wp-json\/wp\/v2\/product\/728201","targetHints":{"allow":["GET"]}}],"collection":[{"href":"https:\/\/roveyayinevi.com.tr\/index.php\/wp-json\/wp\/v2\/product"}],"about":[{"href":"https:\/\/roveyayinevi.com.tr\/index.php\/wp-json\/wp\/v2\/types\/product"}],"wp:attachment":[{"href":"https:\/\/roveyayinevi.com.tr\/index.php\/wp-json\/wp\/v2\/media?parent=728201"}],"wp:term":[{"taxonomy":"product_brand","embeddable":true,"href":"https:\/\/roveyayinevi.com.tr\/index.php\/wp-json\/wp\/v2\/product_brand?post=728201"},{"taxonomy":"product_cat","embeddable":true,"href":"https:\/\/roveyayinevi.com.tr\/index.php\/wp-json\/wp\/v2\/product_cat?post=728201"},{"taxonomy":"product_tag","embeddable":true,"href":"https:\/\/roveyayinevi.com.tr\/index.php\/wp-json\/wp\/v2\/product_tag?post=728201"}],"curies":[{"name":"wp","href":"https:\/\/api.w.org\/{rel}","templated":true}]}}