{"id":728200,"date":"2025-08-27T20:35:18","date_gmt":"2025-08-27T17:35:18","guid":{"rendered":"https:\/\/roveyayinevi.com.tr\/index.php\/urun\/kulun-kalbi-ciltli\/"},"modified":"2026-04-16T02:35:55","modified_gmt":"2026-04-15T23:35:55","slug":"kulun-kalbi-ciltli","status":"publish","type":"product","link":"https:\/\/roveyayinevi.com.tr\/index.php\/urun\/kulun-kalbi-ciltli\/","title":{"rendered":"K\u00fcl\u00fcn Kalbi (Ciltli)"},"content":{"rendered":"<p>\u201cRuhumun derinliklerini g\u00f6rm\u00fc\u015ft\u00fc. D\u00f6n\u00fc\u015fece\u011fim \u015feyi. Ve bu, onu korkutmu\u015ftu.\u201d   Ash, Quivira\u2019dan canl\u0131 \u00e7\u0131kmay\u0131 ba\u015farm\u0131\u015f olabilirdi ama her \u015feyini kaybetmi\u015fti. Annesi \u00f6lm\u00fc\u015f, karde\u015fi kaybolmu\u015f, sevdi\u011fi adamsa \u015feytani atalar\u0131ndan biri taraf\u0131ndan ele ge\u00e7irilmi\u015fti. Avrupa\u2019n\u0131n en tehlikeli \u00f6l\u00fcms\u00fczleri, Dane\u2019in liderli\u011finde toplan\u0131p Ash\u2019le karde\u015finin sonunu planl\u0131yorlard\u0131. Fakat kan ba\u011f\u0131, sand\u0131klar\u0131ndan \u00e7ok daha g\u00fc\u00e7l\u00fcyd\u00fc. Herkes kan ve tuza buland\u0131\u011f\u0131nda, kendilerini karanl\u0131\u011fa m\u0131 kurban edeceklerdi yoksa \u0131\u015f\u0131\u011fa ula\u015fmak i\u00e7in her \u015feyi ate\u015fe mi vereceklerdi?   \u201cKasvet ve tutku dolu, Gotik esintili bir a\u015fk hik\u00e2yesi.\u201d \u2014School Library Journal   \u201cTekinsizli\u011fin s\u0131n\u0131rlar\u0131nda geziniyor. Okurlar\u0131 kalbinden yakalayacak ve romantizmin doruklar\u0131na \u00e7\u0131karacak.\u201d \u2014Booklist <\/p>\n","protected":false},"excerpt":{"rendered":"<p>\u201cRuhumun derinliklerini g\u00f6rm\u00fc\u015ft\u00fc. D\u00f6n\u00fc\u015fece\u011fim \u015feyi. Ve bu, onu korkutmu\u015ftu.\u201d Ash, Quivira\u2019dan canl\u0131 \u00e7\u0131kmay\u0131 ba\u015farm\u0131\u015f olabilirdi ama her \u015feyini kaybetmi\u015fti. Annesi \u00f6lm\u00fc\u015f, karde\u015fi kaybolmu\u015f, sevdi\u011fi adamsa \u015feytani<span class=\"excerpt-hellip\"> [\u2026]<\/span><\/p>\n","protected":false},"featured_media":0,"template":"","meta":{"_monsterinsights_skip_tracking":false,"_monsterinsights_sitenote_active":false,"_monsterinsights_sitenote_note":"","_monsterinsights_sitenote_category":0},"product_brand":[],"product_cat":[12291,17033],"product_tag":[],"class_list":{"0":"post-728200","1":"product","2":"type-product","3":"status-publish","5":"product_cat-edebiyat","6":"product_cat-korku-gerilim","7":"pa_cilt-ciltli","8":"pa_tur-kitap","9":"pa_yayinevi-yabanci-yayinevi","10":"pa_yazar-kim-liggett","12":"first","13":"instock","14":"sale","15":"shipping-taxable","16":"purchasable","17":"product-type-simple"},"_links":{"self":[{"href":"https:\/\/roveyayinevi.com.tr\/index.php\/wp-json\/wp\/v2\/product\/728200","targetHints":{"allow":["GET"]}}],"collection":[{"href":"https:\/\/roveyayinevi.com.tr\/index.php\/wp-json\/wp\/v2\/product"}],"about":[{"href":"https:\/\/roveyayinevi.com.tr\/index.php\/wp-json\/wp\/v2\/types\/product"}],"wp:attachment":[{"href":"https:\/\/roveyayinevi.com.tr\/index.php\/wp-json\/wp\/v2\/media?parent=728200"}],"wp:term":[{"taxonomy":"product_brand","embeddable":true,"href":"https:\/\/roveyayinevi.com.tr\/index.php\/wp-json\/wp\/v2\/product_brand?post=728200"},{"taxonomy":"product_cat","embeddable":true,"href":"https:\/\/roveyayinevi.com.tr\/index.php\/wp-json\/wp\/v2\/product_cat?post=728200"},{"taxonomy":"product_tag","embeddable":true,"href":"https:\/\/roveyayinevi.com.tr\/index.php\/wp-json\/wp\/v2\/product_tag?post=728200"}],"curies":[{"name":"wp","href":"https:\/\/api.w.org\/{rel}","templated":true}]}}