{"id":728199,"date":"2025-08-27T20:35:17","date_gmt":"2025-08-27T17:35:17","guid":{"rendered":"https:\/\/roveyayinevi.com.tr\/index.php\/urun\/visal\/"},"modified":"2026-04-16T02:35:55","modified_gmt":"2026-04-15T23:35:55","slug":"visal","status":"publish","type":"product","link":"https:\/\/roveyayinevi.com.tr\/index.php\/urun\/visal\/","title":{"rendered":"Visal"},"content":{"rendered":"<p>Bili\u015fim \u0130stihbarat Servisi\u2019nin en tehlikeli oyunu ba\u015flamak \u00fczere! S\u0131k\u0131 tutunun ve kemerlerinizi bir kez daha kontrol edin! \u0130stihbarat Ajan\u0131 Jason Mert Soyalp\u2019in hayattan \u00e7ok y\u00fcksek beklentileri yoktu. K\u00f6t\u00fc adamlar\u0131 yakalamak, d\u00fcnya bar\u0131\u015f\u0131 i\u00e7in \u00e7al\u0131\u015fmak ve arkada\u015flar\u0131yla \u00f6l\u00fcm\u00fcne dalga ge\u00e7mek onun i\u00e7in yeterliydi. Bal rengi g\u00f6zl\u00fc, haf\u0131zas\u0131n\u0131 kaybetmi\u015f bir kad\u0131n hayat\u0131na girdi\u011finde olacaklardan habersiz ona yard\u0131m ederken, hi\u00e7 beklemedi\u011fi bir anda her \u015feyi hat\u0131rlayan kad\u0131n\u0131n ger\u00e7ek kimli\u011fi beklentilerini yeniden g\u00f6zden ge\u00e7irmesini gerektirecekti. Aylar sonra haf\u0131zas\u0131n\u0131 yeniden kazanan Azra\u2019n\u0131n yerine getirmesi gereken \u00e7ok \u00f6nemli g\u00f6revleri vard\u0131 ve onlar\u0131 tamamlamak i\u00e7in a\u015famayaca\u011f\u0131 hi\u00e7bir engel yoktu. Tabii o engel bir ars\u0131z bir yavru kedi de\u011filse&#8230; Azra ba\u015fa bela olma kapasitesi yavru bir kediden hallice olan Mert\u2019ten kurtulamayaca\u011f\u0131n\u0131 anlad\u0131\u011f\u0131nda onu da oyuna dahil etmekten ba\u015fka \u00e7aresinin kalmad\u0131\u011f\u0131n\u0131 fark edecekti. Bu a\u015fk onlar i\u00e7in Rus Ruleti iken duygular\u0131yla g\u00f6revleri aras\u0131nda bir se\u00e7im yapmak zorunda kald\u0131klar\u0131nda kararlar\u0131n\u0131n yaln\u0131zca onlar\u0131 etkilemeyece\u011finin de fark\u0131ndalard\u0131. Gizemli poker kartlar\u0131, birbirinden tehlikeli g\u00f6revler ve amans\u0131z bir a\u015fk! Visal, k\u00fcllerinden do\u011fmak m\u0131 yoksa k\u00fcle d\u00f6nmek miydi?   *** Nas\u0131l okuman\u0131z gerekti\u011fini biliyorsunuz, de\u011fil mi? <\/p>\n","protected":false},"excerpt":{"rendered":"<p>Bili\u015fim \u0130stihbarat Servisi\u2019nin en tehlikeli oyunu ba\u015flamak \u00fczere! S\u0131k\u0131 tutunun ve kemerlerinizi bir kez daha kontrol edin! \u0130stihbarat Ajan\u0131 Jason Mert Soyalp\u2019in hayattan \u00e7ok y\u00fcksek beklentileri<span class=\"excerpt-hellip\"> [\u2026]<\/span><\/p>\n","protected":false},"featured_media":0,"template":"","meta":{"_monsterinsights_skip_tracking":false,"_monsterinsights_sitenote_active":false,"_monsterinsights_sitenote_note":"","_monsterinsights_sitenote_category":0},"product_brand":[],"product_cat":[12803,12291],"product_tag":[],"class_list":{"0":"post-728199","1":"product","2":"type-product","3":"status-publish","5":"product_cat-aksiyon-macera","6":"product_cat-edebiyat","7":"pa_cilt-ciltsiz","8":"pa_tur-kitap","9":"pa_yayinevi-muptela-yayinevi","10":"pa_yazar-zeliha-eren","12":"first","13":"instock","14":"sale","15":"shipping-taxable","16":"purchasable","17":"product-type-simple"},"_links":{"self":[{"href":"https:\/\/roveyayinevi.com.tr\/index.php\/wp-json\/wp\/v2\/product\/728199","targetHints":{"allow":["GET"]}}],"collection":[{"href":"https:\/\/roveyayinevi.com.tr\/index.php\/wp-json\/wp\/v2\/product"}],"about":[{"href":"https:\/\/roveyayinevi.com.tr\/index.php\/wp-json\/wp\/v2\/types\/product"}],"wp:attachment":[{"href":"https:\/\/roveyayinevi.com.tr\/index.php\/wp-json\/wp\/v2\/media?parent=728199"}],"wp:term":[{"taxonomy":"product_brand","embeddable":true,"href":"https:\/\/roveyayinevi.com.tr\/index.php\/wp-json\/wp\/v2\/product_brand?post=728199"},{"taxonomy":"product_cat","embeddable":true,"href":"https:\/\/roveyayinevi.com.tr\/index.php\/wp-json\/wp\/v2\/product_cat?post=728199"},{"taxonomy":"product_tag","embeddable":true,"href":"https:\/\/roveyayinevi.com.tr\/index.php\/wp-json\/wp\/v2\/product_tag?post=728199"}],"curies":[{"name":"wp","href":"https:\/\/api.w.org\/{rel}","templated":true}]}}