{"id":728198,"date":"2025-08-27T20:35:16","date_gmt":"2025-08-27T17:35:16","guid":{"rendered":"https:\/\/roveyayinevi.com.tr\/index.php\/urun\/dune-corrino-hanedani\/"},"modified":"2026-04-16T02:35:55","modified_gmt":"2026-04-15T23:35:55","slug":"dune-corrino-hanedani","status":"publish","type":"product","link":"https:\/\/roveyayinevi.com.tr\/index.php\/urun\/dune-corrino-hanedani\/","title":{"rendered":"Dune: Corrino Hanedan\u0131"},"content":{"rendered":"<p>Frank Herbert\u2019\u0131n epik Dune serisinin bir nesil \u00f6ncesini anlatan heyecanl\u0131 \u00fc\u00e7lemenin b\u00fcy\u00fck finali: Dune: Corrino Hanedan\u0131!   Tleilaxl\u0131larla yapt\u0131\u011f\u0131 planlar\u0131n ard\u0131ndan yapay baharata \u201cula\u015ft\u0131\u011f\u0131n\u0131\u201d sanan \u0130mparator Shaddam, melanj \u00fczerindeki mutlak hakimiyetini per\u00e7inlemek i\u00e7in her \u015feyi g\u00f6ze alacakt\u0131. Baharat\u0131n kayna\u011f\u0131 Dune ad\u0131yla bilinen Arrakis gezegenini yok etmeyi bile\u2026Pardot Kynes\u2019\u0131n ani \u00f6l\u00fcm\u00fcnden sonra o\u011flu Liet Kynes ve Fremen dostlar\u0131 Arrakis\u2019i Harkonnenlar i\u00e7in bir cehenneme \u00e7evirmeye kararl\u0131yd\u0131. Liet ise bir yandan gezegenbilimci babas\u0131n\u0131n Dune\u2019u ye\u015fillendirme hayalini yerine getirmek istiyordu. Ama \u00e7\u00f6l\u00fcn s\u00fcrprizleri onlar\u0131 bekliyordu. Jessica, Bene Gesseritlerin Kuisatz Haderah projesi i\u00e7in sahip olmak istedikleri k\u0131z \u00e7ocu\u011fu yerine bir erkek do\u011furmu\u015ftu. Paul. Rahibeler Birli\u011fi, evrene y\u0131k\u0131m ve kaos getirmesinden korktuklar\u0131 bu \u00e7ocu\u011fun ya\u015famas\u0131na izin vermek istemiyordu ama Jessica onu korumak i\u00e7in elinden geleni yapacakt\u0131. D\u00fck Leto Atreides, ezeli d\u00fc\u015fman\u0131 Baron Vladimir Harkonnen\u2019la m\u00fccadeleye tutu\u015fmu\u015ftu. Baron\u2019un y\u0131llar evvel kendisini ortadan kald\u0131rmak i\u00e7in yapt\u0131\u011f\u0131 sinsi plan\u0131 \u00f6\u011frenen Leto kar\u015f\u0131l\u0131\u011f\u0131n\u0131 vermek istiyordu. Ama kendilerinden olduk\u00e7a kuvvetli bir hanedan kar\u015f\u0131s\u0131nda ne kadar \u015fans\u0131 vard\u0131? Dune: Corrino Hanedan\u0131, orijinal serinin ba\u015flang\u0131c\u0131n\u0131n hemen evvelindeki olaylar\u0131 ayr\u0131nt\u0131lar\u0131yla, heyecan dolu bir \u015fekilde anlat\u0131yor. \u201cCorrino Hanedan\u0131\u2018ndaki her olay, efsanevi Dune evreninin in\u015fas\u0131na kocaman bir ta\u015f daha ekliyor.\u201d \u2013Booklist <\/p>\n","protected":false},"excerpt":{"rendered":"<p>Frank Herbert\u2019\u0131n epik Dune serisinin bir nesil \u00f6ncesini anlatan heyecanl\u0131 \u00fc\u00e7lemenin b\u00fcy\u00fck finali: Dune: Corrino Hanedan\u0131! Tleilaxl\u0131larla yapt\u0131\u011f\u0131 planlar\u0131n ard\u0131ndan yapay baharata \u201cula\u015ft\u0131\u011f\u0131n\u0131\u201d sanan \u0130mparator Shaddam,<span class=\"excerpt-hellip\"> [\u2026]<\/span><\/p>\n","protected":false},"featured_media":0,"template":"","meta":{"_monsterinsights_skip_tracking":false,"_monsterinsights_sitenote_active":false,"_monsterinsights_sitenote_note":"","_monsterinsights_sitenote_category":0},"product_brand":[],"product_cat":[12540,12291],"product_tag":[],"class_list":{"0":"post-728198","1":"product","2":"type-product","3":"status-publish","5":"product_cat-bilim-kurgu","6":"product_cat-edebiyat","7":"pa_cilt-ciltsiz","8":"pa_tur-kitap","9":"pa_yayinevi-ithaki-yayinlari","10":"pa_yazar-brian-herbert-kevin-j-anderson","12":"first","13":"instock","14":"sale","15":"shipping-taxable","16":"purchasable","17":"product-type-simple"},"_links":{"self":[{"href":"https:\/\/roveyayinevi.com.tr\/index.php\/wp-json\/wp\/v2\/product\/728198","targetHints":{"allow":["GET"]}}],"collection":[{"href":"https:\/\/roveyayinevi.com.tr\/index.php\/wp-json\/wp\/v2\/product"}],"about":[{"href":"https:\/\/roveyayinevi.com.tr\/index.php\/wp-json\/wp\/v2\/types\/product"}],"wp:attachment":[{"href":"https:\/\/roveyayinevi.com.tr\/index.php\/wp-json\/wp\/v2\/media?parent=728198"}],"wp:term":[{"taxonomy":"product_brand","embeddable":true,"href":"https:\/\/roveyayinevi.com.tr\/index.php\/wp-json\/wp\/v2\/product_brand?post=728198"},{"taxonomy":"product_cat","embeddable":true,"href":"https:\/\/roveyayinevi.com.tr\/index.php\/wp-json\/wp\/v2\/product_cat?post=728198"},{"taxonomy":"product_tag","embeddable":true,"href":"https:\/\/roveyayinevi.com.tr\/index.php\/wp-json\/wp\/v2\/product_tag?post=728198"}],"curies":[{"name":"wp","href":"https:\/\/api.w.org\/{rel}","templated":true}]}}