{"id":728197,"date":"2025-08-27T20:35:15","date_gmt":"2025-08-27T17:35:15","guid":{"rendered":"https:\/\/roveyayinevi.com.tr\/index.php\/urun\/tut-ki-bir-ruya-gordun\/"},"modified":"2026-04-16T02:35:55","modified_gmt":"2026-04-15T23:35:55","slug":"tut-ki-bir-ruya-gordun","status":"publish","type":"product","link":"https:\/\/roveyayinevi.com.tr\/index.php\/urun\/tut-ki-bir-ruya-gordun\/","title":{"rendered":"Tut Ki Bir R\u00fcya G\u00f6rd\u00fcn"},"content":{"rendered":"<p>\u201cBeaumont kendisi i\u00e7in bir oyun oynuyor ama sizi de i\u00e7eri davet ediyor.\u201d \u2013Ray Bradbury Otuz sekiz ya\u015f\u0131nda kanser sebebiyle hayat\u0131n\u0131 kaybeden Charles Beaumont, ismini Alacakaranl\u0131k Ku\u015fa\u011f\u0131 i\u00e7in yazd\u0131\u011f\u0131 senaryolarla duyurmu\u015ftu. Dizinin belki de en pop\u00fcler b\u00f6l\u00fcmlerinin senaryolar\u0131nda, fikirlerinde onun da imzas\u0131 vard\u0131. Ray Bradbury, ona yazd\u0131\u011f\u0131 \u00f6yk\u00fcleri g\u00f6steren gen\u00e7 Beaumont\u2019a \u201cEvet, sen kesinlikle bir yazars\u0131n,\u201d demi\u015fti. Tut ki Bir R\u00fcya G\u00f6rd\u00fcn korku, bilimkurgu, kara polisiye, fantazi gibi bir\u00e7ok t\u00fcrde eserler kaleme alan yazar\u0131n en iyi \u00f6yk\u00fclerinden baz\u0131lar\u0131n\u0131n topland\u0131\u011f\u0131 tuhaf m\u0131 tuhaf bir se\u00e7ki. Charles Beaumont\u2019un hayal g\u00fcc\u00fcyle kurdu\u011fu tekinsizlikler \u00e2leminde t\u00fcm k\u00e2buslar m\u00fcmk\u00fcn. Tut ki Bir R\u00fcya G\u00f6rd\u00fcn\u2019deki \u00f6yk\u00fclerde aslanlar dola\u015f\u0131yor, uzay gemileri ba\u015f\u0131n\u0131z\u0131n \u00fczerinde s\u00fcz\u00fcl\u00fcyor ve sihirbazlar, vampirler, canavarlar, uzayl\u0131lar, robotlar hi\u00e7 beklemedi\u011finiz bi\u00e7imlerde \u00e7\u0131k\u0131yor g\u00f6lgelerin aras\u0131ndan. Ve \u015eeytan bile aralar\u0131nda olabilir. Uzun bir i\u011fne sert ete girdi ve g\u00fczel insanlar masan\u0131n etraf\u0131nda topland\u0131lar. Ray Bradbury\u2019nin \u00f6ns\u00f6z\u00fcyle William Shatner\u2019\u0131n sons\u00f6z\u00fcyle <\/p>\n","protected":false},"excerpt":{"rendered":"<p>\u201cBeaumont kendisi i\u00e7in bir oyun oynuyor ama sizi de i\u00e7eri davet ediyor.\u201d \u2013Ray Bradbury Otuz sekiz ya\u015f\u0131nda kanser sebebiyle hayat\u0131n\u0131 kaybeden Charles Beaumont, ismini Alacakaranl\u0131k Ku\u015fa\u011f\u0131<span class=\"excerpt-hellip\"> [\u2026]<\/span><\/p>\n","protected":false},"featured_media":0,"template":"","meta":{"_monsterinsights_skip_tracking":false,"_monsterinsights_sitenote_active":false,"_monsterinsights_sitenote_note":"","_monsterinsights_sitenote_category":0},"product_brand":[],"product_cat":[12291,17033],"product_tag":[],"class_list":{"0":"post-728197","1":"product","2":"type-product","3":"status-publish","5":"product_cat-edebiyat","6":"product_cat-korku-gerilim","7":"pa_cilt-ciltsiz","8":"pa_tur-kitap","9":"pa_yayinevi-ithaki-yayinlari","10":"pa_yazar-charles-beaumont","12":"first","13":"instock","14":"sale","15":"shipping-taxable","16":"purchasable","17":"product-type-simple"},"_links":{"self":[{"href":"https:\/\/roveyayinevi.com.tr\/index.php\/wp-json\/wp\/v2\/product\/728197","targetHints":{"allow":["GET"]}}],"collection":[{"href":"https:\/\/roveyayinevi.com.tr\/index.php\/wp-json\/wp\/v2\/product"}],"about":[{"href":"https:\/\/roveyayinevi.com.tr\/index.php\/wp-json\/wp\/v2\/types\/product"}],"wp:attachment":[{"href":"https:\/\/roveyayinevi.com.tr\/index.php\/wp-json\/wp\/v2\/media?parent=728197"}],"wp:term":[{"taxonomy":"product_brand","embeddable":true,"href":"https:\/\/roveyayinevi.com.tr\/index.php\/wp-json\/wp\/v2\/product_brand?post=728197"},{"taxonomy":"product_cat","embeddable":true,"href":"https:\/\/roveyayinevi.com.tr\/index.php\/wp-json\/wp\/v2\/product_cat?post=728197"},{"taxonomy":"product_tag","embeddable":true,"href":"https:\/\/roveyayinevi.com.tr\/index.php\/wp-json\/wp\/v2\/product_tag?post=728197"}],"curies":[{"name":"wp","href":"https:\/\/api.w.org\/{rel}","templated":true}]}}