{"id":728196,"date":"2025-08-27T20:35:14","date_gmt":"2025-08-27T17:35:14","guid":{"rendered":"https:\/\/roveyayinevi.com.tr\/index.php\/urun\/dune-rahibeler-meclisi\/"},"modified":"2026-04-16T02:35:55","modified_gmt":"2026-04-15T23:35:55","slug":"dune-rahibeler-meclisi","status":"publish","type":"product","link":"https:\/\/roveyayinevi.com.tr\/index.php\/urun\/dune-rahibeler-meclisi\/","title":{"rendered":"Dune Rahibeler Meclisi"},"content":{"rendered":"<p>\u201cBu kitapla birlikte \u00e7ember tamamlan\u0131yor. Komplolar ve kar\u015f\u0131 komplolar, birbirine sar\u0131lan y\u0131lanlar gibi d\u00fc\u011f\u00fcm oluyor.\u201d \u2013Biran Aldiss \u201cFIRTINALAR FIRTINALARI DO\u011eURUR. H\u0130DDET H\u0130DDET\u0130 DO\u011eURUR. \u0130NT\u0130KAM \u0130NT\u0130KAMI DO\u011eURUR. SAVA\u015e SAVA\u015eI DO\u011eURUR.\u201d Frank Herbert, deneylerden \u00e7ok deneysel yakla\u015f\u0131mlar\u0131n had safhaya ula\u015ft\u0131\u011f\u0131, t\u00fcr i\u00e7erisindeki \u201ciyi edebiyat iyi edebiyatt\u0131r\u201dc\u0131lar\u0131 bir araya getiren yeni dalga bilimkurgu ak\u0131m\u0131n\u0131n en \u00f6nemli temsilcilerinden. T\u00fcr\u00fcn t\u00fcm olanaklar\u0131n\u0131, suyunu \u00e7\u0131karana kadar kulland\u0131\u011f\u0131 Dune serisinin alt\u0131nc\u0131 ve son kitab\u0131 Dune Rahibeler Meclisi, felsefe dozu y\u00fcksek, her bir c\u00fcmlesi ak\u0131lda yer eden, epik serinin \u00fcn\u00fcne yara\u015f\u0131r bir final. Dune ad\u0131yla bilinen Arrakis gezegeni yok edilmi\u015fti. Mader\u015fahi \u00f6rg\u00fct Sayg\u0131n Analar, Eski \u0130mparatorluk\u2019tan geriye kalanlar\u0131 yak\u0131p k\u00fcl ediyordu. Mutlak fetihlerinin \u00f6n\u00fcnde duran tek bir g\u00fc\u00e7 kalm\u0131\u015ft\u0131 geriye: Bene Gesserit. Ba\u015frahibe Ana Darwi Odrade\u2019nin \u00f6nderlik etti\u011fi Bene Gesseritler, ye\u015filliklerle dolu Rahibeler Meclisi gezegeni ad\u0131m ad\u0131m bir \u00e7\u00f6le d\u00f6n\u00fc\u015ft\u00fcr\u00fcyordu. Ama\u00e7lar\u0131, kumsolucanlar\u0131 i\u00e7in ideal bir ortam yaratmak ve evrendeki en \u00f6nemli maddenin \u00fcretimini kontrol etmekti \u2013 melanj\u0131n. Sayg\u0131n Analar ise, \u00f6nlerine \u00e7\u0131kan her gezegeni yok ederek Rahibeler Meclisi\u2019ne yakla\u015f\u0131yordu. Bene Gesserit\u2019ten g\u00fc\u00e7l\u00fc olan, Da\u011f\u0131l\u0131\u015f\u2019tan d\u00f6nen bu ac\u0131mas\u0131z tarikat kar\u015f\u0131s\u0131nda \u00e7aresiz durumdaki Rahibeler Birli\u011fi\u2019nin elinde tek bir silah vard\u0131 art\u0131k. Paul Muad\u2019Dib\u2019e ve Tanr\u0131 \u0130mparator\u2019a hizmet etmi\u015f biri: Duncan Idaho. Dune Rahibeler Meclisi, inanc\u0131n kadere \u00fcst\u00fcn gelme m\u00fccadelesi. <\/p>\n","protected":false},"excerpt":{"rendered":"<p>\u201cBu kitapla birlikte \u00e7ember tamamlan\u0131yor. Komplolar ve kar\u015f\u0131 komplolar, birbirine sar\u0131lan y\u0131lanlar gibi d\u00fc\u011f\u00fcm oluyor.\u201d \u2013Biran Aldiss \u201cFIRTINALAR FIRTINALARI DO\u011eURUR. H\u0130DDET H\u0130DDET\u0130 DO\u011eURUR. \u0130NT\u0130KAM \u0130NT\u0130KAMI DO\u011eURUR.<span class=\"excerpt-hellip\"> [\u2026]<\/span><\/p>\n","protected":false},"featured_media":0,"template":"","meta":{"_monsterinsights_skip_tracking":false,"_monsterinsights_sitenote_active":false,"_monsterinsights_sitenote_note":"","_monsterinsights_sitenote_category":0},"product_brand":[],"product_cat":[12540,12291],"product_tag":[],"class_list":{"0":"post-728196","1":"product","2":"type-product","3":"status-publish","5":"product_cat-bilim-kurgu","6":"product_cat-edebiyat","7":"pa_cilt-ciltsiz","8":"pa_tur-kitap","9":"pa_yayinevi-ithaki-yayinlari","10":"pa_yazar-frank-herbert","12":"first","13":"instock","14":"sale","15":"shipping-taxable","16":"purchasable","17":"product-type-simple"},"_links":{"self":[{"href":"https:\/\/roveyayinevi.com.tr\/index.php\/wp-json\/wp\/v2\/product\/728196","targetHints":{"allow":["GET"]}}],"collection":[{"href":"https:\/\/roveyayinevi.com.tr\/index.php\/wp-json\/wp\/v2\/product"}],"about":[{"href":"https:\/\/roveyayinevi.com.tr\/index.php\/wp-json\/wp\/v2\/types\/product"}],"wp:attachment":[{"href":"https:\/\/roveyayinevi.com.tr\/index.php\/wp-json\/wp\/v2\/media?parent=728196"}],"wp:term":[{"taxonomy":"product_brand","embeddable":true,"href":"https:\/\/roveyayinevi.com.tr\/index.php\/wp-json\/wp\/v2\/product_brand?post=728196"},{"taxonomy":"product_cat","embeddable":true,"href":"https:\/\/roveyayinevi.com.tr\/index.php\/wp-json\/wp\/v2\/product_cat?post=728196"},{"taxonomy":"product_tag","embeddable":true,"href":"https:\/\/roveyayinevi.com.tr\/index.php\/wp-json\/wp\/v2\/product_tag?post=728196"}],"curies":[{"name":"wp","href":"https:\/\/api.w.org\/{rel}","templated":true}]}}