{"id":728194,"date":"2025-08-27T20:35:11","date_gmt":"2025-08-27T17:35:11","guid":{"rendered":"https:\/\/roveyayinevi.com.tr\/index.php\/urun\/alp-ile-elifin-fantastik-maceralari-einstein-ve-harezmi\/"},"modified":"2026-04-16T02:35:55","modified_gmt":"2026-04-15T23:35:55","slug":"alp-ile-elifin-fantastik-maceralari-einstein-ve-harezmi","status":"publish","type":"product","link":"https:\/\/roveyayinevi.com.tr\/index.php\/urun\/alp-ile-elifin-fantastik-maceralari-einstein-ve-harezmi\/","title":{"rendered":"Alp \u0130le Elif\u2019in Fantastik Maceralar\u0131 Einstein ve Harezmi"},"content":{"rendered":"<p>Tarihin efsane karakterleri bu e\u011flenceli ve heyecanl\u0131 seride bulu\u015fuyor. Usta tarihi romanc\u0131 ve akademisyen Beyaz\u0131t Akman \u00e7ocuklar i\u00e7in yazd\u0131. Zamanda macera dolu bir yolculu\u011fa daha haz\u0131r m\u0131s\u0131n\u0131z? S\u0131radan bir okul g\u00fcn\u00fc Alp matematik dersinde tamamen s\u0131ra d\u0131\u015f\u0131 bir \u015feye \u015fahit olmak \u00fczeredir. \u00d6\u011fretmeni ve arkada\u015flar\u0131 toplama \u00e7\u0131karmay\u0131 ve di\u011fer t\u00fcm matematik i\u015flemlerini unutur! Elif, Alp\u2019i okulun k\u00fct\u00fcphanesindeki gizemli bir boyutlar aras\u0131 kap\u0131dan ge\u00e7irir ve olanlar olur. Alp\u2019in kar\u015f\u0131s\u0131nda konu\u015fan bir Pi say\u0131s\u0131 durmaktad\u0131r! Tarihteki \u00f6nemli bilim olaylar\u0131n\u0131 silen Rakam\u00e7alan\u2019\u0131n hedefinde bu sefer Matematik var! Yok olan sadece karma\u015f\u0131k matematik hesaplamalar\u0131 de\u011fil; bilgisayarlar, e-tabletler ve elektronik her \u015fey! Alp ile Elif Harezmi\u2019yi bulmak ve matemati\u011fi geri getirmek zorundalar. Rehberleri de fizik dehas\u0131 Einstein! Alp ile Elif \u2019in fantastik maceras\u0131na siz de kat\u0131l\u0131n ve bilimin gizemli d\u00fcnyas\u0131n\u0131 ke\u015ffedin. Efsane Karakterler, y\u0131llar s\u00fcren bir \u00e7al\u0131\u015fman\u0131n ard\u0131ndan tarih, bilim ve edebiyat serisi olarak haz\u0131rland\u0131. <\/p>\n","protected":false},"excerpt":{"rendered":"<p>Tarihin efsane karakterleri bu e\u011flenceli ve heyecanl\u0131 seride bulu\u015fuyor. Usta tarihi romanc\u0131 ve akademisyen Beyaz\u0131t Akman \u00e7ocuklar i\u00e7in yazd\u0131. Zamanda macera dolu bir yolculu\u011fa daha haz\u0131r<span class=\"excerpt-hellip\"> [\u2026]<\/span><\/p>\n","protected":false},"featured_media":0,"template":"","meta":{"_monsterinsights_skip_tracking":false,"_monsterinsights_sitenote_active":false,"_monsterinsights_sitenote_note":"","_monsterinsights_sitenote_category":0},"product_brand":[],"product_cat":[12275,12274],"product_tag":[],"class_list":{"0":"post-728194","1":"product","2":"type-product","3":"status-publish","5":"product_cat-6-12-yas-kitaplari","6":"product_cat-cocuk-ve-genclik-kitaplari","7":"pa_cilt-ciltsiz","8":"pa_tur-kitap","9":"pa_yayinevi-epsilon-yayinlari","10":"pa_yazar-beyazit-akman","12":"first","13":"instock","14":"sale","15":"shipping-taxable","16":"purchasable","17":"product-type-simple"},"_links":{"self":[{"href":"https:\/\/roveyayinevi.com.tr\/index.php\/wp-json\/wp\/v2\/product\/728194","targetHints":{"allow":["GET"]}}],"collection":[{"href":"https:\/\/roveyayinevi.com.tr\/index.php\/wp-json\/wp\/v2\/product"}],"about":[{"href":"https:\/\/roveyayinevi.com.tr\/index.php\/wp-json\/wp\/v2\/types\/product"}],"wp:attachment":[{"href":"https:\/\/roveyayinevi.com.tr\/index.php\/wp-json\/wp\/v2\/media?parent=728194"}],"wp:term":[{"taxonomy":"product_brand","embeddable":true,"href":"https:\/\/roveyayinevi.com.tr\/index.php\/wp-json\/wp\/v2\/product_brand?post=728194"},{"taxonomy":"product_cat","embeddable":true,"href":"https:\/\/roveyayinevi.com.tr\/index.php\/wp-json\/wp\/v2\/product_cat?post=728194"},{"taxonomy":"product_tag","embeddable":true,"href":"https:\/\/roveyayinevi.com.tr\/index.php\/wp-json\/wp\/v2\/product_tag?post=728194"}],"curies":[{"name":"wp","href":"https:\/\/api.w.org\/{rel}","templated":true}]}}